{"id":1073,"date":"2024-05-20T21:55:30","date_gmt":"2024-05-20T21:55:30","guid":{"rendered":"http:\/\/kgv-sellerhausen.de\/?page_id=1073"},"modified":"2024-07-16T10:53:37","modified_gmt":"2024-07-16T10:53:37","slug":"vereinsgaststaette","status":"publish","type":"page","link":"https:\/\/kgv-sellerhausen.de\/?page_id=1073","title":{"rendered":"Vereinsgastst\u00e4tte"},"content":{"rendered":"\n<div class=\"wp-block-media-text is-stacked-on-mobile\" style=\"grid-template-columns:37% auto\"><figure class=\"wp-block-media-text__media\"><img fetchpriority=\"high\" decoding=\"async\" width=\"301\" height=\"422\" src=\"https:\/\/kgv-sellerhausen.de\/wp-content\/uploads\/2024\/06\/Petra-Krone.jpg\" alt class=\"wp-image-1589 size-full\" srcset=\"https:\/\/kgv-sellerhausen.de\/wp-content\/uploads\/2024\/06\/Petra-Krone.jpg 301w, https:\/\/kgv-sellerhausen.de\/wp-content\/uploads\/2024\/06\/Petra-Krone-214x300.jpg 214w\" sizes=\"(max-width: 301px) 100vw, 301px\"><\/figure><div class=\"wp-block-media-text__content\">\n<p><strong>Vere\u00adins\u00adgast\u00adst\u00e4tte \u201cSel\u00adli\u201d <\/strong>- <strong>Das Garten\u00adlokal im Gr\u00fc\u00adnen<\/strong><\/p>\n\n\n\n<p><strong>Inhab\u00aderin Petra Kro\u00adne<\/strong><\/p>\n\n\n\n<p><strong>Liselotte-Her\u00adrmann-Stra\u00dfe 1<\/strong><\/p>\n\n\n\n<p>(ehe\u00admals Bern\u00adhard\u00adstra\u00dfe 67)<\/p>\n\n\n\n<p><strong>04315 Leipzig<\/strong><\/p>\n\n\n\n<p>Tel.: 0341 \u2014 699 33 37<\/p>\n\n\n\n<hr class=\"wp-block-separator has-alpha-channel-opacity\">\n\n\n\n<p><span style=\"text-decoration: underline;\"><strong>\u00d6ff\u00adnungszeit\u00aden:<\/strong> <\/span><\/p>\n\n\n\n<p>Mon\u00adtag &amp; Dien\u00adstag \u2014 <mark style=\"background-color:rgba(0, 0, 0, 0)\" class=\"has-inline-color has-primary-color\">Ruhetag<\/mark><\/p>\n\n\n\n<p>Mittwoch &amp; Don\u00adner\u00adstag 17.00 Uhr \u2014 22.00 Uhr<\/p>\n\n\n\n<p>Fre\u00aditag &amp; Sam\u00adstag 17.00 Uhr \u2014 23.00 Uhr<\/p>\n\n\n\n<p>Son\u00adntag 11.00 Uhr \u2014 14.00 Uhr<\/p>\n<\/div><\/div>\n\n\n\n<p>Liebe G\u00e4ste, <\/p>\n\n\n<p align=\"justify\">her\u00adzlich willkom\u00admen in der Vere\u00adins\u00adgast\u00adst\u00e4tte \u201cSel\u00adli\u201d im sch\u00f6\u00adnen KGV Leipzig-Sell\u00ader\u00adhausen e.V. \u2014 das Garten\u00adlokal im Gr\u00fc\u00adnen. Bei uns erwartet Sie eine gut\u00adb\u00fcrg\u00ader\u00adliche K\u00fcche. Unsere Vere\u00adins\u00adgast\u00adst\u00e4tte mit gem\u00fctlichem Freisitz (ca. 60 Pl\u00e4tze) bietet f\u00fcr Feier\u00adlichkeit\u00aden aller Art bis ca. 40 Per\u00adso\u00adn\u00aden Platz. Gern berat\u00aden wir Sie ganz indi\u00advidu\u00adell in allen Belan\u00adgen, die mit der Vor\u00adbere\u00aditung und Organ\u00adi\u00adsa\u00adtion Ihrer Feier ver\u00adbun\u00adden sind.<\/p>\n<p align=\"justify\">Vergessen Sie Ihren All\u00adt\u00adag und lassen Sie sich von uns ver\u00adw\u00f6h\u00adnen.<\/p>\n\n\n<p><strong>Keine Karten\u00adzahlung m\u00f6glich!<\/strong><\/p>\n\n\n\n<p>Ab zu unser\u00ader Speisen- und Getr\u00e4nkekarte \u2026 (\u00c4nderun\u00adgen bleiben vor\u00adbe\u00adhal\u00adten):<\/p>\n\n\n\n<figure class=\"wp-block-image size-large is-resized\"><a href=\"https:\/\/drive.google.com\/file\/d\/1Z1wyo7yqufbLDe53itA1sxK2Qj-Pn8Ti\/view\"><img decoding=\"async\" width=\"724\" height=\"1024\" src=\"https:\/\/kgv-sellerhausen.de\/wp-content\/uploads\/2024\/06\/Speisekarte-Selli0001-724x1024.jpg\" alt class=\"wp-image-1615\" style=\"width:132px;height:auto\" srcset=\"https:\/\/kgv-sellerhausen.de\/wp-content\/uploads\/2024\/06\/Speisekarte-Selli0001-724x1024.jpg 724w, https:\/\/kgv-sellerhausen.de\/wp-content\/uploads\/2024\/06\/Speisekarte-Selli0001-212x300.jpg 212w, https:\/\/kgv-sellerhausen.de\/wp-content\/uploads\/2024\/06\/Speisekarte-Selli0001-768x1086.jpg 768w, https:\/\/kgv-sellerhausen.de\/wp-content\/uploads\/2024\/06\/Speisekarte-Selli0001-1087x1536.jpg 1087w, https:\/\/kgv-sellerhausen.de\/wp-content\/uploads\/2024\/06\/Speisekarte-Selli0001-1449x2048.jpg 1449w, https:\/\/kgv-sellerhausen.de\/wp-content\/uploads\/2024\/06\/Speisekarte-Selli0001.jpg 1654w\" sizes=\"(max-width: 724px) 100vw, 724px\"><\/a><\/figure>\n\n\n\n<p>Wir w\u00fcr\u00adden uns freuen, Sie und Ihre Fam\u00adi\u00adlie bald bei uns begr\u00fc\u00dfen zu d\u00fcr\u00adfen. <\/p>\n\n\n\n<p>Ihre Petra Kro\u00adne<\/p>\n","protected":false},"excerpt":{"rendered":"<p>Liebe G\u00e4ste, her\u00adzlich willkom\u00admen in der Vere\u00adins\u00adgast\u00adst\u00e4tte \u201cSel\u00adli\u201d im sch\u00f6\u00adnen KGV Leipzig-Sel\u00adl\u00ad\u00ader\u00adhausen e.V. \u2014 das Garten\u00adlokal im Gr\u00fc\u00adnen. Bei uns erwartet Sie eine gut\u00adb\u00fcrg\u00ader\u00adliche K\u00fcche. Unsere Vere\u00adins\u00adgast\u00adst\u00e4tte mit gem\u00fctlichem Freisitz (ca. 60 Pl\u00e4tze) bietet f\u00fcr Feier\u00adlichkeit\u00aden aller Art bis ca. 40 Per\u00adso\u00adn\u00aden Platz. Gern berat\u00aden wir Sie ganz indi\u00advidu\u00adell in allen Belan\u00adgen, die mit der Vor\u00adbere\u00aditung und Organ\u00adi\u00adsa\u00adtion Ihrer Feier<\/p>\n","protected":false},"author":1,"featured_media":0,"parent":0,"menu_order":0,"comment_status":"closed","ping_status":"closed","template":"","meta":{"wp_typography_post_enhancements_disabled":false,"ngg_post_thumbnail":0,"footnotes":""},"class_list":["post-1073","page","type-page","status-publish","hentry"],"yoast_head":"<!-- This site is optimized with the Yoast SEO plugin v27.4 - https:\/\/yoast.com\/product\/yoast-seo-wordpress\/ -->\n<title>Vereinsgastst\u00e4tte - Kleingartenverein Leipzig-Sellerhausen e.V. - Verbundenheit seit 1896<\/title>\n<meta name=\"description\" content=\"Beitrag \u00fcber unsere Vereinsgastst\u00e4tte &quot;Selli&quot; Inhaberin Petra Krone im Kleingartenverein Leipzig-Sellerhausen e.V.\" \/>\n<meta name=\"robots\" content=\"index, follow, max-snippet:-1, max-image-preview:large, max-video-preview:-1\" \/>\n<link rel=\"canonical\" href=\"https:\/\/kgv-sellerhausen.de\/?page_id=1073\" \/>\n<meta property=\"og:locale\" content=\"de_DE\" \/>\n<meta property=\"og:type\" content=\"article\" \/>\n<meta property=\"og:title\" content=\"Vereinsgastst\u00e4tte - Kleingartenverein Leipzig-Sellerhausen e.V. - Verbundenheit seit 1896\" \/>\n<meta property=\"og:description\" content=\"Beitrag \u00fcber unsere Vereinsgastst\u00e4tte &quot;Selli&quot; Inhaberin Petra Krone im Kleingartenverein Leipzig-Sellerhausen e.V.\" \/>\n<meta property=\"og:url\" content=\"https:\/\/kgv-sellerhausen.de\/?page_id=1073\" \/>\n<meta property=\"og:site_name\" content=\"Kleingartenverein Leipzig-Sellerhausen e.V. - Verbundenheit seit 1896\" \/>\n<meta property=\"article:publisher\" content=\"https:\/\/facebook.com\/yoast\" \/>\n<meta property=\"article:modified_time\" content=\"2024-07-16T10:53:37+00:00\" \/>\n<meta property=\"og:image\" content=\"https:\/\/kgv-sellerhausen.de\/wp-content\/uploads\/2024\/06\/Petra-Krone.jpg\" \/>\n<meta name=\"twitter:card\" content=\"summary_large_image\" \/>\n<meta name=\"twitter:label1\" content=\"Gesch\u00e4tzte Lesezeit\" \/>\n\t<meta name=\"twitter:data1\" content=\"2\u00a0Minuten\" \/>\n<script type=\"application\/ld+json\" class=\"yoast-schema-graph\">{\"@context\":\"https:\\\/\\\/schema.org\",\"@graph\":[{\"@type\":\"WebPage\",\"@id\":\"https:\\\/\\\/kgv-sellerhausen.de\\\/?page_id=1073\",\"url\":\"https:\\\/\\\/kgv-sellerhausen.de\\\/?page_id=1073\",\"name\":\"Vereinsgastst\u00e4tte - Kleingartenverein Leipzig-Sellerhausen e.V. - Verbundenheit seit 1896\",\"isPartOf\":{\"@id\":\"https:\\\/\\\/kgv-sellerhausen.de\\\/#website\"},\"primaryImageOfPage\":{\"@id\":\"https:\\\/\\\/kgv-sellerhausen.de\\\/?page_id=1073#primaryimage\"},\"image\":{\"@id\":\"https:\\\/\\\/kgv-sellerhausen.de\\\/?page_id=1073#primaryimage\"},\"thumbnailUrl\":\"https:\\\/\\\/kgv-sellerhausen.de\\\/wp-content\\\/uploads\\\/2024\\\/06\\\/Petra-Krone.jpg\",\"datePublished\":\"2024-05-20T21:55:30+00:00\",\"dateModified\":\"2024-07-16T10:53:37+00:00\",\"description\":\"Beitrag \u00fcber unsere Vereinsgastst\u00e4tte \\\"Selli\\\" Inhaberin Petra Krone im Kleingartenverein Leipzig-Sellerhausen e.V.\",\"breadcrumb\":{\"@id\":\"https:\\\/\\\/kgv-sellerhausen.de\\\/?page_id=1073#breadcrumb\"},\"inLanguage\":\"de\",\"potentialAction\":[{\"@type\":\"ReadAction\",\"target\":[\"https:\\\/\\\/kgv-sellerhausen.de\\\/?page_id=1073\"]}]},{\"@type\":\"ImageObject\",\"inLanguage\":\"de\",\"@id\":\"https:\\\/\\\/kgv-sellerhausen.de\\\/?page_id=1073#primaryimage\",\"url\":\"https:\\\/\\\/kgv-sellerhausen.de\\\/wp-content\\\/uploads\\\/2024\\\/06\\\/Petra-Krone.jpg\",\"contentUrl\":\"https:\\\/\\\/kgv-sellerhausen.de\\\/wp-content\\\/uploads\\\/2024\\\/06\\\/Petra-Krone.jpg\",\"width\":301,\"height\":422},{\"@type\":\"BreadcrumbList\",\"@id\":\"https:\\\/\\\/kgv-sellerhausen.de\\\/?page_id=1073#breadcrumb\",\"itemListElement\":[{\"@type\":\"ListItem\",\"position\":1,\"name\":\"Startseite\",\"item\":\"https:\\\/\\\/kgv-sellerhausen.de\\\/\"},{\"@type\":\"ListItem\",\"position\":2,\"name\":\"Vereinsgastst\u00e4tte\"}]},{\"@type\":\"WebSite\",\"@id\":\"https:\\\/\\\/kgv-sellerhausen.de\\\/#website\",\"url\":\"https:\\\/\\\/kgv-sellerhausen.de\\\/\",\"name\":\"Kleingartenverein Leipzig-Sellerhausen e.V. - Verbundenheit seit 1896\",\"description\":\"Wilkommen auf der Homepage des Kleingartenvereins Leipzig-Sellerhausen e.V.\",\"publisher\":{\"@id\":\"https:\\\/\\\/kgv-sellerhausen.de\\\/#organization\"},\"potentialAction\":[{\"@type\":\"SearchAction\",\"target\":{\"@type\":\"EntryPoint\",\"urlTemplate\":\"https:\\\/\\\/kgv-sellerhausen.de\\\/?s={search_term_string}\"},\"query-input\":{\"@type\":\"PropertyValueSpecification\",\"valueRequired\":true,\"valueName\":\"search_term_string\"}}],\"inLanguage\":\"de\"},{\"@type\":\"Organization\",\"@id\":\"https:\\\/\\\/kgv-sellerhausen.de\\\/#organization\",\"name\":\"Kleingartenverein Leipzig-Sellerhausen e.V.\",\"url\":\"https:\\\/\\\/kgv-sellerhausen.de\\\/\",\"logo\":{\"@type\":\"ImageObject\",\"inLanguage\":\"de\",\"@id\":\"https:\\\/\\\/kgv-sellerhausen.de\\\/#\\\/schema\\\/logo\\\/image\\\/\",\"url\":\"https:\\\/\\\/kgv-sellerhausen.de\\\/wp-content\\\/uploads\\\/2024\\\/05\\\/Leipzig-Sellerhausen-orrn7waee5jolxaot3h4nm08huu6cgwh2w5vb4fxio-7.jpg\",\"contentUrl\":\"https:\\\/\\\/kgv-sellerhausen.de\\\/wp-content\\\/uploads\\\/2024\\\/05\\\/Leipzig-Sellerhausen-orrn7waee5jolxaot3h4nm08huu6cgwh2w5vb4fxio-7.jpg\",\"width\":1024,\"height\":600,\"caption\":\"Kleingartenverein Leipzig-Sellerhausen e.V.\"},\"image\":{\"@id\":\"https:\\\/\\\/kgv-sellerhausen.de\\\/#\\\/schema\\\/logo\\\/image\\\/\"},\"sameAs\":[\"https:\\\/\\\/facebook.com\\\/yoast\"]}]}<\/script>\n<!-- \/ Yoast SEO plugin. -->","yoast_head_json":{"title":"Vereinsgastst\u00e4tte - Kleingartenverein Leipzig-Sellerhausen e.V. - Verbundenheit seit 1896","description":"Beitrag \u00fcber unsere Vereinsgastst\u00e4tte \"Selli\" Inhaberin Petra Krone im Kleingartenverein Leipzig-Sellerhausen e.V.","robots":{"index":"index","follow":"follow","max-snippet":"max-snippet:-1","max-image-preview":"max-image-preview:large","max-video-preview":"max-video-preview:-1"},"canonical":"https:\/\/kgv-sellerhausen.de\/?page_id=1073","og_locale":"de_DE","og_type":"article","og_title":"Vereinsgastst\u00e4tte - Kleingartenverein Leipzig-Sellerhausen e.V. - Verbundenheit seit 1896","og_description":"Beitrag \u00fcber unsere Vereinsgastst\u00e4tte \"Selli\" Inhaberin Petra Krone im Kleingartenverein Leipzig-Sellerhausen e.V.","og_url":"https:\/\/kgv-sellerhausen.de\/?page_id=1073","og_site_name":"Kleingartenverein Leipzig-Sellerhausen e.V. - Verbundenheit seit 1896","article_publisher":"https:\/\/facebook.com\/yoast","article_modified_time":"2024-07-16T10:53:37+00:00","og_image":[{"url":"https:\/\/kgv-sellerhausen.de\/wp-content\/uploads\/2024\/06\/Petra-Krone.jpg","type":"","width":"","height":""}],"twitter_card":"summary_large_image","twitter_misc":{"Gesch\u00e4tzte Lesezeit":"2\u00a0Minuten"},"schema":{"@context":"https:\/\/schema.org","@graph":[{"@type":"WebPage","@id":"https:\/\/kgv-sellerhausen.de\/?page_id=1073","url":"https:\/\/kgv-sellerhausen.de\/?page_id=1073","name":"Vereinsgastst\u00e4tte - Kleingartenverein Leipzig-Sellerhausen e.V. - Verbundenheit seit 1896","isPartOf":{"@id":"https:\/\/kgv-sellerhausen.de\/#website"},"primaryImageOfPage":{"@id":"https:\/\/kgv-sellerhausen.de\/?page_id=1073#primaryimage"},"image":{"@id":"https:\/\/kgv-sellerhausen.de\/?page_id=1073#primaryimage"},"thumbnailUrl":"https:\/\/kgv-sellerhausen.de\/wp-content\/uploads\/2024\/06\/Petra-Krone.jpg","datePublished":"2024-05-20T21:55:30+00:00","dateModified":"2024-07-16T10:53:37+00:00","description":"Beitrag \u00fcber unsere Vereinsgastst\u00e4tte \"Selli\" Inhaberin Petra Krone im Kleingartenverein Leipzig-Sellerhausen e.V.","breadcrumb":{"@id":"https:\/\/kgv-sellerhausen.de\/?page_id=1073#breadcrumb"},"inLanguage":"de","potentialAction":[{"@type":"ReadAction","target":["https:\/\/kgv-sellerhausen.de\/?page_id=1073"]}]},{"@type":"ImageObject","inLanguage":"de","@id":"https:\/\/kgv-sellerhausen.de\/?page_id=1073#primaryimage","url":"https:\/\/kgv-sellerhausen.de\/wp-content\/uploads\/2024\/06\/Petra-Krone.jpg","contentUrl":"https:\/\/kgv-sellerhausen.de\/wp-content\/uploads\/2024\/06\/Petra-Krone.jpg","width":301,"height":422},{"@type":"BreadcrumbList","@id":"https:\/\/kgv-sellerhausen.de\/?page_id=1073#breadcrumb","itemListElement":[{"@type":"ListItem","position":1,"name":"Startseite","item":"https:\/\/kgv-sellerhausen.de\/"},{"@type":"ListItem","position":2,"name":"Vereinsgastst\u00e4tte"}]},{"@type":"WebSite","@id":"https:\/\/kgv-sellerhausen.de\/#website","url":"https:\/\/kgv-sellerhausen.de\/","name":"Kleingartenverein Leipzig-Sellerhausen e.V. - Verbundenheit seit 1896","description":"Wilkommen auf der Homepage des Kleingartenvereins Leipzig-Sellerhausen e.V.","publisher":{"@id":"https:\/\/kgv-sellerhausen.de\/#organization"},"potentialAction":[{"@type":"SearchAction","target":{"@type":"EntryPoint","urlTemplate":"https:\/\/kgv-sellerhausen.de\/?s={search_term_string}"},"query-input":{"@type":"PropertyValueSpecification","valueRequired":true,"valueName":"search_term_string"}}],"inLanguage":"de"},{"@type":"Organization","@id":"https:\/\/kgv-sellerhausen.de\/#organization","name":"Kleingartenverein Leipzig-Sellerhausen e.V.","url":"https:\/\/kgv-sellerhausen.de\/","logo":{"@type":"ImageObject","inLanguage":"de","@id":"https:\/\/kgv-sellerhausen.de\/#\/schema\/logo\/image\/","url":"https:\/\/kgv-sellerhausen.de\/wp-content\/uploads\/2024\/05\/Leipzig-Sellerhausen-orrn7waee5jolxaot3h4nm08huu6cgwh2w5vb4fxio-7.jpg","contentUrl":"https:\/\/kgv-sellerhausen.de\/wp-content\/uploads\/2024\/05\/Leipzig-Sellerhausen-orrn7waee5jolxaot3h4nm08huu6cgwh2w5vb4fxio-7.jpg","width":1024,"height":600,"caption":"Kleingartenverein Leipzig-Sellerhausen e.V."},"image":{"@id":"https:\/\/kgv-sellerhausen.de\/#\/schema\/logo\/image\/"},"sameAs":["https:\/\/facebook.com\/yoast"]}]}},"_links":{"self":[{"href":"https:\/\/kgv-sellerhausen.de\/index.php?rest_route=\/wp\/v2\/pages\/1073","targetHints":{"allow":["GET"]}}],"collection":[{"href":"https:\/\/kgv-sellerhausen.de\/index.php?rest_route=\/wp\/v2\/pages"}],"about":[{"href":"https:\/\/kgv-sellerhausen.de\/index.php?rest_route=\/wp\/v2\/types\/page"}],"author":[{"embeddable":true,"href":"https:\/\/kgv-sellerhausen.de\/index.php?rest_route=\/wp\/v2\/users\/1"}],"replies":[{"embeddable":true,"href":"https:\/\/kgv-sellerhausen.de\/index.php?rest_route=%2Fwp%2Fv2%2Fcomments&post=1073"}],"version-history":[{"count":19,"href":"https:\/\/kgv-sellerhausen.de\/index.php?rest_route=\/wp\/v2\/pages\/1073\/revisions"}],"predecessor-version":[{"id":1674,"href":"https:\/\/kgv-sellerhausen.de\/index.php?rest_route=\/wp\/v2\/pages\/1073\/revisions\/1674"}],"wp:attachment":[{"href":"https:\/\/kgv-sellerhausen.de\/index.php?rest_route=%2Fwp%2Fv2%2Fmedia&parent=1073"}],"curies":[{"name":"wp","href":"https:\/\/api.w.org\/{rel}","templated":true}]}}