{"id":1146,"date":"2024-05-22T17:52:29","date_gmt":"2024-05-22T17:52:29","guid":{"rendered":"http:\/\/kgv-sellerhausen.de\/?page_id=1146"},"modified":"2024-06-17T18:29:04","modified_gmt":"2024-06-17T18:29:04","slug":"januar","status":"publish","type":"page","link":"https:\/\/kgv-sellerhausen.de\/?page_id=1146","title":{"rendered":"Januar"},"content":{"rendered":"\n<h2 class=\"wp-block-heading\">Gartenarbeiten im Januar<\/h2>\n\n\n\n<p>Willkom\u00admen im neuen Garten\u00adjahr. Auch wenn wir uns in der dun\u00adklen Jahreszeit befind\u00aden, soll\u00adten wir unseren Garten nicht sich selb\u00adst \u00fcber\u00adlassen. Je nach Wit\u00adterung k\u00f6n\u00adnen einige Arbeit\u00aden im Garten durchge\u00adf\u00fchrt wer\u00adden:&nbsp;<\/p>\n\n\n\n<h3 class=\"wp-block-heading\">Gem\u00fcsebeet<\/h3>\n\n\n\n<ul class=\"wp-block-list\">\n<li>Erar\u00adbeit\u00adet zun\u00e4chst einen Beet\u00adplan, beachtet hier\u00adbei die Frucht\u00adfolge sowie die Vertr\u00e4glichkeit der Pflanzenach\u00adbarn.<\/li>\n\n\n\n<li>Die Keim\u00adf\u00e4higkeit von Samen nimmt \u00fcber die Jahre lei\u00adder ab, ver\u00adschafft Euch deshalb einen \u00dcberblick \u00fcber das Alter der vorhan\u00adde\u00adnen Samen und bestellt ggf. fr\u00fchzeit\u00adig nach. (Per\u00ads\u00f6n\u00adlich werfe ich \u00e4ltere Samen nicht weg, son\u00addern ver\u00admis\u00adche diesen in ein\u00ader kleinen Dose mit all den anderen abge\u00adlaufe\u00adnen Saatgut (Samen\u00adbombe). Zu gegeben\u00ader Zeit streue ich dann das gemis\u00adchte Saatgut auf eine kleine Stelle in meinem Garten und erfreue mich der beson\u00adderen Vielfalt, die sich doch noch entsch\u00adieden hat, nach all den Jahren zu keimen und zu wach\u00adsen.<\/li>\n\n\n\n<li>Erste&nbsp;<strong>Aus\u00adsaat\u00aden<\/strong>&nbsp;im Haus. Da wir uns im Jan\u00adu\u00adar ja noch in der dun\u00adklen Jahreszeit befind\u00aden, m\u00fcsst ihr darauf acht\u00aden, dass eure frischen Keim\u00adlinge aus\u00adre\u00adichend Licht bekom\u00admen \u2013 andern\u00adfalls \u201cgeilen\u201d die Triebe nur nach oben und es entwick\u00adeln sich nicht die gew\u00fcn\u00adscht\u00aden Pfl\u00e4nzchen, die ihr sp\u00e4ter auspflanzen k\u00f6n\u00adnt. Das Licht auf der Fen\u00adster\u00adbank ist hier kaum aus\u00adre\u00adichend und ihr soll\u00adtet zus\u00e4t\u00adzlich beleucht\u00aden.<\/li>\n<\/ul>\n\n\n\n<h3 class=\"wp-block-heading\">Beeren und Obst<\/h3>\n\n\n\n<ul class=\"wp-block-list\">\n<li>Wenn im Jan\u00adu\u00adar die Tage frost\u00adfrei sind, soll\u00adtest du die&nbsp;<strong>Wein\u00adreben schnei\u00adden<\/strong>&nbsp;(Win\u00adter\u00adschnitt): Vertrock\u00adnete Zweige und Seiten\u00adzweige, die d\u00fcn\u00adner als 1 cm sind, schnei\u00addet man kom\u00adplett zur\u00fcck, da sie keine Fr\u00fcchte tra\u00adgen. Dies f\u00f6rdert die Durch\u00adl\u00fcf\u00adtung des Wein\u00adstocks und beugt Pilz\u00adin\u00adfek\u00adtio\u00adnen vor. Triebe, die min\u00addestens 1 cm dick sind, schnei\u00addet man auf zwei Augen zur\u00fcck.<\/li>\n\n\n\n<li>Auch die&nbsp;<strong>Beeren\u00adstr\u00e4uch\u00ader<\/strong>&nbsp;(Johan\u00adnes\u00adbeere, Stachel\u00adbeere, Him\u00adbeere, usw.) soll\u00adten nun gepflegt wer\u00adden. Ent\u00adfer\u00adnt dazu alle alten \u201cknorki\u00adgen\u201d Triebe.<\/li>\n\n\n\n<li>Wenn ihr&nbsp;<strong>Steck\u00adlinge<\/strong>&nbsp;von&nbsp;<strong>Johannes- oder Stachel\u00adbeere<\/strong>&nbsp;ziehen wollt, so w\u00e4re jet\u00adzt ein guter Zeit\u00adpunkt. Die Steck\u00adlinge wurzeln hier\u00adbei im Haus im Wasser\u00adglas.<\/li>\n\n\n\n<li>Im Jan\u00adu\u00adar k\u00f6n\u00adnt ihr an frost\u00adfreien Tagen eure&nbsp;<strong>B\u00e4ume aus\u00adlicht\u00aden<\/strong>&nbsp;und von abgestor\u00adbe\u00adnen \u00c4sten befreien. Der Jan\u00adu\u00adar eignet sich super f\u00fcr&nbsp;<strong>Erziehungs- und Instand\u00adhal\u00adtungss\u00adchnit\u00adten<\/strong>&nbsp;\u2013 achtet aber auch darauf, die Schnit\u00adtwun\u00adden zu ver\u00adschlie\u00dfen. <\/li>\n\n\n\n<li>Soll\u00adten noch so genan\u00adnte&nbsp;<strong>Frucht\u00admu\u00admien<\/strong>&nbsp;(vertrock\u00adnete Reste von nicht abge\u00adfal\u00adl\u00aden\u00adem Obst) an den B\u00e4u\u00admen h\u00e4n\u00adgen, so w\u00e4re es Rat\u00adsam, diese zu&nbsp;<strong>ent\u00adfer\u00adnen<\/strong>. Diese abgestor\u00adbe\u00adnen \u00dcber\u00adreste soll\u00adten ent\u00adfer\u00adnt wer\u00adden, da in ihnen der Erreger der Monil\u00adia-Krankheit \u00fcber\u00adwin\u00adtern kann. Sobald es im Fr\u00fch\u00adjahr w\u00e4rmer wird, befall\u00aden die Monil\u00adia-Pilze die gesun\u00adden, frisch wach\u00adsenden Fr\u00fcchte. Das kannst du ver\u00admei\u00adden in dem du die Frucht\u00admu\u00admien am Besten in der Bio Tonne entsorgst.<\/li>\n<\/ul>\n\n\n\n<h3 class=\"wp-block-heading\">Blumen, Stauden, Zierstr\u00e4ucher<\/h3>\n\n\n\n<ul class=\"wp-block-list\">\n<li>Den Jan\u00adu\u00adar k\u00f6n\u00adnt ihr super daf\u00fcr nutzen die&nbsp;<strong>Pla\u00adnung<\/strong>&nbsp;eur\u00ader&nbsp;<strong>Blu\u00admen- und Stau\u00adden\u00adbeete<\/strong>&nbsp;vorzunehmen.<\/li>\n\n\n\n<li>Soll\u00adtet ihr&nbsp;<strong>Benonien\u2011, Glad\u00adi\u00adolen- oder Dahlien\u00adknollen<\/strong>&nbsp;im Keller lagern, so k\u00f6n\u00adnt ihr diese im Jan\u00adu\u00adar mal \u00fcber\u00adpr\u00fcfen und alte Wurzel\u00adreste sowie \u00fcber\u00adfl\u00fcs\u00adsige Erde ent\u00adfer\u00adnen. Bei Glad\u00adi\u00adolen tren\u00adnt ihr die Ersatz\u00adknolle von der alten ver\u00adbraucht\u00aden Knolle.<\/li>\n\n\n\n<li>Bl\u00fchende&nbsp;<strong>Str\u00e4uch\u00ader<\/strong>, die Anfang des Jahres nicht bl\u00fchen, k\u00f6n\u00adnt ihr&nbsp;<strong>ausholzen<\/strong>. Wenn die Str\u00e4uch\u00ader zu dicht gewach\u00adsen sind, k\u00f6n\u00adnt ihr sie aus\u00adgraben und&nbsp;<strong>umset\u00adzen<\/strong>.<\/li>\n<\/ul>\n\n\n\n<h3 class=\"wp-block-heading\">Was sonst noch im Januar anf\u00e4llt<\/h3>\n\n\n\n<ul class=\"wp-block-list\">\n<li>Sofern ihr es noch nicht gemacht habt, k\u00f6n\u00adnt ihr euren&nbsp;<strong>Kom\u00adpost umset\u00adzen<\/strong>. Erneuert bei Bedarf alte und kaputte Kom\u00adpost\u00adlager.<\/li>\n<\/ul>\n\n\n\n<p><\/p>\n\n\n\n<figure class=\"wp-block-image size-full is-resized\"><img fetchpriority=\"high\" decoding=\"async\" width=\"512\" height=\"512\" src=\"https:\/\/kgv-sellerhausen.de\/wp-content\/uploads\/2024\/05\/cropped-Margeritten-1.jpg\" alt=\"KGV Leipzig-Sellerhausen e.V. im Januar - Margeritte\" class=\"wp-image-386\" style=\"width:886px;height:auto\" srcset=\"https:\/\/kgv-sellerhausen.de\/wp-content\/uploads\/2024\/05\/cropped-Margeritten-1.jpg 512w, https:\/\/kgv-sellerhausen.de\/wp-content\/uploads\/2024\/05\/cropped-Margeritten-1-300x300.jpg 300w, https:\/\/kgv-sellerhausen.de\/wp-content\/uploads\/2024\/05\/cropped-Margeritten-1-150x150.jpg 150w, https:\/\/kgv-sellerhausen.de\/wp-content\/uploads\/2024\/05\/cropped-Margeritten-1-90x90.jpg 90w, https:\/\/kgv-sellerhausen.de\/wp-content\/uploads\/2024\/05\/cropped-Margeritten-1-75x75.jpg 75w, https:\/\/kgv-sellerhausen.de\/wp-content\/uploads\/2024\/05\/cropped-Margeritten-1-270x270.jpg 270w, https:\/\/kgv-sellerhausen.de\/wp-content\/uploads\/2024\/05\/cropped-Margeritten-1-192x192.jpg 192w, https:\/\/kgv-sellerhausen.de\/wp-content\/uploads\/2024\/05\/cropped-Margeritten-1-180x180.jpg 180w, https:\/\/kgv-sellerhausen.de\/wp-content\/uploads\/2024\/05\/cropped-Margeritten-1-32x32.jpg 32w\" sizes=\"(max-width: 512px) 100vw, 512px\"><figcaption class=\"wp-element-caption\">KGV Leipzig-Sell\u00ader\u00adhausen e.V. im Jan\u00adu\u00adar \u2014 Margeritte<\/figcaption><\/figure>\n","protected":false},"excerpt":{"rendered":"<p>Garte\u00adnar\u00adbeit\u00aden im Jan\u00adu\u00adar Willkom\u00admen im neuen Garten\u00adjahr. Auch wenn wir uns in der dun\u00adklen Jahreszeit befind\u00aden, soll\u00adten wir unseren Garten nicht sich selb\u00adst \u00fcber\u00adlassen. Je nach Wit\u00adterung k\u00f6n\u00adnen einige Arbeit\u00aden im Garten durchge\u00adf\u00fchrt wer\u00adden:&nbsp; Gem\u00fcse\u00adbeet Beeren und Obst Blu\u00admen, Stau\u00adden, Zier\u00adstr\u00e4uch\u00ader Was son\u00adst noch im Jan\u00adu\u00adar anf\u00e4llt<\/p>\n","protected":false},"author":1,"featured_media":0,"parent":0,"menu_order":0,"comment_status":"closed","ping_status":"closed","template":"","meta":{"wp_typography_post_enhancements_disabled":false,"ngg_post_thumbnail":0,"footnotes":""},"class_list":["post-1146","page","type-page","status-publish","hentry"],"yoast_head":"<!-- This site is optimized with the Yoast SEO plugin v27.4 - https:\/\/yoast.com\/product\/yoast-seo-wordpress\/ -->\n<title>Januar - Kleingartenverein Leipzig-Sellerhausen e.V. - Verbundenheit seit 1896<\/title>\n<meta name=\"description\" content=\"Auf nachstehender Seite findet ihr die zu erledigenden Gartenarbeiten im Kleingartenverein Leipzig-Sellerhausen e.V. im Monat Januar\" \/>\n<meta name=\"robots\" content=\"index, follow, max-snippet:-1, max-image-preview:large, max-video-preview:-1\" \/>\n<link rel=\"canonical\" href=\"https:\/\/kgv-sellerhausen.de\/?page_id=1146\" \/>\n<meta property=\"og:locale\" content=\"de_DE\" \/>\n<meta property=\"og:type\" content=\"article\" \/>\n<meta property=\"og:title\" content=\"Januar - Kleingartenverein Leipzig-Sellerhausen e.V. - Verbundenheit seit 1896\" \/>\n<meta property=\"og:description\" content=\"Auf nachstehender Seite findet ihr die zu erledigenden Gartenarbeiten im Kleingartenverein Leipzig-Sellerhausen e.V. im Monat Januar\" \/>\n<meta property=\"og:url\" content=\"https:\/\/kgv-sellerhausen.de\/?page_id=1146\" \/>\n<meta property=\"og:site_name\" content=\"Kleingartenverein Leipzig-Sellerhausen e.V. - Verbundenheit seit 1896\" \/>\n<meta property=\"article:publisher\" content=\"https:\/\/facebook.com\/yoast\" \/>\n<meta property=\"article:modified_time\" content=\"2024-06-17T18:29:04+00:00\" \/>\n<meta property=\"og:image\" content=\"https:\/\/kgv-sellerhausen.de\/wp-content\/uploads\/2024\/05\/cropped-Margeritten-1.jpg\" \/>\n<meta name=\"twitter:card\" content=\"summary_large_image\" \/>\n<meta name=\"twitter:label1\" content=\"Gesch\u00e4tzte Lesezeit\" \/>\n\t<meta name=\"twitter:data1\" content=\"3\u00a0Minuten\" \/>\n<script type=\"application\/ld+json\" class=\"yoast-schema-graph\">{\"@context\":\"https:\\\/\\\/schema.org\",\"@graph\":[{\"@type\":\"WebPage\",\"@id\":\"https:\\\/\\\/kgv-sellerhausen.de\\\/?page_id=1146\",\"url\":\"https:\\\/\\\/kgv-sellerhausen.de\\\/?page_id=1146\",\"name\":\"Januar - Kleingartenverein Leipzig-Sellerhausen e.V. - Verbundenheit seit 1896\",\"isPartOf\":{\"@id\":\"https:\\\/\\\/kgv-sellerhausen.de\\\/#website\"},\"primaryImageOfPage\":{\"@id\":\"https:\\\/\\\/kgv-sellerhausen.de\\\/?page_id=1146#primaryimage\"},\"image\":{\"@id\":\"https:\\\/\\\/kgv-sellerhausen.de\\\/?page_id=1146#primaryimage\"},\"thumbnailUrl\":\"https:\\\/\\\/kgv-sellerhausen.de\\\/wp-content\\\/uploads\\\/2024\\\/05\\\/cropped-Margeritten-1.jpg\",\"datePublished\":\"2024-05-22T17:52:29+00:00\",\"dateModified\":\"2024-06-17T18:29:04+00:00\",\"description\":\"Auf nachstehender Seite findet ihr die zu erledigenden Gartenarbeiten im Kleingartenverein Leipzig-Sellerhausen e.V. im Monat Januar\",\"breadcrumb\":{\"@id\":\"https:\\\/\\\/kgv-sellerhausen.de\\\/?page_id=1146#breadcrumb\"},\"inLanguage\":\"de\",\"potentialAction\":[{\"@type\":\"ReadAction\",\"target\":[\"https:\\\/\\\/kgv-sellerhausen.de\\\/?page_id=1146\"]}]},{\"@type\":\"ImageObject\",\"inLanguage\":\"de\",\"@id\":\"https:\\\/\\\/kgv-sellerhausen.de\\\/?page_id=1146#primaryimage\",\"url\":\"https:\\\/\\\/kgv-sellerhausen.de\\\/wp-content\\\/uploads\\\/2024\\\/05\\\/cropped-Margeritten-1.jpg\",\"contentUrl\":\"https:\\\/\\\/kgv-sellerhausen.de\\\/wp-content\\\/uploads\\\/2024\\\/05\\\/cropped-Margeritten-1.jpg\",\"width\":512,\"height\":512,\"caption\":\"KGV Leipzig-Sellerhausen e.V. im Januar - Margeritte\"},{\"@type\":\"BreadcrumbList\",\"@id\":\"https:\\\/\\\/kgv-sellerhausen.de\\\/?page_id=1146#breadcrumb\",\"itemListElement\":[{\"@type\":\"ListItem\",\"position\":1,\"name\":\"Startseite\",\"item\":\"https:\\\/\\\/kgv-sellerhausen.de\\\/\"},{\"@type\":\"ListItem\",\"position\":2,\"name\":\"Januar\"}]},{\"@type\":\"WebSite\",\"@id\":\"https:\\\/\\\/kgv-sellerhausen.de\\\/#website\",\"url\":\"https:\\\/\\\/kgv-sellerhausen.de\\\/\",\"name\":\"Kleingartenverein Leipzig-Sellerhausen e.V. - Verbundenheit seit 1896\",\"description\":\"Wilkommen auf der Homepage des Kleingartenvereins Leipzig-Sellerhausen e.V.\",\"publisher\":{\"@id\":\"https:\\\/\\\/kgv-sellerhausen.de\\\/#organization\"},\"potentialAction\":[{\"@type\":\"SearchAction\",\"target\":{\"@type\":\"EntryPoint\",\"urlTemplate\":\"https:\\\/\\\/kgv-sellerhausen.de\\\/?s={search_term_string}\"},\"query-input\":{\"@type\":\"PropertyValueSpecification\",\"valueRequired\":true,\"valueName\":\"search_term_string\"}}],\"inLanguage\":\"de\"},{\"@type\":\"Organization\",\"@id\":\"https:\\\/\\\/kgv-sellerhausen.de\\\/#organization\",\"name\":\"Kleingartenverein Leipzig-Sellerhausen e.V.\",\"url\":\"https:\\\/\\\/kgv-sellerhausen.de\\\/\",\"logo\":{\"@type\":\"ImageObject\",\"inLanguage\":\"de\",\"@id\":\"https:\\\/\\\/kgv-sellerhausen.de\\\/#\\\/schema\\\/logo\\\/image\\\/\",\"url\":\"https:\\\/\\\/kgv-sellerhausen.de\\\/wp-content\\\/uploads\\\/2024\\\/05\\\/Leipzig-Sellerhausen-orrn7waee5jolxaot3h4nm08huu6cgwh2w5vb4fxio-7.jpg\",\"contentUrl\":\"https:\\\/\\\/kgv-sellerhausen.de\\\/wp-content\\\/uploads\\\/2024\\\/05\\\/Leipzig-Sellerhausen-orrn7waee5jolxaot3h4nm08huu6cgwh2w5vb4fxio-7.jpg\",\"width\":1024,\"height\":600,\"caption\":\"Kleingartenverein Leipzig-Sellerhausen e.V.\"},\"image\":{\"@id\":\"https:\\\/\\\/kgv-sellerhausen.de\\\/#\\\/schema\\\/logo\\\/image\\\/\"},\"sameAs\":[\"https:\\\/\\\/facebook.com\\\/yoast\"]}]}<\/script>\n<!-- \/ Yoast SEO plugin. -->","yoast_head_json":{"title":"Januar - Kleingartenverein Leipzig-Sellerhausen e.V. - Verbundenheit seit 1896","description":"Auf nachstehender Seite findet ihr die zu erledigenden Gartenarbeiten im Kleingartenverein Leipzig-Sellerhausen e.V. im Monat Januar","robots":{"index":"index","follow":"follow","max-snippet":"max-snippet:-1","max-image-preview":"max-image-preview:large","max-video-preview":"max-video-preview:-1"},"canonical":"https:\/\/kgv-sellerhausen.de\/?page_id=1146","og_locale":"de_DE","og_type":"article","og_title":"Januar - Kleingartenverein Leipzig-Sellerhausen e.V. - Verbundenheit seit 1896","og_description":"Auf nachstehender Seite findet ihr die zu erledigenden Gartenarbeiten im Kleingartenverein Leipzig-Sellerhausen e.V. im Monat Januar","og_url":"https:\/\/kgv-sellerhausen.de\/?page_id=1146","og_site_name":"Kleingartenverein Leipzig-Sellerhausen e.V. - Verbundenheit seit 1896","article_publisher":"https:\/\/facebook.com\/yoast","article_modified_time":"2024-06-17T18:29:04+00:00","og_image":[{"url":"https:\/\/kgv-sellerhausen.de\/wp-content\/uploads\/2024\/05\/cropped-Margeritten-1.jpg","type":"","width":"","height":""}],"twitter_card":"summary_large_image","twitter_misc":{"Gesch\u00e4tzte Lesezeit":"3\u00a0Minuten"},"schema":{"@context":"https:\/\/schema.org","@graph":[{"@type":"WebPage","@id":"https:\/\/kgv-sellerhausen.de\/?page_id=1146","url":"https:\/\/kgv-sellerhausen.de\/?page_id=1146","name":"Januar - Kleingartenverein Leipzig-Sellerhausen e.V. - Verbundenheit seit 1896","isPartOf":{"@id":"https:\/\/kgv-sellerhausen.de\/#website"},"primaryImageOfPage":{"@id":"https:\/\/kgv-sellerhausen.de\/?page_id=1146#primaryimage"},"image":{"@id":"https:\/\/kgv-sellerhausen.de\/?page_id=1146#primaryimage"},"thumbnailUrl":"https:\/\/kgv-sellerhausen.de\/wp-content\/uploads\/2024\/05\/cropped-Margeritten-1.jpg","datePublished":"2024-05-22T17:52:29+00:00","dateModified":"2024-06-17T18:29:04+00:00","description":"Auf nachstehender Seite findet ihr die zu erledigenden Gartenarbeiten im Kleingartenverein Leipzig-Sellerhausen e.V. im Monat Januar","breadcrumb":{"@id":"https:\/\/kgv-sellerhausen.de\/?page_id=1146#breadcrumb"},"inLanguage":"de","potentialAction":[{"@type":"ReadAction","target":["https:\/\/kgv-sellerhausen.de\/?page_id=1146"]}]},{"@type":"ImageObject","inLanguage":"de","@id":"https:\/\/kgv-sellerhausen.de\/?page_id=1146#primaryimage","url":"https:\/\/kgv-sellerhausen.de\/wp-content\/uploads\/2024\/05\/cropped-Margeritten-1.jpg","contentUrl":"https:\/\/kgv-sellerhausen.de\/wp-content\/uploads\/2024\/05\/cropped-Margeritten-1.jpg","width":512,"height":512,"caption":"KGV Leipzig-Sellerhausen e.V. im Januar - Margeritte"},{"@type":"BreadcrumbList","@id":"https:\/\/kgv-sellerhausen.de\/?page_id=1146#breadcrumb","itemListElement":[{"@type":"ListItem","position":1,"name":"Startseite","item":"https:\/\/kgv-sellerhausen.de\/"},{"@type":"ListItem","position":2,"name":"Januar"}]},{"@type":"WebSite","@id":"https:\/\/kgv-sellerhausen.de\/#website","url":"https:\/\/kgv-sellerhausen.de\/","name":"Kleingartenverein Leipzig-Sellerhausen e.V. - Verbundenheit seit 1896","description":"Wilkommen auf der Homepage des Kleingartenvereins Leipzig-Sellerhausen e.V.","publisher":{"@id":"https:\/\/kgv-sellerhausen.de\/#organization"},"potentialAction":[{"@type":"SearchAction","target":{"@type":"EntryPoint","urlTemplate":"https:\/\/kgv-sellerhausen.de\/?s={search_term_string}"},"query-input":{"@type":"PropertyValueSpecification","valueRequired":true,"valueName":"search_term_string"}}],"inLanguage":"de"},{"@type":"Organization","@id":"https:\/\/kgv-sellerhausen.de\/#organization","name":"Kleingartenverein Leipzig-Sellerhausen e.V.","url":"https:\/\/kgv-sellerhausen.de\/","logo":{"@type":"ImageObject","inLanguage":"de","@id":"https:\/\/kgv-sellerhausen.de\/#\/schema\/logo\/image\/","url":"https:\/\/kgv-sellerhausen.de\/wp-content\/uploads\/2024\/05\/Leipzig-Sellerhausen-orrn7waee5jolxaot3h4nm08huu6cgwh2w5vb4fxio-7.jpg","contentUrl":"https:\/\/kgv-sellerhausen.de\/wp-content\/uploads\/2024\/05\/Leipzig-Sellerhausen-orrn7waee5jolxaot3h4nm08huu6cgwh2w5vb4fxio-7.jpg","width":1024,"height":600,"caption":"Kleingartenverein Leipzig-Sellerhausen e.V."},"image":{"@id":"https:\/\/kgv-sellerhausen.de\/#\/schema\/logo\/image\/"},"sameAs":["https:\/\/facebook.com\/yoast"]}]}},"_links":{"self":[{"href":"https:\/\/kgv-sellerhausen.de\/index.php?rest_route=\/wp\/v2\/pages\/1146","targetHints":{"allow":["GET"]}}],"collection":[{"href":"https:\/\/kgv-sellerhausen.de\/index.php?rest_route=\/wp\/v2\/pages"}],"about":[{"href":"https:\/\/kgv-sellerhausen.de\/index.php?rest_route=\/wp\/v2\/types\/page"}],"author":[{"embeddable":true,"href":"https:\/\/kgv-sellerhausen.de\/index.php?rest_route=\/wp\/v2\/users\/1"}],"replies":[{"embeddable":true,"href":"https:\/\/kgv-sellerhausen.de\/index.php?rest_route=%2Fwp%2Fv2%2Fcomments&post=1146"}],"version-history":[{"count":10,"href":"https:\/\/kgv-sellerhausen.de\/index.php?rest_route=\/wp\/v2\/pages\/1146\/revisions"}],"predecessor-version":[{"id":1576,"href":"https:\/\/kgv-sellerhausen.de\/index.php?rest_route=\/wp\/v2\/pages\/1146\/revisions\/1576"}],"wp:attachment":[{"href":"https:\/\/kgv-sellerhausen.de\/index.php?rest_route=%2Fwp%2Fv2%2Fmedia&parent=1146"}],"curies":[{"name":"wp","href":"https:\/\/api.w.org\/{rel}","templated":true}]}}