{"id":1148,"date":"2024-05-22T17:52:43","date_gmt":"2024-05-22T17:52:43","guid":{"rendered":"http:\/\/kgv-sellerhausen.de\/?page_id=1148"},"modified":"2024-06-17T18:28:21","modified_gmt":"2024-06-17T18:28:21","slug":"februar","status":"publish","type":"page","link":"https:\/\/kgv-sellerhausen.de\/?page_id=1148","title":{"rendered":"Februar"},"content":{"rendered":"\n<h2 class=\"wp-block-heading\">Gartenarbeiten im Februar<\/h2>\n\n\n<p align=\"justify\">Damit das Garten\u00adjahr erfol\u00adgre\u00adich starten kann, soll\u00adtest du den Feb\u00adru\u00adar nutzen. Auch wenn der Frost den Garten noch fest im Griff hat, gibt es einiges zu tun. Welche Garte\u00adnar\u00adbeit\u00aden fall\u00aden im Feb\u00adru\u00adar an?<\/p>\n\n\n<h3 class=\"wp-block-heading\">Gem\u00fcsebeet<\/h3>\n\n\n\n<ul class=\"wp-block-list\">\n<li>Im Feb\u00adru\u00adar soll\u00adtest du weit\u00adere&nbsp;<strong>Aus\u00adsaat\u00aden<\/strong>&nbsp;im Haus vornehmen. Auch der Feb\u00adru\u00adar bietet noch unzure\u00adichend Licht f\u00fcr die empfind\u00adliche Saat. Ihr m\u00fcsst darauf acht\u00aden, dass eure frischen Keim\u00adlinge aus\u00adre\u00adichend Licht bekom\u00admen \u2013 andern\u00adfalls \u201cgeilen\u201d die Triebe nur nach oben und es entwick\u00adeln sich nicht die gew\u00fcn\u00adscht\u00aden Pfl\u00e4nzchen, die ihr sp\u00e4ter auspflanzen k\u00f6n\u00adnt. Das Licht auf der Fen\u00adster\u00adbank ist hier kaum aus\u00adre\u00adichend und ihr soll\u00adtet zus\u00e4t\u00adzlich beleucht\u00aden. <\/li>\n\n\n\n<li>Im Fr\u00fch\u00adbeet oder Gew\u00e4chshaus k\u00f6n\u00adnt ihr bere\u00adits Salat auss\u00e4hen.<\/li>\n\n\n\n<li>Wenn ihr Fr\u00fchkartof\u00adfeln pflanzen wollt, k\u00f6n\u00adnt ihr diese bere\u00adits im Keller oder an einem k\u00fch\u00adlem Ort vorkeimen.<\/li>\n<\/ul>\n\n\n\n<h3 class=\"wp-block-heading\">Beeren und Obst<\/h3>\n\n\n\n<ul class=\"wp-block-list\">\n<li>Alle Arbeit\u00aden aus dem Jan\u00adu\u00adar k\u00f6n\u00adnt ihr im Feb\u00adru\u00adar noch nach\u00adholen.<\/li>\n\n\n\n<li>Beachtet, dass bis Anfang M\u00e4rz alle Baumpflege\u00adma\u00df\u00adnah\u00admen abgeschlossen sein soll\u00adten. Schnittma\u00df\u00adnah\u00admen find\u00aden aber nur an frost\u00adfreien Tagen statt.<\/li>\n\n\n\n<li>Auch im M\u00e4rz k\u00f6n\u00adnt ihr noch Obst\u00adb\u00e4ume und \u2011str\u00e4uch\u00ader pflanzen.<\/li>\n\n\n\n<li>Win\u00adter\u00adschnitt des Weines.<\/li>\n<\/ul>\n\n\n\n<h3 class=\"wp-block-heading\">Blumen, Stauden, Zierstr\u00e4ucher<\/h3>\n\n\n\n<ul class=\"wp-block-list\">\n<li>Erste Som\u00admerblu\u00admen wer\u00adden aus\u00adges\u00e4t.<\/li>\n\n\n\n<li>Wenn ihr Bego\u00adnien \u00fcber\u00adwin\u00adtert haben, wer\u00adden die Knollen im Feb\u00adru\u00adar vorgekeimt.<\/li>\n<\/ul>\n\n\n\n<h3 class=\"wp-block-heading\">Was sonst noch im Februar anf\u00e4llt<\/h3>\n\n\n\n<ul class=\"wp-block-list\">\n<li>Gew\u00e4chshaus und Fr\u00fch\u00adbeete vor\u00adbere\u00adit\u00aden<\/li>\n\n\n\n<li>Ende Feb\u00adru\u00adar Beete mit Kalk und Stick\u00adstoff ver\u00adsor\u00adgen. Pos\u00adi\u00adtiv\u00ader Neben\u00adef\u00adfekt: dieser D\u00fcnger reinigt den Boden von Sch\u00e4dlin\u00adgen, Sch\u00adneck\u00aden, Pilzen und Unkr\u00e4utern.<\/li>\n<\/ul>\n\n\n\n<figure class=\"wp-block-image size-large\"><img fetchpriority=\"high\" decoding=\"async\" width=\"1024\" height=\"1024\" src=\"https:\/\/kgv-sellerhausen.de\/wp-content\/uploads\/2024\/05\/Kornblume02-1024x1024.jpg\" alt=\"KGV Leipzig-Sellerhausen e.V. im Februar - Kornblume\" class=\"wp-image-1195\" srcset=\"https:\/\/kgv-sellerhausen.de\/wp-content\/uploads\/2024\/05\/Kornblume02-1024x1024.jpg 1024w, https:\/\/kgv-sellerhausen.de\/wp-content\/uploads\/2024\/05\/Kornblume02-300x300.jpg 300w, https:\/\/kgv-sellerhausen.de\/wp-content\/uploads\/2024\/05\/Kornblume02-150x150.jpg 150w, https:\/\/kgv-sellerhausen.de\/wp-content\/uploads\/2024\/05\/Kornblume02-768x768.jpg 768w, https:\/\/kgv-sellerhausen.de\/wp-content\/uploads\/2024\/05\/Kornblume02-90x90.jpg 90w, https:\/\/kgv-sellerhausen.de\/wp-content\/uploads\/2024\/05\/Kornblume02-75x75.jpg 75w, https:\/\/kgv-sellerhausen.de\/wp-content\/uploads\/2024\/05\/Kornblume02.jpg 1200w\" sizes=\"(max-width: 1024px) 100vw, 1024px\"><figcaption class=\"wp-element-caption\">KGV Leipzig-Sell\u00ader\u00adhausen e.V. im Feb\u00adru\u00adar \u2014 Korn\u00adblume<\/figcaption><\/figure>\n","protected":false},"excerpt":{"rendered":"<p>Garte\u00adnar\u00adbeit\u00aden im Feb\u00adru\u00adar Damit das Garten\u00adjahr erfol\u00adgre\u00adich starten kann, soll\u00adtest du den Feb\u00adru\u00adar nutzen. Auch wenn der Frost den Garten noch fest im Griff hat, gibt es einiges zu tun. Welche Garte\u00adnar\u00adbeit\u00aden fall\u00aden im Feb\u00adru\u00adar an? Gem\u00fcse\u00adbeet Beeren und Obst Blu\u00admen, Stau\u00adden, Zier\u00adstr\u00e4uch\u00ader Was son\u00adst noch im Feb\u00adru\u00adar anf\u00e4llt<\/p>\n","protected":false},"author":1,"featured_media":0,"parent":0,"menu_order":0,"comment_status":"closed","ping_status":"closed","template":"","meta":{"wp_typography_post_enhancements_disabled":false,"ngg_post_thumbnail":0,"footnotes":""},"class_list":["post-1148","page","type-page","status-publish","hentry"],"yoast_head":"<!-- This site is optimized with the Yoast SEO plugin v27.5 - https:\/\/yoast.com\/product\/yoast-seo-wordpress\/ -->\n<title>Februar - Kleingartenverein Leipzig-Sellerhausen e.V. - Verbundenheit seit 1896<\/title>\n<meta name=\"description\" content=\"Auf nachstehender Seite findet ihr die zu erledigenden Gartenarbeiten im Kleingartenverein Leipzig-Sellerhausen e.V. im Monat Februar\" \/>\n<meta name=\"robots\" content=\"index, follow, max-snippet:-1, max-image-preview:large, max-video-preview:-1\" \/>\n<link rel=\"canonical\" href=\"https:\/\/kgv-sellerhausen.de\/?page_id=1148\" \/>\n<meta property=\"og:locale\" content=\"de_DE\" \/>\n<meta property=\"og:type\" content=\"article\" \/>\n<meta property=\"og:title\" content=\"Februar - Kleingartenverein Leipzig-Sellerhausen e.V. - Verbundenheit seit 1896\" \/>\n<meta property=\"og:description\" content=\"Auf nachstehender Seite findet ihr die zu erledigenden Gartenarbeiten im Kleingartenverein Leipzig-Sellerhausen e.V. im Monat Februar\" \/>\n<meta property=\"og:url\" content=\"https:\/\/kgv-sellerhausen.de\/?page_id=1148\" \/>\n<meta property=\"og:site_name\" content=\"Kleingartenverein Leipzig-Sellerhausen e.V. - Verbundenheit seit 1896\" \/>\n<meta property=\"article:publisher\" content=\"https:\/\/facebook.com\/yoast\" \/>\n<meta property=\"article:modified_time\" content=\"2024-06-17T18:28:21+00:00\" \/>\n<meta property=\"og:image\" content=\"https:\/\/kgv-sellerhausen.de\/wp-content\/uploads\/2024\/05\/Kornblume02-1024x1024.jpg\" \/>\n<meta name=\"twitter:card\" content=\"summary_large_image\" \/>\n<meta name=\"twitter:label1\" content=\"Gesch\u00e4tzte Lesezeit\" \/>\n\t<meta name=\"twitter:data1\" content=\"2\u00a0Minuten\" \/>\n<script type=\"application\/ld+json\" class=\"yoast-schema-graph\">{\"@context\":\"https:\\\/\\\/schema.org\",\"@graph\":[{\"@type\":\"WebPage\",\"@id\":\"https:\\\/\\\/kgv-sellerhausen.de\\\/?page_id=1148\",\"url\":\"https:\\\/\\\/kgv-sellerhausen.de\\\/?page_id=1148\",\"name\":\"Februar - Kleingartenverein Leipzig-Sellerhausen e.V. - Verbundenheit seit 1896\",\"isPartOf\":{\"@id\":\"https:\\\/\\\/kgv-sellerhausen.de\\\/#website\"},\"primaryImageOfPage\":{\"@id\":\"https:\\\/\\\/kgv-sellerhausen.de\\\/?page_id=1148#primaryimage\"},\"image\":{\"@id\":\"https:\\\/\\\/kgv-sellerhausen.de\\\/?page_id=1148#primaryimage\"},\"thumbnailUrl\":\"https:\\\/\\\/kgv-sellerhausen.de\\\/wp-content\\\/uploads\\\/2024\\\/05\\\/Kornblume02-1024x1024.jpg\",\"datePublished\":\"2024-05-22T17:52:43+00:00\",\"dateModified\":\"2024-06-17T18:28:21+00:00\",\"description\":\"Auf nachstehender Seite findet ihr die zu erledigenden Gartenarbeiten im Kleingartenverein Leipzig-Sellerhausen e.V. im Monat Februar\",\"breadcrumb\":{\"@id\":\"https:\\\/\\\/kgv-sellerhausen.de\\\/?page_id=1148#breadcrumb\"},\"inLanguage\":\"de\",\"potentialAction\":[{\"@type\":\"ReadAction\",\"target\":[\"https:\\\/\\\/kgv-sellerhausen.de\\\/?page_id=1148\"]}]},{\"@type\":\"ImageObject\",\"inLanguage\":\"de\",\"@id\":\"https:\\\/\\\/kgv-sellerhausen.de\\\/?page_id=1148#primaryimage\",\"url\":\"https:\\\/\\\/kgv-sellerhausen.de\\\/wp-content\\\/uploads\\\/2024\\\/05\\\/Kornblume02.jpg\",\"contentUrl\":\"https:\\\/\\\/kgv-sellerhausen.de\\\/wp-content\\\/uploads\\\/2024\\\/05\\\/Kornblume02.jpg\",\"width\":1200,\"height\":1200,\"caption\":\"KGV Leipzig-Sellerhausen e.V. im Februar - Kornblume\"},{\"@type\":\"BreadcrumbList\",\"@id\":\"https:\\\/\\\/kgv-sellerhausen.de\\\/?page_id=1148#breadcrumb\",\"itemListElement\":[{\"@type\":\"ListItem\",\"position\":1,\"name\":\"Startseite\",\"item\":\"https:\\\/\\\/kgv-sellerhausen.de\\\/\"},{\"@type\":\"ListItem\",\"position\":2,\"name\":\"Februar\"}]},{\"@type\":\"WebSite\",\"@id\":\"https:\\\/\\\/kgv-sellerhausen.de\\\/#website\",\"url\":\"https:\\\/\\\/kgv-sellerhausen.de\\\/\",\"name\":\"Kleingartenverein Leipzig-Sellerhausen e.V. - Verbundenheit seit 1896\",\"description\":\"Wilkommen auf der Homepage des Kleingartenvereins Leipzig-Sellerhausen e.V.\",\"publisher\":{\"@id\":\"https:\\\/\\\/kgv-sellerhausen.de\\\/#organization\"},\"potentialAction\":[{\"@type\":\"SearchAction\",\"target\":{\"@type\":\"EntryPoint\",\"urlTemplate\":\"https:\\\/\\\/kgv-sellerhausen.de\\\/?s={search_term_string}\"},\"query-input\":{\"@type\":\"PropertyValueSpecification\",\"valueRequired\":true,\"valueName\":\"search_term_string\"}}],\"inLanguage\":\"de\"},{\"@type\":\"Organization\",\"@id\":\"https:\\\/\\\/kgv-sellerhausen.de\\\/#organization\",\"name\":\"Kleingartenverein Leipzig-Sellerhausen e.V.\",\"url\":\"https:\\\/\\\/kgv-sellerhausen.de\\\/\",\"logo\":{\"@type\":\"ImageObject\",\"inLanguage\":\"de\",\"@id\":\"https:\\\/\\\/kgv-sellerhausen.de\\\/#\\\/schema\\\/logo\\\/image\\\/\",\"url\":\"https:\\\/\\\/kgv-sellerhausen.de\\\/wp-content\\\/uploads\\\/2024\\\/05\\\/Leipzig-Sellerhausen-orrn7waee5jolxaot3h4nm08huu6cgwh2w5vb4fxio-7.jpg\",\"contentUrl\":\"https:\\\/\\\/kgv-sellerhausen.de\\\/wp-content\\\/uploads\\\/2024\\\/05\\\/Leipzig-Sellerhausen-orrn7waee5jolxaot3h4nm08huu6cgwh2w5vb4fxio-7.jpg\",\"width\":1024,\"height\":600,\"caption\":\"Kleingartenverein Leipzig-Sellerhausen e.V.\"},\"image\":{\"@id\":\"https:\\\/\\\/kgv-sellerhausen.de\\\/#\\\/schema\\\/logo\\\/image\\\/\"},\"sameAs\":[\"https:\\\/\\\/facebook.com\\\/yoast\"]}]}<\/script>\n<!-- \/ Yoast SEO plugin. -->","yoast_head_json":{"title":"Februar - Kleingartenverein Leipzig-Sellerhausen e.V. - Verbundenheit seit 1896","description":"Auf nachstehender Seite findet ihr die zu erledigenden Gartenarbeiten im Kleingartenverein Leipzig-Sellerhausen e.V. im Monat Februar","robots":{"index":"index","follow":"follow","max-snippet":"max-snippet:-1","max-image-preview":"max-image-preview:large","max-video-preview":"max-video-preview:-1"},"canonical":"https:\/\/kgv-sellerhausen.de\/?page_id=1148","og_locale":"de_DE","og_type":"article","og_title":"Februar - Kleingartenverein Leipzig-Sellerhausen e.V. - Verbundenheit seit 1896","og_description":"Auf nachstehender Seite findet ihr die zu erledigenden Gartenarbeiten im Kleingartenverein Leipzig-Sellerhausen e.V. im Monat Februar","og_url":"https:\/\/kgv-sellerhausen.de\/?page_id=1148","og_site_name":"Kleingartenverein Leipzig-Sellerhausen e.V. - Verbundenheit seit 1896","article_publisher":"https:\/\/facebook.com\/yoast","article_modified_time":"2024-06-17T18:28:21+00:00","og_image":[{"url":"https:\/\/kgv-sellerhausen.de\/wp-content\/uploads\/2024\/05\/Kornblume02-1024x1024.jpg","type":"","width":"","height":""}],"twitter_card":"summary_large_image","twitter_misc":{"Gesch\u00e4tzte Lesezeit":"2\u00a0Minuten"},"schema":{"@context":"https:\/\/schema.org","@graph":[{"@type":"WebPage","@id":"https:\/\/kgv-sellerhausen.de\/?page_id=1148","url":"https:\/\/kgv-sellerhausen.de\/?page_id=1148","name":"Februar - Kleingartenverein Leipzig-Sellerhausen e.V. - Verbundenheit seit 1896","isPartOf":{"@id":"https:\/\/kgv-sellerhausen.de\/#website"},"primaryImageOfPage":{"@id":"https:\/\/kgv-sellerhausen.de\/?page_id=1148#primaryimage"},"image":{"@id":"https:\/\/kgv-sellerhausen.de\/?page_id=1148#primaryimage"},"thumbnailUrl":"https:\/\/kgv-sellerhausen.de\/wp-content\/uploads\/2024\/05\/Kornblume02-1024x1024.jpg","datePublished":"2024-05-22T17:52:43+00:00","dateModified":"2024-06-17T18:28:21+00:00","description":"Auf nachstehender Seite findet ihr die zu erledigenden Gartenarbeiten im Kleingartenverein Leipzig-Sellerhausen e.V. im Monat Februar","breadcrumb":{"@id":"https:\/\/kgv-sellerhausen.de\/?page_id=1148#breadcrumb"},"inLanguage":"de","potentialAction":[{"@type":"ReadAction","target":["https:\/\/kgv-sellerhausen.de\/?page_id=1148"]}]},{"@type":"ImageObject","inLanguage":"de","@id":"https:\/\/kgv-sellerhausen.de\/?page_id=1148#primaryimage","url":"https:\/\/kgv-sellerhausen.de\/wp-content\/uploads\/2024\/05\/Kornblume02.jpg","contentUrl":"https:\/\/kgv-sellerhausen.de\/wp-content\/uploads\/2024\/05\/Kornblume02.jpg","width":1200,"height":1200,"caption":"KGV Leipzig-Sellerhausen e.V. im Februar - Kornblume"},{"@type":"BreadcrumbList","@id":"https:\/\/kgv-sellerhausen.de\/?page_id=1148#breadcrumb","itemListElement":[{"@type":"ListItem","position":1,"name":"Startseite","item":"https:\/\/kgv-sellerhausen.de\/"},{"@type":"ListItem","position":2,"name":"Februar"}]},{"@type":"WebSite","@id":"https:\/\/kgv-sellerhausen.de\/#website","url":"https:\/\/kgv-sellerhausen.de\/","name":"Kleingartenverein Leipzig-Sellerhausen e.V. - Verbundenheit seit 1896","description":"Wilkommen auf der Homepage des Kleingartenvereins Leipzig-Sellerhausen e.V.","publisher":{"@id":"https:\/\/kgv-sellerhausen.de\/#organization"},"potentialAction":[{"@type":"SearchAction","target":{"@type":"EntryPoint","urlTemplate":"https:\/\/kgv-sellerhausen.de\/?s={search_term_string}"},"query-input":{"@type":"PropertyValueSpecification","valueRequired":true,"valueName":"search_term_string"}}],"inLanguage":"de"},{"@type":"Organization","@id":"https:\/\/kgv-sellerhausen.de\/#organization","name":"Kleingartenverein Leipzig-Sellerhausen e.V.","url":"https:\/\/kgv-sellerhausen.de\/","logo":{"@type":"ImageObject","inLanguage":"de","@id":"https:\/\/kgv-sellerhausen.de\/#\/schema\/logo\/image\/","url":"https:\/\/kgv-sellerhausen.de\/wp-content\/uploads\/2024\/05\/Leipzig-Sellerhausen-orrn7waee5jolxaot3h4nm08huu6cgwh2w5vb4fxio-7.jpg","contentUrl":"https:\/\/kgv-sellerhausen.de\/wp-content\/uploads\/2024\/05\/Leipzig-Sellerhausen-orrn7waee5jolxaot3h4nm08huu6cgwh2w5vb4fxio-7.jpg","width":1024,"height":600,"caption":"Kleingartenverein Leipzig-Sellerhausen e.V."},"image":{"@id":"https:\/\/kgv-sellerhausen.de\/#\/schema\/logo\/image\/"},"sameAs":["https:\/\/facebook.com\/yoast"]}]}},"_links":{"self":[{"href":"https:\/\/kgv-sellerhausen.de\/index.php?rest_route=\/wp\/v2\/pages\/1148","targetHints":{"allow":["GET"]}}],"collection":[{"href":"https:\/\/kgv-sellerhausen.de\/index.php?rest_route=\/wp\/v2\/pages"}],"about":[{"href":"https:\/\/kgv-sellerhausen.de\/index.php?rest_route=\/wp\/v2\/types\/page"}],"author":[{"embeddable":true,"href":"https:\/\/kgv-sellerhausen.de\/index.php?rest_route=\/wp\/v2\/users\/1"}],"replies":[{"embeddable":true,"href":"https:\/\/kgv-sellerhausen.de\/index.php?rest_route=%2Fwp%2Fv2%2Fcomments&post=1148"}],"version-history":[{"count":4,"href":"https:\/\/kgv-sellerhausen.de\/index.php?rest_route=\/wp\/v2\/pages\/1148\/revisions"}],"predecessor-version":[{"id":1574,"href":"https:\/\/kgv-sellerhausen.de\/index.php?rest_route=\/wp\/v2\/pages\/1148\/revisions\/1574"}],"wp:attachment":[{"href":"https:\/\/kgv-sellerhausen.de\/index.php?rest_route=%2Fwp%2Fv2%2Fmedia&parent=1148"}],"curies":[{"name":"wp","href":"https:\/\/api.w.org\/{rel}","templated":true}]}}