{"id":1150,"date":"2024-05-22T17:53:00","date_gmt":"2024-05-22T17:53:00","guid":{"rendered":"http:\/\/kgv-sellerhausen.de\/?page_id=1150"},"modified":"2024-06-17T18:31:21","modified_gmt":"2024-06-17T18:31:21","slug":"maerz","status":"publish","type":"page","link":"https:\/\/kgv-sellerhausen.de\/?page_id=1150","title":{"rendered":"M\u00e4rz"},"content":{"rendered":"\n<h2 class=\"wp-block-heading\">Gartenarbeiten im M\u00e4rz:<\/h2>\n\n\n<p align=\"justify\">Im M\u00e4rz gilt das Mot\u00adto: \u201cden Garten f\u00fcr das Garten\u00adjahr vor\u00adbere\u00adit\u00aden\u201d. Die dun\u00adkle Jahreszeit weicht und die ersten w\u00e4rmeren Tage lassen die Vor\u00adfreude auf das Jahr steigen. Welche Garte\u00adnar\u00adbeit\u00aden fall\u00aden im M\u00e4rz an?<\/p>\n\n\n<h3 class=\"wp-block-heading\">Gem\u00fcsebeet<\/h3>\n\n\n\n<ul class=\"wp-block-list\">\n<li>Im M\u00e4rz wer\u00adden die Beete auf die Sai\u00adson vor\u00adbere\u00adit\u00adet. Ent\u00adfer\u00adnt etwaiges Mulch\u00adma\u00adte\u00adr\u00adi\u00adal von den Beeten und arbeit\u00adet Kom\u00adpost in die Erde ein.<\/li>\n\n\n\n<li>Fol\u00adgende Pflanzen wer\u00adden im M\u00e4rz aus\u00adges\u00e4ht: Gurke, Por\u00adree, Kohlra\u00adbi, Wirs\u00ading, Sel\u00adl\u00aderie, Blu\u00admenkohl, Tomat\u00aden, Papri\u00adka, Salat\u00aden und Zwiebeln entwed\u00ader im Haus oder im Fr\u00fch\u00adbeet. <\/li>\n\n\n\n<li>Im Frei\u00adland k\u00f6n\u00adnt ihr Mitte\/Ende M\u00e4rz bere\u00adits M\u00f6hren, Radi\u00adeschen, Erb\u00adsen, Ret\u00adtich, Spinat und Kr\u00e4uter auss\u00e4hen. <\/li>\n\n\n\n<li>Sofern ihr Tomat\u00aden und Papri\u00adka vorge\u00adzo\u00adgen habt, so wer\u00adden diese im M\u00e4rz vereinzelt\/pikiert.<\/li>\n\n\n\n<li>Erste Kartof\u00adfeln wer\u00adden gepflanzt.<\/li>\n<\/ul>\n\n\n\n<h3 class=\"wp-block-heading\">Beeren und Obst<\/h3>\n\n\n\n<ul class=\"wp-block-list\">\n<li>Pflanzung und Vere\u00addelung von Steinob\u00adst.<\/li>\n\n\n\n<li>Pflanzung von Erd\u00adbeeren.<\/li>\n<\/ul>\n\n\n\n<h3 class=\"wp-block-heading\">Blumen, Stauden, Zierstr\u00e4ucher<\/h3>\n\n\n\n<ul class=\"wp-block-list\">\n<li>Alle Schnittma\u00df\u00adnah\u00admen soll\u00adten abgeschlossen sein, da nun die Brut- und Set\u00adzzeit der V\u00f6gel begin\u00adnt. Bitte nehmt keine R\u00fcckschnitte mehr vor son\u00addern nur noch leichte Form\u00adschnitte an Str\u00e4uch\u00adern und Heck\u00aden. Achtet hier\u00adbei unbe\u00add\u00adingt auf nis\u00adtende V\u00f6gel.<\/li>\n\n\n\n<li>Pflanzung von Blu\u00admen, Stau\u00adden und Zier\u00adstr\u00e4uch\u00ader.<\/li>\n\n\n\n<li>Ent\u00adfer\u00adnen des Win\u00adter\u00adschutzes.<\/li>\n\n\n\n<li>Str\u00e4uch\u00ader und Rosen wer\u00adden das erste Mal im Jahr ged\u00fcngt.<\/li>\n<\/ul>\n\n\n\n<h3 class=\"wp-block-heading\">Was sonst noch im M\u00e4rz anf\u00e4llt<\/h3>\n\n\n\n<ul class=\"wp-block-list\">\n<li>Der Rasen wird von Laub und \u00c4sten befre\u00adit. Ende M\u00e4rz wird der Rasen durch Ver\u00adtiku\u00adtieren gel\u00fcftet und ged\u00fcngt. Auch k\u00f6n\u00adnt ihr Rasen Ende M\u00e4rz neu anle\u00adgen, wenn die Tem\u00adper\u00ada\u00adturen nicht mehr deut\u00adlich unter 10 Grad liegen. <\/li>\n<\/ul>\n\n\n\n<figure class=\"wp-block-image size-large\"><img fetchpriority=\"high\" decoding=\"async\" width=\"1024\" height=\"927\" src=\"https:\/\/kgv-sellerhausen.de\/wp-content\/uploads\/2024\/05\/Narzisse_Gefuellte_Narzisse_1_Bridal_Crown-1024x927.jpg\" alt=\"KGV Leipzig-Sellerhausen e.V. im M\u00e4rz - Narzisse\" class=\"wp-image-1197\" srcset=\"https:\/\/kgv-sellerhausen.de\/wp-content\/uploads\/2024\/05\/Narzisse_Gefuellte_Narzisse_1_Bridal_Crown-1024x927.jpg 1024w, https:\/\/kgv-sellerhausen.de\/wp-content\/uploads\/2024\/05\/Narzisse_Gefuellte_Narzisse_1_Bridal_Crown-300x271.jpg 300w, https:\/\/kgv-sellerhausen.de\/wp-content\/uploads\/2024\/05\/Narzisse_Gefuellte_Narzisse_1_Bridal_Crown-768x695.jpg 768w, https:\/\/kgv-sellerhausen.de\/wp-content\/uploads\/2024\/05\/Narzisse_Gefuellte_Narzisse_1_Bridal_Crown-1536x1390.jpg 1536w, https:\/\/kgv-sellerhausen.de\/wp-content\/uploads\/2024\/05\/Narzisse_Gefuellte_Narzisse_1_Bridal_Crown.jpg 1933w\" sizes=\"(max-width: 1024px) 100vw, 1024px\"><figcaption class=\"wp-element-caption\">KGV Leipzig-Sell\u00ader\u00adhausen e.V. im M\u00e4rz \u2014 Narzisse<\/figcaption><\/figure>\n","protected":false},"excerpt":{"rendered":"<p>Garte\u00adnar\u00adbeit\u00aden im M\u00e4rz: Im M\u00e4rz gilt das Mot\u00adto: \u201cden Garten f\u00fcr das Garten\u00adjahr vor\u00adbere\u00adit\u00aden\u201d. Die dun\u00adkle Jahreszeit weicht und die ersten w\u00e4rmeren Tage lassen die Vor\u00adfreude auf das Jahr steigen. Welche Garte\u00adnar\u00adbeit\u00aden fall\u00aden im M\u00e4rz an? Gem\u00fcse\u00adbeet Beeren und Obst Blu\u00admen, Stau\u00adden, Zier\u00adstr\u00e4uch\u00ader Was son\u00adst noch im M\u00e4rz anf\u00e4llt<\/p>\n","protected":false},"author":1,"featured_media":0,"parent":0,"menu_order":0,"comment_status":"closed","ping_status":"closed","template":"","meta":{"wp_typography_post_enhancements_disabled":false,"ngg_post_thumbnail":0,"footnotes":""},"class_list":["post-1150","page","type-page","status-publish","hentry"],"yoast_head":"<!-- This site is optimized with the Yoast SEO plugin v27.5 - https:\/\/yoast.com\/product\/yoast-seo-wordpress\/ -->\n<title>M\u00e4rz - Kleingartenverein Leipzig-Sellerhausen e.V. - Verbundenheit seit 1896<\/title>\n<meta name=\"description\" content=\"Auf nachstehender Seite findet ihr die eventuell zu erledigenden Gartenarbeiten im Kleingartenverein Leipzig-Sellerhausen e.V. im Monat M\u00e4rz\" \/>\n<meta name=\"robots\" content=\"index, follow, max-snippet:-1, max-image-preview:large, max-video-preview:-1\" \/>\n<link rel=\"canonical\" href=\"https:\/\/kgv-sellerhausen.de\/?page_id=1150\" \/>\n<meta property=\"og:locale\" content=\"de_DE\" \/>\n<meta property=\"og:type\" content=\"article\" \/>\n<meta property=\"og:title\" content=\"M\u00e4rz - Kleingartenverein Leipzig-Sellerhausen e.V. - Verbundenheit seit 1896\" \/>\n<meta property=\"og:description\" content=\"Auf nachstehender Seite findet ihr die eventuell zu erledigenden Gartenarbeiten im Kleingartenverein Leipzig-Sellerhausen e.V. im Monat M\u00e4rz\" \/>\n<meta property=\"og:url\" content=\"https:\/\/kgv-sellerhausen.de\/?page_id=1150\" \/>\n<meta property=\"og:site_name\" content=\"Kleingartenverein Leipzig-Sellerhausen e.V. - Verbundenheit seit 1896\" \/>\n<meta property=\"article:publisher\" content=\"https:\/\/facebook.com\/yoast\" \/>\n<meta property=\"article:modified_time\" content=\"2024-06-17T18:31:21+00:00\" \/>\n<meta property=\"og:image\" content=\"https:\/\/kgv-sellerhausen.de\/wp-content\/uploads\/2024\/05\/Narzisse_Gefuellte_Narzisse_1_Bridal_Crown-1024x927.jpg\" \/>\n<meta name=\"twitter:card\" content=\"summary_large_image\" \/>\n<meta name=\"twitter:label1\" content=\"Gesch\u00e4tzte Lesezeit\" \/>\n\t<meta name=\"twitter:data1\" content=\"2\u00a0Minuten\" \/>\n<script type=\"application\/ld+json\" class=\"yoast-schema-graph\">{\"@context\":\"https:\\\/\\\/schema.org\",\"@graph\":[{\"@type\":\"WebPage\",\"@id\":\"https:\\\/\\\/kgv-sellerhausen.de\\\/?page_id=1150\",\"url\":\"https:\\\/\\\/kgv-sellerhausen.de\\\/?page_id=1150\",\"name\":\"M\u00e4rz - Kleingartenverein Leipzig-Sellerhausen e.V. - Verbundenheit seit 1896\",\"isPartOf\":{\"@id\":\"https:\\\/\\\/kgv-sellerhausen.de\\\/#website\"},\"primaryImageOfPage\":{\"@id\":\"https:\\\/\\\/kgv-sellerhausen.de\\\/?page_id=1150#primaryimage\"},\"image\":{\"@id\":\"https:\\\/\\\/kgv-sellerhausen.de\\\/?page_id=1150#primaryimage\"},\"thumbnailUrl\":\"https:\\\/\\\/kgv-sellerhausen.de\\\/wp-content\\\/uploads\\\/2024\\\/05\\\/Narzisse_Gefuellte_Narzisse_1_Bridal_Crown-1024x927.jpg\",\"datePublished\":\"2024-05-22T17:53:00+00:00\",\"dateModified\":\"2024-06-17T18:31:21+00:00\",\"description\":\"Auf nachstehender Seite findet ihr die eventuell zu erledigenden Gartenarbeiten im Kleingartenverein Leipzig-Sellerhausen e.V. im Monat M\u00e4rz\",\"breadcrumb\":{\"@id\":\"https:\\\/\\\/kgv-sellerhausen.de\\\/?page_id=1150#breadcrumb\"},\"inLanguage\":\"de\",\"potentialAction\":[{\"@type\":\"ReadAction\",\"target\":[\"https:\\\/\\\/kgv-sellerhausen.de\\\/?page_id=1150\"]}]},{\"@type\":\"ImageObject\",\"inLanguage\":\"de\",\"@id\":\"https:\\\/\\\/kgv-sellerhausen.de\\\/?page_id=1150#primaryimage\",\"url\":\"https:\\\/\\\/kgv-sellerhausen.de\\\/wp-content\\\/uploads\\\/2024\\\/05\\\/Narzisse_Gefuellte_Narzisse_1_Bridal_Crown.jpg\",\"contentUrl\":\"https:\\\/\\\/kgv-sellerhausen.de\\\/wp-content\\\/uploads\\\/2024\\\/05\\\/Narzisse_Gefuellte_Narzisse_1_Bridal_Crown.jpg\",\"width\":1933,\"height\":1749,\"caption\":\"KGV Leipzig-Sellerhausen e.V. im M\u00e4rz - Narzisse\"},{\"@type\":\"BreadcrumbList\",\"@id\":\"https:\\\/\\\/kgv-sellerhausen.de\\\/?page_id=1150#breadcrumb\",\"itemListElement\":[{\"@type\":\"ListItem\",\"position\":1,\"name\":\"Startseite\",\"item\":\"https:\\\/\\\/kgv-sellerhausen.de\\\/\"},{\"@type\":\"ListItem\",\"position\":2,\"name\":\"M\u00e4rz\"}]},{\"@type\":\"WebSite\",\"@id\":\"https:\\\/\\\/kgv-sellerhausen.de\\\/#website\",\"url\":\"https:\\\/\\\/kgv-sellerhausen.de\\\/\",\"name\":\"Kleingartenverein Leipzig-Sellerhausen e.V. - Verbundenheit seit 1896\",\"description\":\"Wilkommen auf der Homepage des Kleingartenvereins Leipzig-Sellerhausen e.V.\",\"publisher\":{\"@id\":\"https:\\\/\\\/kgv-sellerhausen.de\\\/#organization\"},\"potentialAction\":[{\"@type\":\"SearchAction\",\"target\":{\"@type\":\"EntryPoint\",\"urlTemplate\":\"https:\\\/\\\/kgv-sellerhausen.de\\\/?s={search_term_string}\"},\"query-input\":{\"@type\":\"PropertyValueSpecification\",\"valueRequired\":true,\"valueName\":\"search_term_string\"}}],\"inLanguage\":\"de\"},{\"@type\":\"Organization\",\"@id\":\"https:\\\/\\\/kgv-sellerhausen.de\\\/#organization\",\"name\":\"Kleingartenverein Leipzig-Sellerhausen e.V.\",\"url\":\"https:\\\/\\\/kgv-sellerhausen.de\\\/\",\"logo\":{\"@type\":\"ImageObject\",\"inLanguage\":\"de\",\"@id\":\"https:\\\/\\\/kgv-sellerhausen.de\\\/#\\\/schema\\\/logo\\\/image\\\/\",\"url\":\"https:\\\/\\\/kgv-sellerhausen.de\\\/wp-content\\\/uploads\\\/2024\\\/05\\\/Leipzig-Sellerhausen-orrn7waee5jolxaot3h4nm08huu6cgwh2w5vb4fxio-7.jpg\",\"contentUrl\":\"https:\\\/\\\/kgv-sellerhausen.de\\\/wp-content\\\/uploads\\\/2024\\\/05\\\/Leipzig-Sellerhausen-orrn7waee5jolxaot3h4nm08huu6cgwh2w5vb4fxio-7.jpg\",\"width\":1024,\"height\":600,\"caption\":\"Kleingartenverein Leipzig-Sellerhausen e.V.\"},\"image\":{\"@id\":\"https:\\\/\\\/kgv-sellerhausen.de\\\/#\\\/schema\\\/logo\\\/image\\\/\"},\"sameAs\":[\"https:\\\/\\\/facebook.com\\\/yoast\"]}]}<\/script>\n<!-- \/ Yoast SEO plugin. -->","yoast_head_json":{"title":"M\u00e4rz - Kleingartenverein Leipzig-Sellerhausen e.V. - Verbundenheit seit 1896","description":"Auf nachstehender Seite findet ihr die eventuell zu erledigenden Gartenarbeiten im Kleingartenverein Leipzig-Sellerhausen e.V. im Monat M\u00e4rz","robots":{"index":"index","follow":"follow","max-snippet":"max-snippet:-1","max-image-preview":"max-image-preview:large","max-video-preview":"max-video-preview:-1"},"canonical":"https:\/\/kgv-sellerhausen.de\/?page_id=1150","og_locale":"de_DE","og_type":"article","og_title":"M\u00e4rz - Kleingartenverein Leipzig-Sellerhausen e.V. - Verbundenheit seit 1896","og_description":"Auf nachstehender Seite findet ihr die eventuell zu erledigenden Gartenarbeiten im Kleingartenverein Leipzig-Sellerhausen e.V. im Monat M\u00e4rz","og_url":"https:\/\/kgv-sellerhausen.de\/?page_id=1150","og_site_name":"Kleingartenverein Leipzig-Sellerhausen e.V. - Verbundenheit seit 1896","article_publisher":"https:\/\/facebook.com\/yoast","article_modified_time":"2024-06-17T18:31:21+00:00","og_image":[{"url":"https:\/\/kgv-sellerhausen.de\/wp-content\/uploads\/2024\/05\/Narzisse_Gefuellte_Narzisse_1_Bridal_Crown-1024x927.jpg","type":"","width":"","height":""}],"twitter_card":"summary_large_image","twitter_misc":{"Gesch\u00e4tzte Lesezeit":"2\u00a0Minuten"},"schema":{"@context":"https:\/\/schema.org","@graph":[{"@type":"WebPage","@id":"https:\/\/kgv-sellerhausen.de\/?page_id=1150","url":"https:\/\/kgv-sellerhausen.de\/?page_id=1150","name":"M\u00e4rz - Kleingartenverein Leipzig-Sellerhausen e.V. - Verbundenheit seit 1896","isPartOf":{"@id":"https:\/\/kgv-sellerhausen.de\/#website"},"primaryImageOfPage":{"@id":"https:\/\/kgv-sellerhausen.de\/?page_id=1150#primaryimage"},"image":{"@id":"https:\/\/kgv-sellerhausen.de\/?page_id=1150#primaryimage"},"thumbnailUrl":"https:\/\/kgv-sellerhausen.de\/wp-content\/uploads\/2024\/05\/Narzisse_Gefuellte_Narzisse_1_Bridal_Crown-1024x927.jpg","datePublished":"2024-05-22T17:53:00+00:00","dateModified":"2024-06-17T18:31:21+00:00","description":"Auf nachstehender Seite findet ihr die eventuell zu erledigenden Gartenarbeiten im Kleingartenverein Leipzig-Sellerhausen e.V. im Monat M\u00e4rz","breadcrumb":{"@id":"https:\/\/kgv-sellerhausen.de\/?page_id=1150#breadcrumb"},"inLanguage":"de","potentialAction":[{"@type":"ReadAction","target":["https:\/\/kgv-sellerhausen.de\/?page_id=1150"]}]},{"@type":"ImageObject","inLanguage":"de","@id":"https:\/\/kgv-sellerhausen.de\/?page_id=1150#primaryimage","url":"https:\/\/kgv-sellerhausen.de\/wp-content\/uploads\/2024\/05\/Narzisse_Gefuellte_Narzisse_1_Bridal_Crown.jpg","contentUrl":"https:\/\/kgv-sellerhausen.de\/wp-content\/uploads\/2024\/05\/Narzisse_Gefuellte_Narzisse_1_Bridal_Crown.jpg","width":1933,"height":1749,"caption":"KGV Leipzig-Sellerhausen e.V. im M\u00e4rz - Narzisse"},{"@type":"BreadcrumbList","@id":"https:\/\/kgv-sellerhausen.de\/?page_id=1150#breadcrumb","itemListElement":[{"@type":"ListItem","position":1,"name":"Startseite","item":"https:\/\/kgv-sellerhausen.de\/"},{"@type":"ListItem","position":2,"name":"M\u00e4rz"}]},{"@type":"WebSite","@id":"https:\/\/kgv-sellerhausen.de\/#website","url":"https:\/\/kgv-sellerhausen.de\/","name":"Kleingartenverein Leipzig-Sellerhausen e.V. - Verbundenheit seit 1896","description":"Wilkommen auf der Homepage des Kleingartenvereins Leipzig-Sellerhausen e.V.","publisher":{"@id":"https:\/\/kgv-sellerhausen.de\/#organization"},"potentialAction":[{"@type":"SearchAction","target":{"@type":"EntryPoint","urlTemplate":"https:\/\/kgv-sellerhausen.de\/?s={search_term_string}"},"query-input":{"@type":"PropertyValueSpecification","valueRequired":true,"valueName":"search_term_string"}}],"inLanguage":"de"},{"@type":"Organization","@id":"https:\/\/kgv-sellerhausen.de\/#organization","name":"Kleingartenverein Leipzig-Sellerhausen e.V.","url":"https:\/\/kgv-sellerhausen.de\/","logo":{"@type":"ImageObject","inLanguage":"de","@id":"https:\/\/kgv-sellerhausen.de\/#\/schema\/logo\/image\/","url":"https:\/\/kgv-sellerhausen.de\/wp-content\/uploads\/2024\/05\/Leipzig-Sellerhausen-orrn7waee5jolxaot3h4nm08huu6cgwh2w5vb4fxio-7.jpg","contentUrl":"https:\/\/kgv-sellerhausen.de\/wp-content\/uploads\/2024\/05\/Leipzig-Sellerhausen-orrn7waee5jolxaot3h4nm08huu6cgwh2w5vb4fxio-7.jpg","width":1024,"height":600,"caption":"Kleingartenverein Leipzig-Sellerhausen e.V."},"image":{"@id":"https:\/\/kgv-sellerhausen.de\/#\/schema\/logo\/image\/"},"sameAs":["https:\/\/facebook.com\/yoast"]}]}},"_links":{"self":[{"href":"https:\/\/kgv-sellerhausen.de\/index.php?rest_route=\/wp\/v2\/pages\/1150","targetHints":{"allow":["GET"]}}],"collection":[{"href":"https:\/\/kgv-sellerhausen.de\/index.php?rest_route=\/wp\/v2\/pages"}],"about":[{"href":"https:\/\/kgv-sellerhausen.de\/index.php?rest_route=\/wp\/v2\/types\/page"}],"author":[{"embeddable":true,"href":"https:\/\/kgv-sellerhausen.de\/index.php?rest_route=\/wp\/v2\/users\/1"}],"replies":[{"embeddable":true,"href":"https:\/\/kgv-sellerhausen.de\/index.php?rest_route=%2Fwp%2Fv2%2Fcomments&post=1150"}],"version-history":[{"count":4,"href":"https:\/\/kgv-sellerhausen.de\/index.php?rest_route=\/wp\/v2\/pages\/1150\/revisions"}],"predecessor-version":[{"id":1580,"href":"https:\/\/kgv-sellerhausen.de\/index.php?rest_route=\/wp\/v2\/pages\/1150\/revisions\/1580"}],"wp:attachment":[{"href":"https:\/\/kgv-sellerhausen.de\/index.php?rest_route=%2Fwp%2Fv2%2Fmedia&parent=1150"}],"curies":[{"name":"wp","href":"https:\/\/api.w.org\/{rel}","templated":true}]}}