{"id":1242,"date":"2024-05-22T19:27:53","date_gmt":"2024-05-22T19:27:53","guid":{"rendered":"http:\/\/kgv-sellerhausen.de\/?page_id=1242"},"modified":"2024-06-17T18:29:32","modified_gmt":"2024-06-17T18:29:32","slug":"juli","status":"publish","type":"page","link":"https:\/\/kgv-sellerhausen.de\/?page_id=1242","title":{"rendered":"Juli"},"content":{"rendered":"\n<h2 class=\"wp-block-heading\">Gartenarbeiten im Juli:<\/h2>\n\n\n<p align=\"justify\">Der Hochsom\u00admer ist in vollem Gange und den ganzen Juli hin\u00addurch ern\u00adten wir Gem\u00fcse und Obst. Garte\u00adnar\u00adbeit\u00aden wer\u00adden nun eher in den k\u00fchlen Mor\u00adgen- oder Abend\u00adstun\u00adden durchge\u00adf\u00fchrt. Welche Garte\u00adnar\u00adbeit\u00aden fall\u00aden im Juli an?<\/p>\n\n\n<h3 class=\"wp-block-heading\">Gem\u00fcsebeet<\/h3>\n\n\n\n<ul class=\"wp-block-list\">\n<li>Kartof\u00adfeln ern\u00adten und ein\u00adlagern.<\/li>\n\n\n\n<li>Alle reifen Gem\u00fcs\u00adesorten ern\u00adten und ver\u00adar\u00adbeit\u00aden \u2013 was zu viel ist wird eingemacht oder einge\u00adfroren.<\/li>\n\n\n\n<li>Auf freien Beet\u00adfl\u00e4chen k\u00f6n\u00adnt Fol\u00adge\u00adfr\u00fcchte wie Gr\u00fcnkohl, M\u00f6hren oder Chi\u00adnakohl s\u00e4hen.<\/li>\n\n\n\n<li>Auch im Juli weit\u00ader\u00adhin auf aus\u00adre\u00adichende Bew\u00e4sserung der Beete acht\u00aden.<\/li>\n<\/ul>\n\n\n\n<h3 class=\"wp-block-heading\">Beeren und Obst<\/h3>\n\n\n\n<ul class=\"wp-block-list\">\n<li>Wie schon im Juni m\u00fcsst ihr bei jun\u00adgen Obst\u00adb\u00e4u\u00admen bei Trock\u00aden\u00adheit w\u00e4ssern.<\/li>\n\n\n\n<li>Wenn ihr Sauerkirschen abgeern\u00adtet habt, k\u00f6n\u00adnt ihr die B\u00e4ume schnei\u00adden.<\/li>\n\n\n\n<li>Aller\u00adlei Obst ist reif und kann geern\u00adtet wer\u00adden.<\/li>\n\n\n\n<li>Bei Wein wer\u00adden Geiztriebe aus\u00adgeknipst und die Trauben von Blat\u00adtwerk befre\u00adit, so dass sie Sonne abbekom\u00admen.<\/li>\n<\/ul>\n\n\n\n<h3 class=\"wp-block-heading\">Blumen, Stauden, Zierstr\u00e4ucher<\/h3>\n\n\n\n<ul class=\"wp-block-list\">\n<li>Ver\u00adwelk\u00adte Bl\u00fcten von den Stau\u00adden ent\u00adfer\u00adnen.<\/li>\n\n\n\n<li>Heck\u00aden in Form schnei\u00adden.<\/li>\n\n\n\n<li>Rosen wer\u00adden im Juli das let\u00adzte Mal ged\u00fcngt.<\/li>\n\n\n\n<li>Alle rank\u00adende Str\u00e4uch\u00ader und gro\u00dfe Stau\u00adden anbinden.<\/li>\n<\/ul>\n\n\n\n<h3 class=\"wp-block-heading\">Welche Gartenarbeiten sonst noch im Juli anfallen<\/h3>\n\n\n\n<ul class=\"wp-block-list\">\n<li>Alle Beete wer\u00adden von Unkraut frei gehal\u00adten und hin und wieder aufge\u00adlock\u00adert. Tipp: Wenn ihr nach dem Regen auflock\u00adert, bleibt die Feuchtigkeit im Boden l\u00e4nger erhal\u00adten.<\/li>\n\n\n\n<li>Weit\u00ader\u00adhin alle zwei Wochen den Rasen m\u00e4hen und bei Trock\u00aden\u00adheit alle 4\u20135 Tage inten\u00adsiv w\u00e4ssern \u2013 w\u00e4ssert so lange bis die Erde wurzeltief (ca. 10 cm) nass ist. Macht nicht den Fehler und w\u00e4ssert zu oft und zu kurz \u2013 das f\u00fchrt dazu, dass der Rasen zu flache Wurzeln hat und schneller aus\u00adtrock\u00adnet und anf\u00e4l\u00adliger f\u00fcr Krankheit\u00aden wird.<\/li>\n<\/ul>\n\n\n\n<figure class=\"wp-block-image size-large\"><img fetchpriority=\"high\" decoding=\"async\" width=\"1024\" height=\"667\" src=\"https:\/\/kgv-sellerhausen.de\/wp-content\/uploads\/2024\/05\/2017-11-19_Strawberries_on_the_farm-1024x667.jpg\" alt=\"KGV Leipzig-Sellerhausen e.V. im Juli - Erdbeeren\" class=\"wp-image-1217\" srcset=\"https:\/\/kgv-sellerhausen.de\/wp-content\/uploads\/2024\/05\/2017-11-19_Strawberries_on_the_farm-1024x667.jpg 1024w, https:\/\/kgv-sellerhausen.de\/wp-content\/uploads\/2024\/05\/2017-11-19_Strawberries_on_the_farm-300x195.jpg 300w, https:\/\/kgv-sellerhausen.de\/wp-content\/uploads\/2024\/05\/2017-11-19_Strawberries_on_the_farm-768x500.jpg 768w, https:\/\/kgv-sellerhausen.de\/wp-content\/uploads\/2024\/05\/2017-11-19_Strawberries_on_the_farm-1536x1001.jpg 1536w, https:\/\/kgv-sellerhausen.de\/wp-content\/uploads\/2024\/05\/2017-11-19_Strawberries_on_the_farm-2048x1334.jpg 2048w\" sizes=\"(max-width: 1024px) 100vw, 1024px\"><figcaption class=\"wp-element-caption\">KGV Leipzig-Sell\u00ader\u00adhausen e.V. im Juli \u2014 Erd\u00adbeeren<\/figcaption><\/figure>\n","protected":false},"excerpt":{"rendered":"<p>Garte\u00adnar\u00adbeit\u00aden im Juli: Der Hochsom\u00admer ist in vollem Gange und den ganzen Juli hin\u00addurch ern\u00adten wir Gem\u00fcse und Obst. Garte\u00adnar\u00adbeit\u00aden wer\u00adden nun eher in den k\u00fchlen Mor\u00ad\u00adgen- oder Abend\u00adstun\u00adden durchge\u00adf\u00fchrt. Welche Garte\u00adnar\u00adbeit\u00aden fall\u00aden im Juli an? Gem\u00fcse\u00adbeet Beeren und Obst Blu\u00admen, Stau\u00adden, Zier\u00adstr\u00e4uch\u00ader Welche Garte\u00adnar\u00adbeit\u00aden son\u00adst noch im Juli anfall\u00aden<\/p>\n","protected":false},"author":1,"featured_media":0,"parent":0,"menu_order":0,"comment_status":"closed","ping_status":"closed","template":"","meta":{"wp_typography_post_enhancements_disabled":false,"ngg_post_thumbnail":0,"footnotes":""},"class_list":["post-1242","page","type-page","status-publish","hentry"],"yoast_head":"<!-- This site is optimized with the Yoast SEO plugin v27.4 - https:\/\/yoast.com\/product\/yoast-seo-wordpress\/ -->\n<title>Juli - Kleingartenverein Leipzig-Sellerhausen e.V. - Verbundenheit seit 1896<\/title>\n<meta name=\"description\" content=\"Auf nachstehender Seite findet ihr die eventuell zu erledigenden Gartenarbeiten im Kleingartenverein Leipzig-Sellerhausen e.V. im Monat Juli\" \/>\n<meta name=\"robots\" content=\"index, follow, max-snippet:-1, max-image-preview:large, max-video-preview:-1\" \/>\n<link rel=\"canonical\" href=\"https:\/\/kgv-sellerhausen.de\/?page_id=1242\" \/>\n<meta property=\"og:locale\" content=\"de_DE\" \/>\n<meta property=\"og:type\" content=\"article\" \/>\n<meta property=\"og:title\" content=\"Juli - Kleingartenverein Leipzig-Sellerhausen e.V. - Verbundenheit seit 1896\" \/>\n<meta property=\"og:description\" content=\"Auf nachstehender Seite findet ihr die eventuell zu erledigenden Gartenarbeiten im Kleingartenverein Leipzig-Sellerhausen e.V. im Monat Juli\" \/>\n<meta property=\"og:url\" content=\"https:\/\/kgv-sellerhausen.de\/?page_id=1242\" \/>\n<meta property=\"og:site_name\" content=\"Kleingartenverein Leipzig-Sellerhausen e.V. - Verbundenheit seit 1896\" \/>\n<meta property=\"article:publisher\" content=\"https:\/\/facebook.com\/yoast\" \/>\n<meta property=\"article:modified_time\" content=\"2024-06-17T18:29:32+00:00\" \/>\n<meta property=\"og:image\" content=\"https:\/\/kgv-sellerhausen.de\/wp-content\/uploads\/2024\/05\/2017-11-19_Strawberries_on_the_farm-1024x667.jpg\" \/>\n<meta name=\"twitter:card\" content=\"summary_large_image\" \/>\n<meta name=\"twitter:label1\" content=\"Gesch\u00e4tzte Lesezeit\" \/>\n\t<meta name=\"twitter:data1\" content=\"2\u00a0Minuten\" \/>\n<script type=\"application\/ld+json\" class=\"yoast-schema-graph\">{\"@context\":\"https:\\\/\\\/schema.org\",\"@graph\":[{\"@type\":\"WebPage\",\"@id\":\"https:\\\/\\\/kgv-sellerhausen.de\\\/?page_id=1242\",\"url\":\"https:\\\/\\\/kgv-sellerhausen.de\\\/?page_id=1242\",\"name\":\"Juli - Kleingartenverein Leipzig-Sellerhausen e.V. - Verbundenheit seit 1896\",\"isPartOf\":{\"@id\":\"https:\\\/\\\/kgv-sellerhausen.de\\\/#website\"},\"primaryImageOfPage\":{\"@id\":\"https:\\\/\\\/kgv-sellerhausen.de\\\/?page_id=1242#primaryimage\"},\"image\":{\"@id\":\"https:\\\/\\\/kgv-sellerhausen.de\\\/?page_id=1242#primaryimage\"},\"thumbnailUrl\":\"https:\\\/\\\/kgv-sellerhausen.de\\\/wp-content\\\/uploads\\\/2024\\\/05\\\/2017-11-19_Strawberries_on_the_farm-1024x667.jpg\",\"datePublished\":\"2024-05-22T19:27:53+00:00\",\"dateModified\":\"2024-06-17T18:29:32+00:00\",\"description\":\"Auf nachstehender Seite findet ihr die eventuell zu erledigenden Gartenarbeiten im Kleingartenverein Leipzig-Sellerhausen e.V. im Monat Juli\",\"breadcrumb\":{\"@id\":\"https:\\\/\\\/kgv-sellerhausen.de\\\/?page_id=1242#breadcrumb\"},\"inLanguage\":\"de\",\"potentialAction\":[{\"@type\":\"ReadAction\",\"target\":[\"https:\\\/\\\/kgv-sellerhausen.de\\\/?page_id=1242\"]}]},{\"@type\":\"ImageObject\",\"inLanguage\":\"de\",\"@id\":\"https:\\\/\\\/kgv-sellerhausen.de\\\/?page_id=1242#primaryimage\",\"url\":\"https:\\\/\\\/kgv-sellerhausen.de\\\/wp-content\\\/uploads\\\/2024\\\/05\\\/2017-11-19_Strawberries_on_the_farm-scaled.jpg\",\"contentUrl\":\"https:\\\/\\\/kgv-sellerhausen.de\\\/wp-content\\\/uploads\\\/2024\\\/05\\\/2017-11-19_Strawberries_on_the_farm-scaled.jpg\",\"width\":2560,\"height\":1668,\"caption\":\"KGV Leipzig-Sellerhausen e.V. im Juli - Erdbeeren\"},{\"@type\":\"BreadcrumbList\",\"@id\":\"https:\\\/\\\/kgv-sellerhausen.de\\\/?page_id=1242#breadcrumb\",\"itemListElement\":[{\"@type\":\"ListItem\",\"position\":1,\"name\":\"Startseite\",\"item\":\"https:\\\/\\\/kgv-sellerhausen.de\\\/\"},{\"@type\":\"ListItem\",\"position\":2,\"name\":\"Juli\"}]},{\"@type\":\"WebSite\",\"@id\":\"https:\\\/\\\/kgv-sellerhausen.de\\\/#website\",\"url\":\"https:\\\/\\\/kgv-sellerhausen.de\\\/\",\"name\":\"Kleingartenverein Leipzig-Sellerhausen e.V. - Verbundenheit seit 1896\",\"description\":\"Wilkommen auf der Homepage des Kleingartenvereins Leipzig-Sellerhausen e.V.\",\"publisher\":{\"@id\":\"https:\\\/\\\/kgv-sellerhausen.de\\\/#organization\"},\"potentialAction\":[{\"@type\":\"SearchAction\",\"target\":{\"@type\":\"EntryPoint\",\"urlTemplate\":\"https:\\\/\\\/kgv-sellerhausen.de\\\/?s={search_term_string}\"},\"query-input\":{\"@type\":\"PropertyValueSpecification\",\"valueRequired\":true,\"valueName\":\"search_term_string\"}}],\"inLanguage\":\"de\"},{\"@type\":\"Organization\",\"@id\":\"https:\\\/\\\/kgv-sellerhausen.de\\\/#organization\",\"name\":\"Kleingartenverein Leipzig-Sellerhausen e.V.\",\"url\":\"https:\\\/\\\/kgv-sellerhausen.de\\\/\",\"logo\":{\"@type\":\"ImageObject\",\"inLanguage\":\"de\",\"@id\":\"https:\\\/\\\/kgv-sellerhausen.de\\\/#\\\/schema\\\/logo\\\/image\\\/\",\"url\":\"https:\\\/\\\/kgv-sellerhausen.de\\\/wp-content\\\/uploads\\\/2024\\\/05\\\/Leipzig-Sellerhausen-orrn7waee5jolxaot3h4nm08huu6cgwh2w5vb4fxio-7.jpg\",\"contentUrl\":\"https:\\\/\\\/kgv-sellerhausen.de\\\/wp-content\\\/uploads\\\/2024\\\/05\\\/Leipzig-Sellerhausen-orrn7waee5jolxaot3h4nm08huu6cgwh2w5vb4fxio-7.jpg\",\"width\":1024,\"height\":600,\"caption\":\"Kleingartenverein Leipzig-Sellerhausen e.V.\"},\"image\":{\"@id\":\"https:\\\/\\\/kgv-sellerhausen.de\\\/#\\\/schema\\\/logo\\\/image\\\/\"},\"sameAs\":[\"https:\\\/\\\/facebook.com\\\/yoast\"]}]}<\/script>\n<!-- \/ Yoast SEO plugin. -->","yoast_head_json":{"title":"Juli - Kleingartenverein Leipzig-Sellerhausen e.V. - Verbundenheit seit 1896","description":"Auf nachstehender Seite findet ihr die eventuell zu erledigenden Gartenarbeiten im Kleingartenverein Leipzig-Sellerhausen e.V. im Monat Juli","robots":{"index":"index","follow":"follow","max-snippet":"max-snippet:-1","max-image-preview":"max-image-preview:large","max-video-preview":"max-video-preview:-1"},"canonical":"https:\/\/kgv-sellerhausen.de\/?page_id=1242","og_locale":"de_DE","og_type":"article","og_title":"Juli - Kleingartenverein Leipzig-Sellerhausen e.V. - Verbundenheit seit 1896","og_description":"Auf nachstehender Seite findet ihr die eventuell zu erledigenden Gartenarbeiten im Kleingartenverein Leipzig-Sellerhausen e.V. im Monat Juli","og_url":"https:\/\/kgv-sellerhausen.de\/?page_id=1242","og_site_name":"Kleingartenverein Leipzig-Sellerhausen e.V. - Verbundenheit seit 1896","article_publisher":"https:\/\/facebook.com\/yoast","article_modified_time":"2024-06-17T18:29:32+00:00","og_image":[{"url":"https:\/\/kgv-sellerhausen.de\/wp-content\/uploads\/2024\/05\/2017-11-19_Strawberries_on_the_farm-1024x667.jpg","type":"","width":"","height":""}],"twitter_card":"summary_large_image","twitter_misc":{"Gesch\u00e4tzte Lesezeit":"2\u00a0Minuten"},"schema":{"@context":"https:\/\/schema.org","@graph":[{"@type":"WebPage","@id":"https:\/\/kgv-sellerhausen.de\/?page_id=1242","url":"https:\/\/kgv-sellerhausen.de\/?page_id=1242","name":"Juli - Kleingartenverein Leipzig-Sellerhausen e.V. - Verbundenheit seit 1896","isPartOf":{"@id":"https:\/\/kgv-sellerhausen.de\/#website"},"primaryImageOfPage":{"@id":"https:\/\/kgv-sellerhausen.de\/?page_id=1242#primaryimage"},"image":{"@id":"https:\/\/kgv-sellerhausen.de\/?page_id=1242#primaryimage"},"thumbnailUrl":"https:\/\/kgv-sellerhausen.de\/wp-content\/uploads\/2024\/05\/2017-11-19_Strawberries_on_the_farm-1024x667.jpg","datePublished":"2024-05-22T19:27:53+00:00","dateModified":"2024-06-17T18:29:32+00:00","description":"Auf nachstehender Seite findet ihr die eventuell zu erledigenden Gartenarbeiten im Kleingartenverein Leipzig-Sellerhausen e.V. im Monat Juli","breadcrumb":{"@id":"https:\/\/kgv-sellerhausen.de\/?page_id=1242#breadcrumb"},"inLanguage":"de","potentialAction":[{"@type":"ReadAction","target":["https:\/\/kgv-sellerhausen.de\/?page_id=1242"]}]},{"@type":"ImageObject","inLanguage":"de","@id":"https:\/\/kgv-sellerhausen.de\/?page_id=1242#primaryimage","url":"https:\/\/kgv-sellerhausen.de\/wp-content\/uploads\/2024\/05\/2017-11-19_Strawberries_on_the_farm-scaled.jpg","contentUrl":"https:\/\/kgv-sellerhausen.de\/wp-content\/uploads\/2024\/05\/2017-11-19_Strawberries_on_the_farm-scaled.jpg","width":2560,"height":1668,"caption":"KGV Leipzig-Sellerhausen e.V. im Juli - Erdbeeren"},{"@type":"BreadcrumbList","@id":"https:\/\/kgv-sellerhausen.de\/?page_id=1242#breadcrumb","itemListElement":[{"@type":"ListItem","position":1,"name":"Startseite","item":"https:\/\/kgv-sellerhausen.de\/"},{"@type":"ListItem","position":2,"name":"Juli"}]},{"@type":"WebSite","@id":"https:\/\/kgv-sellerhausen.de\/#website","url":"https:\/\/kgv-sellerhausen.de\/","name":"Kleingartenverein Leipzig-Sellerhausen e.V. - Verbundenheit seit 1896","description":"Wilkommen auf der Homepage des Kleingartenvereins Leipzig-Sellerhausen e.V.","publisher":{"@id":"https:\/\/kgv-sellerhausen.de\/#organization"},"potentialAction":[{"@type":"SearchAction","target":{"@type":"EntryPoint","urlTemplate":"https:\/\/kgv-sellerhausen.de\/?s={search_term_string}"},"query-input":{"@type":"PropertyValueSpecification","valueRequired":true,"valueName":"search_term_string"}}],"inLanguage":"de"},{"@type":"Organization","@id":"https:\/\/kgv-sellerhausen.de\/#organization","name":"Kleingartenverein Leipzig-Sellerhausen e.V.","url":"https:\/\/kgv-sellerhausen.de\/","logo":{"@type":"ImageObject","inLanguage":"de","@id":"https:\/\/kgv-sellerhausen.de\/#\/schema\/logo\/image\/","url":"https:\/\/kgv-sellerhausen.de\/wp-content\/uploads\/2024\/05\/Leipzig-Sellerhausen-orrn7waee5jolxaot3h4nm08huu6cgwh2w5vb4fxio-7.jpg","contentUrl":"https:\/\/kgv-sellerhausen.de\/wp-content\/uploads\/2024\/05\/Leipzig-Sellerhausen-orrn7waee5jolxaot3h4nm08huu6cgwh2w5vb4fxio-7.jpg","width":1024,"height":600,"caption":"Kleingartenverein Leipzig-Sellerhausen e.V."},"image":{"@id":"https:\/\/kgv-sellerhausen.de\/#\/schema\/logo\/image\/"},"sameAs":["https:\/\/facebook.com\/yoast"]}]}},"_links":{"self":[{"href":"https:\/\/kgv-sellerhausen.de\/index.php?rest_route=\/wp\/v2\/pages\/1242","targetHints":{"allow":["GET"]}}],"collection":[{"href":"https:\/\/kgv-sellerhausen.de\/index.php?rest_route=\/wp\/v2\/pages"}],"about":[{"href":"https:\/\/kgv-sellerhausen.de\/index.php?rest_route=\/wp\/v2\/types\/page"}],"author":[{"embeddable":true,"href":"https:\/\/kgv-sellerhausen.de\/index.php?rest_route=\/wp\/v2\/users\/1"}],"replies":[{"embeddable":true,"href":"https:\/\/kgv-sellerhausen.de\/index.php?rest_route=%2Fwp%2Fv2%2Fcomments&post=1242"}],"version-history":[{"count":4,"href":"https:\/\/kgv-sellerhausen.de\/index.php?rest_route=\/wp\/v2\/pages\/1242\/revisions"}],"predecessor-version":[{"id":1577,"href":"https:\/\/kgv-sellerhausen.de\/index.php?rest_route=\/wp\/v2\/pages\/1242\/revisions\/1577"}],"wp:attachment":[{"href":"https:\/\/kgv-sellerhausen.de\/index.php?rest_route=%2Fwp%2Fv2%2Fmedia&parent=1242"}],"curies":[{"name":"wp","href":"https:\/\/api.w.org\/{rel}","templated":true}]}}