{"id":1244,"date":"2024-05-22T19:28:09","date_gmt":"2024-05-22T19:28:09","guid":{"rendered":"http:\/\/kgv-sellerhausen.de\/?page_id=1244"},"modified":"2024-06-17T18:27:29","modified_gmt":"2024-06-17T18:27:29","slug":"august","status":"publish","type":"page","link":"https:\/\/kgv-sellerhausen.de\/?page_id=1244","title":{"rendered":"August"},"content":{"rendered":"\n<h2 class=\"wp-block-heading\">Gartenarbeiten im August:<\/h2>\n\n\n<p align=\"justify\">Im August neigt sich der Som\u00admer so langsam dem Ende. Die Tage wer\u00adden k\u00fcrz\u00ader und das Pflanzenwach\u00ads\u00adtum nimmt langsam ab. Was gibt es im August zu tun?<\/p>\n\n\n<h3 class=\"wp-block-heading\">Gem\u00fcsebeet<\/h3>\n\n\n\n<ul class=\"wp-block-list\">\n<li>Im August wer\u00adden viele Gem\u00fcse geern\u00adtet. Entwed\u00ader bringt ihr nach der Ernte eine Fol\u00adgekul\u00adtur ein (z.B. Spinat und Feld\u00adsalat direkt ins Frei\u00adland auss\u00e4hen) oder ihr s\u00e4ht Gr\u00fcnd\u00fcnger auf die Beete.<\/li>\n\n\n\n<li>Die Tomat\u00aden wer\u00adden weit\u00ader\u00adhin von Geiztrieben befre\u00adit.<\/li>\n<\/ul>\n\n\n\n<h3 class=\"wp-block-heading\">Beeren und Obst<\/h3>\n\n\n\n<ul class=\"wp-block-list\">\n<li>Ernte von Steinob\u00adst (vom Baum oder als Fal\u00adlob\u00adst).\n<ul class=\"wp-block-list\">\n<li>Fal\u00adlob\u00adst auch immer auf\u00adsam\u00admeln, um Krankheit\u00aden und Sch\u00e4dlinge zu ver\u00admei\u00adden.<\/li>\n\n\n\n<li>Sobald das Steinob\u00adst abge\u00e4rn\u00adtet ist, k\u00f6n\u00adnt ihr die B\u00e4ume und Str\u00e4uch\u00ader schnei\u00adden.<\/li>\n<\/ul>\n<\/li>\n\n\n\n<li>Wenn ihr neue Obst\u00adb\u00e4ume pflanzen wollt \u2013 ist der August ein super Monat daf\u00fcr.<\/li>\n\n\n\n<li>Im Wein wer\u00adden die Geiztriebe aus\u00adge\u00adbrochen und etwaige Trauben von Laub freigelegt.<\/li>\n\n\n\n<li>Wenn ihr f\u00fcr das kom\u00admende Jahr Erd\u00adbeeren pflanzen m\u00f6chtet, so macht das jet\u00adzt.<\/li>\n\n\n\n<li>Im August k\u00f6n\u00adnt ihr sehr gut Steck\u00adlinge von euren Beeren\u00adstr\u00e4uch\u00adern nehmen.<\/li>\n<\/ul>\n\n\n\n<h3 class=\"wp-block-heading\">Blumen, Stauden, Zierstr\u00e4ucher<\/h3>\n\n\n\n<ul class=\"wp-block-list\">\n<li>Beete wer\u00adden regelm\u00e4\u00dfig aufge\u00adlock\u00adert.<\/li>\n\n\n\n<li>Ver\u00adwelk\u00adte Bl\u00fcten wer\u00adden ent\u00adfer\u00adnt.<\/li>\n\n\n\n<li>Zu gro\u00df gewor\u00addene Stau\u00adden k\u00f6n\u00adnt ihr im August teilen.<\/li>\n\n\n\n<li>S\u00e4m\u00adlinge von ein- und zwei\u00adj\u00e4hri\u00adgen Pflanzen wer\u00adden pikiert und nachge\u00adzo\u00adgene zwei\u00adj\u00e4hrige Pflanzen wer\u00adden aus\u00adgepflanzt.<\/li>\n<\/ul>\n\n\n\n<h3 class=\"wp-block-heading\">Was sonst noch im August anf\u00e4llt<\/h3>\n\n\n\n<ul class=\"wp-block-list\">\n<li>Der Rasen\u00adschnitt sollte nun sel\u00adtener und h\u00f6her erfol\u00adgen, da er im hei\u00dfen August leicht aus\u00adtrock\u00adnet. Achtet unbe\u00add\u00adingt auf aus\u00adre\u00adichende Bew\u00e4sserung.<\/li>\n\n\n\n<li>Wer noch ein\u00admal d\u00fcn\u00adgen m\u00f6chte sollte das jet\u00adzt tun und dann erst wieder im Fr\u00fch\u00adjahr.<\/li>\n<\/ul>\n\n\n\n<figure class=\"wp-block-image size-full is-resized\"><img fetchpriority=\"high\" decoding=\"async\" width=\"640\" height=\"480\" src=\"https:\/\/kgv-sellerhausen.de\/wp-content\/uploads\/2024\/05\/Cherry.jpg\" alt=\"KGV Leipzig-Sellerhausen e.V. im August - Kirschen\" class=\"wp-image-1222\" style=\"width:889px;height:auto\" srcset=\"https:\/\/kgv-sellerhausen.de\/wp-content\/uploads\/2024\/05\/Cherry.jpg 640w, https:\/\/kgv-sellerhausen.de\/wp-content\/uploads\/2024\/05\/Cherry-300x225.jpg 300w\" sizes=\"(max-width: 640px) 100vw, 640px\"><figcaption class=\"wp-element-caption\">KGV Leipzig-Sell\u00ader\u00adhausen e.V. im August \u2014 Kirschen<\/figcaption><\/figure>\n","protected":false},"excerpt":{"rendered":"<p>Garte\u00adnar\u00adbeit\u00aden im August: Im August neigt sich der Som\u00admer so langsam dem Ende. Die Tage wer\u00adden k\u00fcrz\u00ader und das Pflanzenwach\u00ads\u00adtum nimmt langsam ab. Was gibt es im August zu tun? Gem\u00fcse\u00adbeet Beeren und Obst Blu\u00admen, Stau\u00adden, Zier\u00adstr\u00e4uch\u00ader Was son\u00adst noch im August anf\u00e4llt<\/p>\n","protected":false},"author":1,"featured_media":0,"parent":0,"menu_order":0,"comment_status":"closed","ping_status":"closed","template":"","meta":{"wp_typography_post_enhancements_disabled":false,"ngg_post_thumbnail":0,"footnotes":""},"class_list":["post-1244","page","type-page","status-publish","hentry"],"yoast_head":"<!-- This site is optimized with the Yoast SEO plugin v27.5 - https:\/\/yoast.com\/product\/yoast-seo-wordpress\/ -->\n<title>August - Kleingartenverein Leipzig-Sellerhausen e.V. - Verbundenheit seit 1896<\/title>\n<meta name=\"description\" content=\"Auf nachstehender Seite findet ihr die zu erledigenden Gartenarbeiten im Kleingartenverein Leipzig-Sellerhausen e.V. im Monat August\" \/>\n<meta name=\"robots\" content=\"index, follow, max-snippet:-1, max-image-preview:large, max-video-preview:-1\" \/>\n<link rel=\"canonical\" href=\"https:\/\/kgv-sellerhausen.de\/?page_id=1244\" \/>\n<meta property=\"og:locale\" content=\"de_DE\" \/>\n<meta property=\"og:type\" content=\"article\" \/>\n<meta property=\"og:title\" content=\"August - Kleingartenverein Leipzig-Sellerhausen e.V. - Verbundenheit seit 1896\" \/>\n<meta property=\"og:description\" content=\"Auf nachstehender Seite findet ihr die zu erledigenden Gartenarbeiten im Kleingartenverein Leipzig-Sellerhausen e.V. im Monat August\" \/>\n<meta property=\"og:url\" content=\"https:\/\/kgv-sellerhausen.de\/?page_id=1244\" \/>\n<meta property=\"og:site_name\" content=\"Kleingartenverein Leipzig-Sellerhausen e.V. - Verbundenheit seit 1896\" \/>\n<meta property=\"article:publisher\" content=\"https:\/\/facebook.com\/yoast\" \/>\n<meta property=\"article:modified_time\" content=\"2024-06-17T18:27:29+00:00\" \/>\n<meta property=\"og:image\" content=\"https:\/\/kgv-sellerhausen.de\/wp-content\/uploads\/2024\/05\/Cherry.jpg\" \/>\n<meta name=\"twitter:card\" content=\"summary_large_image\" \/>\n<meta name=\"twitter:label1\" content=\"Gesch\u00e4tzte Lesezeit\" \/>\n\t<meta name=\"twitter:data1\" content=\"2\u00a0Minuten\" \/>\n<script type=\"application\/ld+json\" class=\"yoast-schema-graph\">{\"@context\":\"https:\\\/\\\/schema.org\",\"@graph\":[{\"@type\":\"WebPage\",\"@id\":\"https:\\\/\\\/kgv-sellerhausen.de\\\/?page_id=1244\",\"url\":\"https:\\\/\\\/kgv-sellerhausen.de\\\/?page_id=1244\",\"name\":\"August - Kleingartenverein Leipzig-Sellerhausen e.V. - Verbundenheit seit 1896\",\"isPartOf\":{\"@id\":\"https:\\\/\\\/kgv-sellerhausen.de\\\/#website\"},\"primaryImageOfPage\":{\"@id\":\"https:\\\/\\\/kgv-sellerhausen.de\\\/?page_id=1244#primaryimage\"},\"image\":{\"@id\":\"https:\\\/\\\/kgv-sellerhausen.de\\\/?page_id=1244#primaryimage\"},\"thumbnailUrl\":\"https:\\\/\\\/kgv-sellerhausen.de\\\/wp-content\\\/uploads\\\/2024\\\/05\\\/Cherry.jpg\",\"datePublished\":\"2024-05-22T19:28:09+00:00\",\"dateModified\":\"2024-06-17T18:27:29+00:00\",\"description\":\"Auf nachstehender Seite findet ihr die zu erledigenden Gartenarbeiten im Kleingartenverein Leipzig-Sellerhausen e.V. im Monat August\",\"breadcrumb\":{\"@id\":\"https:\\\/\\\/kgv-sellerhausen.de\\\/?page_id=1244#breadcrumb\"},\"inLanguage\":\"de\",\"potentialAction\":[{\"@type\":\"ReadAction\",\"target\":[\"https:\\\/\\\/kgv-sellerhausen.de\\\/?page_id=1244\"]}]},{\"@type\":\"ImageObject\",\"inLanguage\":\"de\",\"@id\":\"https:\\\/\\\/kgv-sellerhausen.de\\\/?page_id=1244#primaryimage\",\"url\":\"https:\\\/\\\/kgv-sellerhausen.de\\\/wp-content\\\/uploads\\\/2024\\\/05\\\/Cherry.jpg\",\"contentUrl\":\"https:\\\/\\\/kgv-sellerhausen.de\\\/wp-content\\\/uploads\\\/2024\\\/05\\\/Cherry.jpg\",\"width\":640,\"height\":480,\"caption\":\"KGV Leipzig-Sellerhausen e.V. im August - Kirschen\"},{\"@type\":\"BreadcrumbList\",\"@id\":\"https:\\\/\\\/kgv-sellerhausen.de\\\/?page_id=1244#breadcrumb\",\"itemListElement\":[{\"@type\":\"ListItem\",\"position\":1,\"name\":\"Startseite\",\"item\":\"https:\\\/\\\/kgv-sellerhausen.de\\\/\"},{\"@type\":\"ListItem\",\"position\":2,\"name\":\"August\"}]},{\"@type\":\"WebSite\",\"@id\":\"https:\\\/\\\/kgv-sellerhausen.de\\\/#website\",\"url\":\"https:\\\/\\\/kgv-sellerhausen.de\\\/\",\"name\":\"Kleingartenverein Leipzig-Sellerhausen e.V. - Verbundenheit seit 1896\",\"description\":\"Wilkommen auf der Homepage des Kleingartenvereins Leipzig-Sellerhausen e.V.\",\"publisher\":{\"@id\":\"https:\\\/\\\/kgv-sellerhausen.de\\\/#organization\"},\"potentialAction\":[{\"@type\":\"SearchAction\",\"target\":{\"@type\":\"EntryPoint\",\"urlTemplate\":\"https:\\\/\\\/kgv-sellerhausen.de\\\/?s={search_term_string}\"},\"query-input\":{\"@type\":\"PropertyValueSpecification\",\"valueRequired\":true,\"valueName\":\"search_term_string\"}}],\"inLanguage\":\"de\"},{\"@type\":\"Organization\",\"@id\":\"https:\\\/\\\/kgv-sellerhausen.de\\\/#organization\",\"name\":\"Kleingartenverein Leipzig-Sellerhausen e.V.\",\"url\":\"https:\\\/\\\/kgv-sellerhausen.de\\\/\",\"logo\":{\"@type\":\"ImageObject\",\"inLanguage\":\"de\",\"@id\":\"https:\\\/\\\/kgv-sellerhausen.de\\\/#\\\/schema\\\/logo\\\/image\\\/\",\"url\":\"https:\\\/\\\/kgv-sellerhausen.de\\\/wp-content\\\/uploads\\\/2024\\\/05\\\/Leipzig-Sellerhausen-orrn7waee5jolxaot3h4nm08huu6cgwh2w5vb4fxio-7.jpg\",\"contentUrl\":\"https:\\\/\\\/kgv-sellerhausen.de\\\/wp-content\\\/uploads\\\/2024\\\/05\\\/Leipzig-Sellerhausen-orrn7waee5jolxaot3h4nm08huu6cgwh2w5vb4fxio-7.jpg\",\"width\":1024,\"height\":600,\"caption\":\"Kleingartenverein Leipzig-Sellerhausen e.V.\"},\"image\":{\"@id\":\"https:\\\/\\\/kgv-sellerhausen.de\\\/#\\\/schema\\\/logo\\\/image\\\/\"},\"sameAs\":[\"https:\\\/\\\/facebook.com\\\/yoast\"]}]}<\/script>\n<!-- \/ Yoast SEO plugin. -->","yoast_head_json":{"title":"August - Kleingartenverein Leipzig-Sellerhausen e.V. - Verbundenheit seit 1896","description":"Auf nachstehender Seite findet ihr die zu erledigenden Gartenarbeiten im Kleingartenverein Leipzig-Sellerhausen e.V. im Monat August","robots":{"index":"index","follow":"follow","max-snippet":"max-snippet:-1","max-image-preview":"max-image-preview:large","max-video-preview":"max-video-preview:-1"},"canonical":"https:\/\/kgv-sellerhausen.de\/?page_id=1244","og_locale":"de_DE","og_type":"article","og_title":"August - Kleingartenverein Leipzig-Sellerhausen e.V. - Verbundenheit seit 1896","og_description":"Auf nachstehender Seite findet ihr die zu erledigenden Gartenarbeiten im Kleingartenverein Leipzig-Sellerhausen e.V. im Monat August","og_url":"https:\/\/kgv-sellerhausen.de\/?page_id=1244","og_site_name":"Kleingartenverein Leipzig-Sellerhausen e.V. - Verbundenheit seit 1896","article_publisher":"https:\/\/facebook.com\/yoast","article_modified_time":"2024-06-17T18:27:29+00:00","og_image":[{"url":"https:\/\/kgv-sellerhausen.de\/wp-content\/uploads\/2024\/05\/Cherry.jpg","type":"","width":"","height":""}],"twitter_card":"summary_large_image","twitter_misc":{"Gesch\u00e4tzte Lesezeit":"2\u00a0Minuten"},"schema":{"@context":"https:\/\/schema.org","@graph":[{"@type":"WebPage","@id":"https:\/\/kgv-sellerhausen.de\/?page_id=1244","url":"https:\/\/kgv-sellerhausen.de\/?page_id=1244","name":"August - Kleingartenverein Leipzig-Sellerhausen e.V. - Verbundenheit seit 1896","isPartOf":{"@id":"https:\/\/kgv-sellerhausen.de\/#website"},"primaryImageOfPage":{"@id":"https:\/\/kgv-sellerhausen.de\/?page_id=1244#primaryimage"},"image":{"@id":"https:\/\/kgv-sellerhausen.de\/?page_id=1244#primaryimage"},"thumbnailUrl":"https:\/\/kgv-sellerhausen.de\/wp-content\/uploads\/2024\/05\/Cherry.jpg","datePublished":"2024-05-22T19:28:09+00:00","dateModified":"2024-06-17T18:27:29+00:00","description":"Auf nachstehender Seite findet ihr die zu erledigenden Gartenarbeiten im Kleingartenverein Leipzig-Sellerhausen e.V. im Monat August","breadcrumb":{"@id":"https:\/\/kgv-sellerhausen.de\/?page_id=1244#breadcrumb"},"inLanguage":"de","potentialAction":[{"@type":"ReadAction","target":["https:\/\/kgv-sellerhausen.de\/?page_id=1244"]}]},{"@type":"ImageObject","inLanguage":"de","@id":"https:\/\/kgv-sellerhausen.de\/?page_id=1244#primaryimage","url":"https:\/\/kgv-sellerhausen.de\/wp-content\/uploads\/2024\/05\/Cherry.jpg","contentUrl":"https:\/\/kgv-sellerhausen.de\/wp-content\/uploads\/2024\/05\/Cherry.jpg","width":640,"height":480,"caption":"KGV Leipzig-Sellerhausen e.V. im August - Kirschen"},{"@type":"BreadcrumbList","@id":"https:\/\/kgv-sellerhausen.de\/?page_id=1244#breadcrumb","itemListElement":[{"@type":"ListItem","position":1,"name":"Startseite","item":"https:\/\/kgv-sellerhausen.de\/"},{"@type":"ListItem","position":2,"name":"August"}]},{"@type":"WebSite","@id":"https:\/\/kgv-sellerhausen.de\/#website","url":"https:\/\/kgv-sellerhausen.de\/","name":"Kleingartenverein Leipzig-Sellerhausen e.V. - Verbundenheit seit 1896","description":"Wilkommen auf der Homepage des Kleingartenvereins Leipzig-Sellerhausen e.V.","publisher":{"@id":"https:\/\/kgv-sellerhausen.de\/#organization"},"potentialAction":[{"@type":"SearchAction","target":{"@type":"EntryPoint","urlTemplate":"https:\/\/kgv-sellerhausen.de\/?s={search_term_string}"},"query-input":{"@type":"PropertyValueSpecification","valueRequired":true,"valueName":"search_term_string"}}],"inLanguage":"de"},{"@type":"Organization","@id":"https:\/\/kgv-sellerhausen.de\/#organization","name":"Kleingartenverein Leipzig-Sellerhausen e.V.","url":"https:\/\/kgv-sellerhausen.de\/","logo":{"@type":"ImageObject","inLanguage":"de","@id":"https:\/\/kgv-sellerhausen.de\/#\/schema\/logo\/image\/","url":"https:\/\/kgv-sellerhausen.de\/wp-content\/uploads\/2024\/05\/Leipzig-Sellerhausen-orrn7waee5jolxaot3h4nm08huu6cgwh2w5vb4fxio-7.jpg","contentUrl":"https:\/\/kgv-sellerhausen.de\/wp-content\/uploads\/2024\/05\/Leipzig-Sellerhausen-orrn7waee5jolxaot3h4nm08huu6cgwh2w5vb4fxio-7.jpg","width":1024,"height":600,"caption":"Kleingartenverein Leipzig-Sellerhausen e.V."},"image":{"@id":"https:\/\/kgv-sellerhausen.de\/#\/schema\/logo\/image\/"},"sameAs":["https:\/\/facebook.com\/yoast"]}]}},"_links":{"self":[{"href":"https:\/\/kgv-sellerhausen.de\/index.php?rest_route=\/wp\/v2\/pages\/1244","targetHints":{"allow":["GET"]}}],"collection":[{"href":"https:\/\/kgv-sellerhausen.de\/index.php?rest_route=\/wp\/v2\/pages"}],"about":[{"href":"https:\/\/kgv-sellerhausen.de\/index.php?rest_route=\/wp\/v2\/types\/page"}],"author":[{"embeddable":true,"href":"https:\/\/kgv-sellerhausen.de\/index.php?rest_route=\/wp\/v2\/users\/1"}],"replies":[{"embeddable":true,"href":"https:\/\/kgv-sellerhausen.de\/index.php?rest_route=%2Fwp%2Fv2%2Fcomments&post=1244"}],"version-history":[{"count":5,"href":"https:\/\/kgv-sellerhausen.de\/index.php?rest_route=\/wp\/v2\/pages\/1244\/revisions"}],"predecessor-version":[{"id":1572,"href":"https:\/\/kgv-sellerhausen.de\/index.php?rest_route=\/wp\/v2\/pages\/1244\/revisions\/1572"}],"wp:attachment":[{"href":"https:\/\/kgv-sellerhausen.de\/index.php?rest_route=%2Fwp%2Fv2%2Fmedia&parent=1244"}],"curies":[{"name":"wp","href":"https:\/\/api.w.org\/{rel}","templated":true}]}}