{"id":153,"date":"2024-05-10T21:15:38","date_gmt":"2024-05-10T21:15:38","guid":{"rendered":"http:\/\/kgv-sellerhausen.de\/?page_id=153"},"modified":"2024-07-19T09:47:25","modified_gmt":"2024-07-19T09:47:25","slug":"ueber-uns","status":"publish","type":"page","link":"https:\/\/kgv-sellerhausen.de\/?page_id=153","title":{"rendered":"Die Geschichte hinter unserem Verein"},"content":{"rendered":"<div class=\"wp-block-image is-style-default\">\n<figure class=\"alignleft size-large is-resized\"><img fetchpriority=\"high\" decoding=\"async\" width=\"642\" height=\"1024\" src=\"https:\/\/kgv-sellerhausen.de\/wp-content\/uploads\/2024\/05\/Emil-Bergmann-642x1024.jpg\" alt class=\"wp-image-224\" style=\"width:253px;height:auto\" srcset=\"https:\/\/kgv-sellerhausen.de\/wp-content\/uploads\/2024\/05\/Emil-Bergmann-642x1024.jpg 642w, https:\/\/kgv-sellerhausen.de\/wp-content\/uploads\/2024\/05\/Emil-Bergmann-188x300.jpg 188w, https:\/\/kgv-sellerhausen.de\/wp-content\/uploads\/2024\/05\/Emil-Bergmann-768x1225.jpg 768w, https:\/\/kgv-sellerhausen.de\/wp-content\/uploads\/2024\/05\/Emil-Bergmann-963x1536.jpg 963w, https:\/\/kgv-sellerhausen.de\/wp-content\/uploads\/2024\/05\/Emil-Bergmann-1284x2048.jpg 1284w, https:\/\/kgv-sellerhausen.de\/wp-content\/uploads\/2024\/05\/Emil-Bergmann-scaled.jpg 1605w\" sizes=\"(max-width: 642px) 100vw, 642px\"><figcaption class=\"wp-element-caption\">(1. Vor\u00adsitzen\u00adder Emil Bergmann 1910 \u2014 1924 \u2014 Quelle Gfrd. Michael War\u00adnack)<\/figcaption><\/figure><\/div>\n\n<p align=\"justify\"><strong>Die Gr\u00fcn\u00addung des Klein\u00adgarten\u00advere\u00adins Leipzig-Sell\u00ader\u00adhausen e.V.<\/strong><\/p>\n<p align=\"justify\">Die Geschichte hin\u00adter unserem Vere\u00adin: Es war im Jahre 1896, genauer gesagt am 25. Okto\u00adber 1896, als sich 32 Gartenbe\u00adsitzer zusam\u00admen\u00adfan\u00adden, um den Garten\u00adbau\u00advere\u00adin Leipzig-Sell\u00ader\u00adhausen durch Ein\u00adtra\u00adgung in das K\u00f6nigliche Amts\u00adgericht Leipzig, Blatt 78, zu gr\u00fcn\u00adden.<\/p>\n<p align=\"justify\">Erst am 01. April 1903 wurde der Vere\u00adin durch seinen mit\u00adtler\u00adweile vierten Vor\u00adsitzen\u00adden Arthur Otto Schulz zum Schre\u00adbervere\u00adin Leipzig-Sell\u00ader\u00adhausen e.V. umge\u00adwan\u00addelt und die erste (nach Gr\u00fcn\u00addung), noch heute im Staat\u00adsarchiv Leipzig hin\u00adter\u00adlegte Satzung, beim k\u00f6niglichen Amts\u00adgericht Leipzig ein\u00adgere\u00adicht. Damit war f\u00fcr den Vere\u00adin der Sta\u00adtus ein\u00ader juris\u00adtis\u00adchen Per\u00adson gegeben.<\/p>\n<p align=\"justify\">Mit Gr\u00fcn\u00addung des Garten\u00adbau\u00advere\u00adins am 25. Okto\u00adber 1896 wurde zun\u00e4chst von der Stadt Leipzig ein St\u00fcck Land angepachtet, um einen Spielplatz zu erricht\u00aden und drum herum ver\u00adpacht\u00adbare Fam\u00adi\u00adlieng\u00e4rten. Gefol\u00adgt wurde damit dem Aufruf des bekan\u00adnten Dr. med. Schre\u00adber, f\u00fcr die leib\u00adliche und geistige Erziehung der Kinder nach besten Kr\u00e4ften zu wirken.<\/p>\n<p align=\"justify\">Mit der Erstel\u00adlung dieser Home\u00adpage hat sich der Vor\u00adstand umfassend mit der Gr\u00fcn\u00addung bzw.&nbsp; His\u00adto\u00adrie des Vere\u00adins auseinan\u00adderge\u00adset\u00adzt. Wir haben dazu viele Stun\u00adden im Stadt- und Staat\u00adsarchiv ver\u00adbracht, ohne zu merken, dass wir in unseren Vere\u00adin\u00adsr\u00e4u\u00admen eigentlich alle rel\u00ade\u00advan\u00adten Infor\u00adma\u00adtio\u00adnen aus den alten Vor\u00adstand\u00adspro\u00adtokollen h\u00e4t\u00adten her\u00adausle\u00adsen k\u00f6n\u00adnen.<\/p>\n<p align=\"justify\">So ist es uns gelun\u00adgen, aus den Vor\u00adstand\u00adspro\u00adtokollen den ersten Vor\u00adstandsvor\u00adsitzen\u00adden des Garten\u00adbau\u00advere\u00adins Leipzig-Sell\u00ader\u00adhausen e.V. her\u00adauszufind\u00aden. Es han\u00addelt sich dabei um Her\u00adrn Her\u00admann Rosenkranz, der bere\u00adits drei Monate nach Gr\u00fcn\u00addung die ersten Vor\u00adstandssitzun\u00adgen im bis in die 90iger Jahre existieren\u00adden Restau\u00adrant \u201eSil\u00adber\u00adpap\u00adpel\u201c durch\u00adf\u00fchrte, um die Geschicke des Vere\u00adins zu lenken.<\/p>\n<p align=\"justify\">Kurios ist, dass es auch aus\u00adgerech\u00adnet dieser erste Vor\u00adsitzende ist, dem ein paar Jahre sp\u00e4ter seit\u00adens sein\u00ader Kassier\u00ader Geld des Vere\u00adins aus\u00adge\u00adh\u00e4ndigt wurde. Dieses wurde von ihm jedoch nicht bes\u00adtim\u00admungs\u00adgem\u00e4\u00df ver\u00adwen\u00addet. Aus den alten in S\u00fct\u00adter\u00adlin-Schrift ver\u00adfassten Pro\u00adtokollen geht ein\u00addeutig her\u00advor, dass ihm dies das Amt kostete und ein Herr Hel\u00adbig seine Nach\u00adfolge als Vere\u00adinsvor\u00adsitzen\u00adder im Jahre 1900 ange\u00adtreten hat.&nbsp;&nbsp;&nbsp;&nbsp;&nbsp;&nbsp;<\/p>\n\n\n<figure class=\"wp-block-image size-large is-resized\"><img decoding=\"async\" width=\"1024\" height=\"748\" src=\"https:\/\/kgv-sellerhausen.de\/wp-content\/uploads\/2024\/05\/Milchkolonie-2-1024x748.jpg\" alt class=\"wp-image-228\" style=\"width:840px;height:auto\" srcset=\"https:\/\/kgv-sellerhausen.de\/wp-content\/uploads\/2024\/05\/Milchkolonie-2-1024x748.jpg 1024w, https:\/\/kgv-sellerhausen.de\/wp-content\/uploads\/2024\/05\/Milchkolonie-2-300x219.jpg 300w, https:\/\/kgv-sellerhausen.de\/wp-content\/uploads\/2024\/05\/Milchkolonie-2-768x561.jpg 768w, https:\/\/kgv-sellerhausen.de\/wp-content\/uploads\/2024\/05\/Milchkolonie-2.jpg 1390w\" sizes=\"(max-width: 1024px) 100vw, 1024px\"><\/figure>\n\n\n\n<p><sup>(Milchkolonie um 1903 \u2014 Quelle: Gfrd. Michael War\u00adnack)<\/sup><\/p>\n\n\n<p align=\"justify\"><strong>Die Milchkolonien im Schre\u00adbervere\u00adin Leipzig-Sell\u00ader\u00adhausen e.V. um das Jahr 1903<\/strong><\/p>\n<p align=\"justify\">Bere\u00adits im Jahre 1903 wurde im Schre\u00adbervere\u00adin Leipzig-Sell\u00ader\u00adhausen e.V. eine Milchkolonie errichtet.<\/p>\n<p align=\"justify\">Die Idee der Milchkolonien ent\u00adstand aus dem Gedanken, kr\u00e4n\u00adkliche, zumeist unter\u00adern\u00e4hrte, schulpflichtige Kinder im Som\u00admer w\u00e4hrend der Schulfe\u00adrien die M\u00f6glichkeit zu geben, sich zu erholen und ein\u00ader gesun\u00adden Ern\u00e4hrung zu fol\u00adgen. Der Kinder- und Jugendpflege wurde in den n\u00e4ch\u00adsten Jahren, wie in vie\u00adlen Leipziger Schre\u00adbervere\u00adinen die gr\u00f6\u00dfte Bedeu\u00adtung gewid\u00admet.<\/p>\n<p align=\"justify\">Im Jahre 1907 erfol\u00adgte seit\u00adens des dama\u00adli\u00adgen 1. Vor\u00adsitzen\u00adden Adolf Baufeld der erste \u00f6ffentliche Bericht des Schre\u00adbervere\u00adins Leipzig-Sell\u00ader\u00adhausen und er legte Rechen\u00adschaft \u00fcber die T\u00e4tigkeit des Vere\u00adins bez\u00fcglich der Milchkolonien ab.<\/p>\n<p align=\"justify\">Im beson\u00adderen Ma\u00dfe wurde darauf ver\u00adwiesen, dass es schwierig war mit den teils wesentlich \u00e4lteren Brud\u00adervere\u00adinen in Leipzig mitzuhal\u00adten. Mit der \u00fcber\u00adnom\u00admen Beze\u00adich\u00adnung \u201eSchre\u00adbervere\u00adin\u201c im Jahre 1903 wurde die Verpflich\u00adtung \u00fcber\u00adnom\u00admen, ein Eltern- und Erziehungsvere\u00adin zu sein. Aus dem Bericht des Jahres 1907 l\u00e4sst sich auch ent\u00adnehmen, dass der Schre\u00adbervere\u00adin Leipzig-Sell\u00ader\u00adhausen nicht nur f\u00fcr den Stadt\u00adteil Sell\u00ader\u00adhausen ein wichtiger Anlauf\u00adpunkt war, vielmehr erstreck\u00adte sich die Arbeit und das mit den Milchkolonien errichtete Ange\u00adbot auf den gesamten Osten und Nor\u00addosten der Stadt Leipzig mit den Stadt\u00adteilen Sell\u00ader\u00adhausen, Volk\u00admars\u00addorf, Neusch\u00f6ne\u00adfeld, Anger-Crot\u00adten\u00addorf und Reud\u00adnitz.<\/p>\n<p align=\"justify\">So gibt es in Leipzig Vere\u00adine, die im Durch\u00adschnitt pro Jahr etwa 250 \u2013 300 Kinder mit Mahlzeit\u00aden \u00fcber die Milchkolonien verpflegt haben.<\/p>\n<p align=\"justify\">Der Schre\u00adbervere\u00adin Leipzig-Sell\u00ader\u00adhausen hat es in 11 Jahren (von 1910 \u2013 1921) auf 8.828 Kinder gebracht, was einem j\u00e4hrlichen Durch\u00adschnitt von 803 Kindern entspricht. Neben der Verk\u00f6s\u00adti\u00adgung der Kinder in den Milchkolonien war es auch \u00fcblich Spiele, Wan\u00adderun\u00adgen und Badeg\u00e4nge abzuhal\u00adten. Dies hat schon zu dama\u00adli\u00adgen Zeit\u00aden Unsum\u00admen an Geldern ver\u00adschlun\u00adgen. Die Vere\u00adin\u00adsun\u00adter\u00adla\u00adgen und die Archive reden von \u00fcber 60.000,- Mark und durch\u00adschnit\u00adtlich 5.000,- Mark j\u00e4hrlich. Gezahlt wer\u00adden kon\u00adnten diese Sum\u00admen nur durch Unter\u00adst\u00fctzung von frei\u00adwilli\u00adgen Spendern, Fir\u00admen\u00adzuwen\u00addun\u00adgen und Unter\u00adst\u00fctzung des Stiftungsamtes der Stadt Leipzig.<\/p>\n<p align=\"justify\">Das Stiftungsamt der Stadt Leipzig f\u00fchrte zur dama\u00adli\u00adgen Zeit z.B. die \u201eStiftung eines Men\u00adschen\u00adfre\u00adun\u00addes\u201c. Aus dieser Stiftung her\u00adaus kon\u00adnten j\u00e4hrlich Mit\u00adtel beantragt wer\u00adden, um die Arbeit der Milchkolonien zu unter\u00adst\u00fctzen.<\/p>\n<p align=\"justify\">In unseren Archivun\u00adter\u00adla\u00adgen befind\u00aden sich mehrere dieser Antr\u00e4ge, die sein\u00aderzeit vom 1. Vor\u00adsitzen\u00adden Emil Bergmann ab 1911 ein\u00adgere\u00adicht wor\u00adden sind.<\/p>\n<p align=\"justify\">Auch die Inbe\u00adtrieb\u00adnahme des Vere\u00adin\u00adshaus\u00ades als eigen\u00ader Wirtschafts\u00adbe\u00adtrieb im Jahre 1903 zur Abhal\u00adtung eigen\u00ader Ver\u00adanstal\u00adtun\u00adgen war ma\u00dfge\u00adblich f\u00fcr die Finanzierung der Milchkolonien. Die Erl\u00f6se eigen\u00ader Ver\u00adanstal\u00adtun\u00adgen flossen diesem Zwecke zu.<\/p>\n<p align=\"justify\">Aus unseren Unter\u00adla\u00adgen geht u.a.&nbsp; her\u00advor, dass das Vere\u00adin\u00adshaus in den Win\u00adter\u00admonat\u00aden als Kinder\u00adhort ein\u00adgerichtet wor\u00adden ist. In diesem Kinder\u00adhort wurde an zwei schul\u00adfreien Wochen\u00adt\u00ada\u00adgen von 2 \u2013 4 Uhr nach\u00admit\u00adtags Handw\u00aderk\u00adsun\u00adter\u00adricht unter Auf\u00adsicht von Lehrern erteilt. Lei\u00adder kon\u00adnte das Vere\u00adin\u00adshaus zum dama\u00adli\u00adgen Zeit\u00adpunkt lediglich 80 Kinder aufnehmen, so dass viele Kinder abgelehnt wer\u00adden mussten.<\/p>\n<p align=\"justify\">Mit Vor\u00adstands\u00adbeschluss aus dem Jahre 1911 unter dem 1. Vor\u00adsitzen\u00adden Emil Bergmann (1910 \u2013 1924 und weit\u00ader\u00adhin 1930 \u2013 1940) wurde beschlossen, dass die eige\u00adnen bed\u00fcrfti\u00adgen Vere\u00adin\u00adskinder finanzschwach\u00ader Vere\u00adins\u00admit\u00adglieder kosten\u00adfrei an der Ver\u00adsorgung durch die Milchkolonie teil\u00adnehmen kon\u00adnten. Kinder bess\u00ader gestell\u00adter Garten\u00adfre\u00adunde mussten 1,50 Mark pro Kind und Kinder von Nicht\u00admit\u00adgliedern 5,- Mark bezahlen. Jedes Kind erhielt t\u00e4glich 1 Liter Milch und 2 Br\u00f6tchen, f\u00fcr die dama\u00adlige Zeit f\u00fcr manche Kinder die einzige Mahlzeit am Tag.<\/p>\n<p align=\"justify\">Eines der Hauptziele der Milchkolonien war die Gewicht\u00adszu\u00adnahme der Kinder. Wir d\u00fcr\u00adfen die dama\u00adlige Zeit und die beste\u00adhende Armut und Man\u00adgel\u00adern\u00e4hrung nicht vergessen. Heute im Jahr 2016 ist dies alles nur noch schw\u00ader vorstell\u00adbar. So wur\u00adden j\u00e4hrlich Gewichtsver\u00admes\u00adsun\u00adgen der Kinder vorgenom\u00admen und durch\u00adschnit\u00adtlich wurde eine Gewicht\u00adszu\u00adnahme von 6 Pfund fest\u00adgestellt (6 Pfund = 2,72 Kilo).<\/p>\n<p align=\"justify\">Wie auch heute waren damals schon die Som\u00admer\u00adfeste des Vere\u00adins das gro\u00dfe allj\u00e4hrliche High\u00adlight. In den Aufze\u00adich\u00adnun\u00adgen und Chroniken des Vere\u00adins wird davon gere\u00addet, dass zumeist um die 1000 Kinder am Fes\u00adtumzug mit Fest\u00adwa\u00adgen in Begleitung des Tromm\u00adler- und Pfeifer\u00adko\u00adrps teilgenom\u00admen haben. Bere\u00adits in der Zeit vor dem 1. Weltkrieg (1914 \u2013 1918) gab es in unserem Vere\u00adin einen Gesangsvere\u00adin bzw. ein Tromm\u00adler- und Pfeifer\u00adko\u00adrps. Aus dem ersten T\u00e4tigkeits\u00adbericht des Jahres 1907 geht her\u00advor, dass sich dieser Korps aus 38 Kindern unter der Leitung der Lehrer Knolle und Uhde zusam\u00admenge\u00adset\u00adzt hat.<\/p>\n<p align=\"justify\">Mit Aus\u00adbruch des 1. Weltkrieges kam das gesellschaftliche Leben auch in unserem Vere\u00adin nahezu zum Erliegen. Som\u00admer\u00adfeste wur\u00adden nicht mehr durchge\u00adf\u00fchrt, der vorhan\u00addene S\u00e4ngervere\u00adin bzw. Tromm\u00adler- und Pfeifer\u00adko\u00adrps (dies geht aus unseren Aufze\u00adich\u00adnun\u00adgen nicht so genau her\u00advor) wurde aufgel\u00f6st. Aus den Finanzbit\u00adten des Vor\u00adstandes an das Stiftungsamt der Stadt Leipzig bzw. die Stiftung eines Men\u00adschen\u00adfre\u00adun\u00addes geht her\u00advor, dass viele der eige\u00adnen Garten\u00adfre\u00adunde einge\u00adzo\u00adgen wor\u00adden sind und zu diesem Zeit\u00adpunkt in den Sch\u00fctzen\u00adgr\u00e4ben lagen.<\/p>\n<p align=\"justify\">Erst im Feb\u00adru\u00adar des Jahres 1919 und nach Ende des ersten Weltkrieges kon\u00adnte der Tromm\u00adler- und Pfeifer\u00adko\u00adrps neu errichtet und mit Fah\u00adnen\u00adwei\u00adhe im Sep\u00adtem\u00adber 1919 endg\u00fcltig gegr\u00fcn\u00addet wer\u00adden. Die Kosten dieser Fah\u00adnen\u00adwei\u00adhe wur\u00adden sein\u00aderzeit durch Spenden real\u00adisiert.<\/p>\n<p align=\"justify\">Da unser Vere\u00adin niemals eine eigene Vere\u00adins\u00adfahne sein eigen nen\u00adnen kon\u00adnte, ist die heute noch existierende Fahne des Tromm\u00adler- und Pfeifer\u00adko\u00adrps aus dem Jahre 1919 unser gr\u00f6\u00dfter verblieben\u00ader Vere\u00adins-Schatz. Diese Fahne befind\u00adet sich bis heute im hau\u00adseige\u00adnen Muse\u00adum im Klein\u00adgarten\u00advere\u00adin Leipzig-Sell\u00ader\u00adhausen e.V. und kann inter\u00adessierten Garten\u00adfre\u00adun\u00adden gerne vorgezeigt wer\u00adden. Das im Jahr 1903 erbaute Vere\u00adin\u00adshaus reichte bald den Anspr\u00fcchen des Vere\u00adins nicht mehr aus, so dass im Jahre 1925 der Neubau beschlossen und 1926 fer\u00adtiggestellt wurde. Dies fand u.a. seine Begr\u00fcn\u00addung in der ras\u00adan\u00adten Ver\u00adgr\u00f6\u00dferung des Vere\u00adines und der Zunahme der Mit\u00adgliederzahlen. Bere\u00adits im Jahre 1921 z\u00e4hlte der Vere\u00adin 680 aktive Vere\u00adins\u00admit\u00adglieder. Bis heute ist diese Zahl bei noch knapp 390 vorhan\u00adde\u00adnen Parzellen ann\u00e4h\u00adernd gle\u00adich geblieben.<\/p>","protected":false},"excerpt":{"rendered":"<p>Die Gr\u00fcn\u00addung des Klein\u00adgarten\u00advere\u00adins Leipzig-Sel\u00adl\u00ad\u00ader\u00adhausen e.V. Die Geschichte hin\u00adter unserem Vere\u00adin: Es war im Jahre 1896, genauer gesagt am 25. Okto\u00adber 1896, als sich 32 Gartenbe\u00adsitzer zusam\u00admen\u00adfan\u00adden, um den Garten\u00adbau\u00advere\u00adin Leipzig-Sel\u00adl\u00ad\u00ader\u00adhausen durch Ein\u00adtra\u00adgung in das K\u00f6nigliche Amts\u00adgericht Leipzig, Blatt 78, zu gr\u00fcn\u00adden. Erst am 01. April 1903 wurde der Vere\u00adin durch seinen mit\u00adtler\u00adweile vierten Vor\u00adsitzen\u00adden Arthur Otto Schulz zum Schre\u00adbervere\u00adin<\/p>\n","protected":false},"author":1,"featured_media":0,"parent":33,"menu_order":1,"comment_status":"closed","ping_status":"closed","template":"","meta":{"wp_typography_post_enhancements_disabled":false,"ngg_post_thumbnail":0,"footnotes":""},"class_list":["post-153","page","type-page","status-publish","hentry"],"yoast_head":"<!-- This site is optimized with the Yoast SEO plugin v27.4 - https:\/\/yoast.com\/product\/yoast-seo-wordpress\/ -->\n<title>Die Geschichte hinter unserem Verein - Kleingartenverein Leipzig-Sellerhausen e.V. - Verbundenheit seit 1896<\/title>\n<meta name=\"description\" content=\"Die erfolgreiche Geschichte hinter unserem Verein sowie der Milchkolonien im Kleingartenverein Leipzig-Sellerhausen e.v.\" \/>\n<meta name=\"robots\" content=\"index, follow, max-snippet:-1, max-image-preview:large, max-video-preview:-1\" \/>\n<link rel=\"canonical\" href=\"https:\/\/kgv-sellerhausen.de\/?page_id=153\" \/>\n<meta property=\"og:locale\" content=\"de_DE\" \/>\n<meta property=\"og:type\" content=\"article\" \/>\n<meta property=\"og:title\" content=\"Die Geschichte hinter unserem Verein - Kleingartenverein Leipzig-Sellerhausen e.V. - Verbundenheit seit 1896\" \/>\n<meta property=\"og:description\" content=\"Die erfolgreiche Geschichte hinter unserem Verein sowie der Milchkolonien im Kleingartenverein Leipzig-Sellerhausen e.v.\" \/>\n<meta property=\"og:url\" content=\"https:\/\/kgv-sellerhausen.de\/?page_id=153\" \/>\n<meta property=\"og:site_name\" content=\"Kleingartenverein Leipzig-Sellerhausen e.V. - Verbundenheit seit 1896\" \/>\n<meta property=\"article:publisher\" content=\"https:\/\/facebook.com\/yoast\" \/>\n<meta property=\"article:modified_time\" content=\"2024-07-19T09:47:25+00:00\" \/>\n<meta property=\"og:image\" content=\"http:\/\/kgv-sellerhausen.de\/wp-content\/uploads\/2024\/05\/Emil-Bergmann-642x1024.jpg\" \/>\n<meta name=\"twitter:card\" content=\"summary_large_image\" \/>\n<meta name=\"twitter:label1\" content=\"Gesch\u00e4tzte Lesezeit\" \/>\n\t<meta name=\"twitter:data1\" content=\"8\u00a0Minuten\" \/>\n<script type=\"application\/ld+json\" class=\"yoast-schema-graph\">{\"@context\":\"https:\\\/\\\/schema.org\",\"@graph\":[{\"@type\":\"WebPage\",\"@id\":\"https:\\\/\\\/kgv-sellerhausen.de\\\/?page_id=153\",\"url\":\"https:\\\/\\\/kgv-sellerhausen.de\\\/?page_id=153\",\"name\":\"Die Geschichte hinter unserem Verein - Kleingartenverein Leipzig-Sellerhausen e.V. - Verbundenheit seit 1896\",\"isPartOf\":{\"@id\":\"https:\\\/\\\/kgv-sellerhausen.de\\\/#website\"},\"primaryImageOfPage\":{\"@id\":\"https:\\\/\\\/kgv-sellerhausen.de\\\/?page_id=153#primaryimage\"},\"image\":{\"@id\":\"https:\\\/\\\/kgv-sellerhausen.de\\\/?page_id=153#primaryimage\"},\"thumbnailUrl\":\"http:\\\/\\\/kgv-sellerhausen.de\\\/wp-content\\\/uploads\\\/2024\\\/05\\\/Emil-Bergmann-642x1024.jpg\",\"datePublished\":\"2024-05-10T21:15:38+00:00\",\"dateModified\":\"2024-07-19T09:47:25+00:00\",\"description\":\"Die erfolgreiche Geschichte hinter unserem Verein sowie der Milchkolonien im Kleingartenverein Leipzig-Sellerhausen e.v.\",\"breadcrumb\":{\"@id\":\"https:\\\/\\\/kgv-sellerhausen.de\\\/?page_id=153#breadcrumb\"},\"inLanguage\":\"de\",\"potentialAction\":[{\"@type\":\"ReadAction\",\"target\":[\"https:\\\/\\\/kgv-sellerhausen.de\\\/?page_id=153\"]}]},{\"@type\":\"ImageObject\",\"inLanguage\":\"de\",\"@id\":\"https:\\\/\\\/kgv-sellerhausen.de\\\/?page_id=153#primaryimage\",\"url\":\"http:\\\/\\\/kgv-sellerhausen.de\\\/wp-content\\\/uploads\\\/2024\\\/05\\\/Emil-Bergmann-642x1024.jpg\",\"contentUrl\":\"http:\\\/\\\/kgv-sellerhausen.de\\\/wp-content\\\/uploads\\\/2024\\\/05\\\/Emil-Bergmann-642x1024.jpg\"},{\"@type\":\"BreadcrumbList\",\"@id\":\"https:\\\/\\\/kgv-sellerhausen.de\\\/?page_id=153#breadcrumb\",\"itemListElement\":[{\"@type\":\"ListItem\",\"position\":1,\"name\":\"Startseite\",\"item\":\"https:\\\/\\\/kgv-sellerhausen.de\\\/\"},{\"@type\":\"ListItem\",\"position\":2,\"name\":\"Historie des Vereins\",\"item\":\"https:\\\/\\\/kgv-sellerhausen.de\\\/?page_id=33\"},{\"@type\":\"ListItem\",\"position\":3,\"name\":\"Die Geschichte hinter unserem Verein\"}]},{\"@type\":\"WebSite\",\"@id\":\"https:\\\/\\\/kgv-sellerhausen.de\\\/#website\",\"url\":\"https:\\\/\\\/kgv-sellerhausen.de\\\/\",\"name\":\"Kleingartenverein Leipzig-Sellerhausen e.V. - Verbundenheit seit 1896\",\"description\":\"Wilkommen auf der Homepage des Kleingartenvereins Leipzig-Sellerhausen e.V.\",\"publisher\":{\"@id\":\"https:\\\/\\\/kgv-sellerhausen.de\\\/#organization\"},\"potentialAction\":[{\"@type\":\"SearchAction\",\"target\":{\"@type\":\"EntryPoint\",\"urlTemplate\":\"https:\\\/\\\/kgv-sellerhausen.de\\\/?s={search_term_string}\"},\"query-input\":{\"@type\":\"PropertyValueSpecification\",\"valueRequired\":true,\"valueName\":\"search_term_string\"}}],\"inLanguage\":\"de\"},{\"@type\":\"Organization\",\"@id\":\"https:\\\/\\\/kgv-sellerhausen.de\\\/#organization\",\"name\":\"Kleingartenverein Leipzig-Sellerhausen e.V.\",\"url\":\"https:\\\/\\\/kgv-sellerhausen.de\\\/\",\"logo\":{\"@type\":\"ImageObject\",\"inLanguage\":\"de\",\"@id\":\"https:\\\/\\\/kgv-sellerhausen.de\\\/#\\\/schema\\\/logo\\\/image\\\/\",\"url\":\"https:\\\/\\\/kgv-sellerhausen.de\\\/wp-content\\\/uploads\\\/2024\\\/05\\\/Leipzig-Sellerhausen-orrn7waee5jolxaot3h4nm08huu6cgwh2w5vb4fxio-7.jpg\",\"contentUrl\":\"https:\\\/\\\/kgv-sellerhausen.de\\\/wp-content\\\/uploads\\\/2024\\\/05\\\/Leipzig-Sellerhausen-orrn7waee5jolxaot3h4nm08huu6cgwh2w5vb4fxio-7.jpg\",\"width\":1024,\"height\":600,\"caption\":\"Kleingartenverein Leipzig-Sellerhausen e.V.\"},\"image\":{\"@id\":\"https:\\\/\\\/kgv-sellerhausen.de\\\/#\\\/schema\\\/logo\\\/image\\\/\"},\"sameAs\":[\"https:\\\/\\\/facebook.com\\\/yoast\"]}]}<\/script>\n<!-- \/ Yoast SEO plugin. -->","yoast_head_json":{"title":"Die Geschichte hinter unserem Verein - Kleingartenverein Leipzig-Sellerhausen e.V. - Verbundenheit seit 1896","description":"Die erfolgreiche Geschichte hinter unserem Verein sowie der Milchkolonien im Kleingartenverein Leipzig-Sellerhausen e.v.","robots":{"index":"index","follow":"follow","max-snippet":"max-snippet:-1","max-image-preview":"max-image-preview:large","max-video-preview":"max-video-preview:-1"},"canonical":"https:\/\/kgv-sellerhausen.de\/?page_id=153","og_locale":"de_DE","og_type":"article","og_title":"Die Geschichte hinter unserem Verein - Kleingartenverein Leipzig-Sellerhausen e.V. - Verbundenheit seit 1896","og_description":"Die erfolgreiche Geschichte hinter unserem Verein sowie der Milchkolonien im Kleingartenverein Leipzig-Sellerhausen e.v.","og_url":"https:\/\/kgv-sellerhausen.de\/?page_id=153","og_site_name":"Kleingartenverein Leipzig-Sellerhausen e.V. - Verbundenheit seit 1896","article_publisher":"https:\/\/facebook.com\/yoast","article_modified_time":"2024-07-19T09:47:25+00:00","og_image":[{"url":"http:\/\/kgv-sellerhausen.de\/wp-content\/uploads\/2024\/05\/Emil-Bergmann-642x1024.jpg","type":"","width":"","height":""}],"twitter_card":"summary_large_image","twitter_misc":{"Gesch\u00e4tzte Lesezeit":"8\u00a0Minuten"},"schema":{"@context":"https:\/\/schema.org","@graph":[{"@type":"WebPage","@id":"https:\/\/kgv-sellerhausen.de\/?page_id=153","url":"https:\/\/kgv-sellerhausen.de\/?page_id=153","name":"Die Geschichte hinter unserem Verein - Kleingartenverein Leipzig-Sellerhausen e.V. - Verbundenheit seit 1896","isPartOf":{"@id":"https:\/\/kgv-sellerhausen.de\/#website"},"primaryImageOfPage":{"@id":"https:\/\/kgv-sellerhausen.de\/?page_id=153#primaryimage"},"image":{"@id":"https:\/\/kgv-sellerhausen.de\/?page_id=153#primaryimage"},"thumbnailUrl":"http:\/\/kgv-sellerhausen.de\/wp-content\/uploads\/2024\/05\/Emil-Bergmann-642x1024.jpg","datePublished":"2024-05-10T21:15:38+00:00","dateModified":"2024-07-19T09:47:25+00:00","description":"Die erfolgreiche Geschichte hinter unserem Verein sowie der Milchkolonien im Kleingartenverein Leipzig-Sellerhausen e.v.","breadcrumb":{"@id":"https:\/\/kgv-sellerhausen.de\/?page_id=153#breadcrumb"},"inLanguage":"de","potentialAction":[{"@type":"ReadAction","target":["https:\/\/kgv-sellerhausen.de\/?page_id=153"]}]},{"@type":"ImageObject","inLanguage":"de","@id":"https:\/\/kgv-sellerhausen.de\/?page_id=153#primaryimage","url":"http:\/\/kgv-sellerhausen.de\/wp-content\/uploads\/2024\/05\/Emil-Bergmann-642x1024.jpg","contentUrl":"http:\/\/kgv-sellerhausen.de\/wp-content\/uploads\/2024\/05\/Emil-Bergmann-642x1024.jpg"},{"@type":"BreadcrumbList","@id":"https:\/\/kgv-sellerhausen.de\/?page_id=153#breadcrumb","itemListElement":[{"@type":"ListItem","position":1,"name":"Startseite","item":"https:\/\/kgv-sellerhausen.de\/"},{"@type":"ListItem","position":2,"name":"Historie des Vereins","item":"https:\/\/kgv-sellerhausen.de\/?page_id=33"},{"@type":"ListItem","position":3,"name":"Die Geschichte hinter unserem Verein"}]},{"@type":"WebSite","@id":"https:\/\/kgv-sellerhausen.de\/#website","url":"https:\/\/kgv-sellerhausen.de\/","name":"Kleingartenverein Leipzig-Sellerhausen e.V. - Verbundenheit seit 1896","description":"Wilkommen auf der Homepage des Kleingartenvereins Leipzig-Sellerhausen e.V.","publisher":{"@id":"https:\/\/kgv-sellerhausen.de\/#organization"},"potentialAction":[{"@type":"SearchAction","target":{"@type":"EntryPoint","urlTemplate":"https:\/\/kgv-sellerhausen.de\/?s={search_term_string}"},"query-input":{"@type":"PropertyValueSpecification","valueRequired":true,"valueName":"search_term_string"}}],"inLanguage":"de"},{"@type":"Organization","@id":"https:\/\/kgv-sellerhausen.de\/#organization","name":"Kleingartenverein Leipzig-Sellerhausen e.V.","url":"https:\/\/kgv-sellerhausen.de\/","logo":{"@type":"ImageObject","inLanguage":"de","@id":"https:\/\/kgv-sellerhausen.de\/#\/schema\/logo\/image\/","url":"https:\/\/kgv-sellerhausen.de\/wp-content\/uploads\/2024\/05\/Leipzig-Sellerhausen-orrn7waee5jolxaot3h4nm08huu6cgwh2w5vb4fxio-7.jpg","contentUrl":"https:\/\/kgv-sellerhausen.de\/wp-content\/uploads\/2024\/05\/Leipzig-Sellerhausen-orrn7waee5jolxaot3h4nm08huu6cgwh2w5vb4fxio-7.jpg","width":1024,"height":600,"caption":"Kleingartenverein Leipzig-Sellerhausen e.V."},"image":{"@id":"https:\/\/kgv-sellerhausen.de\/#\/schema\/logo\/image\/"},"sameAs":["https:\/\/facebook.com\/yoast"]}]}},"_links":{"self":[{"href":"https:\/\/kgv-sellerhausen.de\/index.php?rest_route=\/wp\/v2\/pages\/153","targetHints":{"allow":["GET"]}}],"collection":[{"href":"https:\/\/kgv-sellerhausen.de\/index.php?rest_route=\/wp\/v2\/pages"}],"about":[{"href":"https:\/\/kgv-sellerhausen.de\/index.php?rest_route=\/wp\/v2\/types\/page"}],"author":[{"embeddable":true,"href":"https:\/\/kgv-sellerhausen.de\/index.php?rest_route=\/wp\/v2\/users\/1"}],"replies":[{"embeddable":true,"href":"https:\/\/kgv-sellerhausen.de\/index.php?rest_route=%2Fwp%2Fv2%2Fcomments&post=153"}],"version-history":[{"count":38,"href":"https:\/\/kgv-sellerhausen.de\/index.php?rest_route=\/wp\/v2\/pages\/153\/revisions"}],"predecessor-version":[{"id":1677,"href":"https:\/\/kgv-sellerhausen.de\/index.php?rest_route=\/wp\/v2\/pages\/153\/revisions\/1677"}],"up":[{"embeddable":true,"href":"https:\/\/kgv-sellerhausen.de\/index.php?rest_route=\/wp\/v2\/pages\/33"}],"wp:attachment":[{"href":"https:\/\/kgv-sellerhausen.de\/index.php?rest_route=%2Fwp%2Fv2%2Fmedia&parent=153"}],"curies":[{"name":"wp","href":"https:\/\/api.w.org\/{rel}","templated":true}]}}