{"id":170,"date":"2024-05-10T21:32:58","date_gmt":"2024-05-10T21:32:58","guid":{"rendered":"http:\/\/kgv-sellerhausen.de\/?page_id=170"},"modified":"2025-12-27T13:35:37","modified_gmt":"2025-12-27T13:35:37","slug":"arbeitseinsaetze","status":"publish","type":"page","link":"https:\/\/kgv-sellerhausen.de\/?page_id=170","title":{"rendered":"Arbeitseins\u00e4tze KGV Leipzig-Sellerhausen f\u00fcr das Jahr 2026"},"content":{"rendered":"\n<p><strong><mark style=\"background-color:rgba(0, 0, 0, 0)\" class=\"has-inline-color has-vivid-red-color\">Hin\u00adweise zu den Arbeit\u00adsein\u00ads\u00e4tzen \/ Ver\u00adhal\u00adtensregeln:<\/mark><\/strong><\/p>\n\n\n<div class=\"wp-block-image\">\n<figure class=\"alignleft size-full\"><img fetchpriority=\"high\" decoding=\"async\" width=\"400\" height=\"270\" src=\"https:\/\/kgv-sellerhausen.de\/wp-content\/uploads\/2024\/06\/Strato-Gartengeraete-400-270.png\" alt=\"Arbeitseinsatz KGV Leipzig-Sellerhausen e.V.\" class=\"wp-image-1390\" srcset=\"https:\/\/kgv-sellerhausen.de\/wp-content\/uploads\/2024\/06\/Strato-Gartengeraete-400-270.png 400w, https:\/\/kgv-sellerhausen.de\/wp-content\/uploads\/2024\/06\/Strato-Gartengeraete-400-270-300x203.png 300w\" sizes=\"(max-width: 400px) 100vw, 400px\"><\/figure><\/div>\n\n<p align=\"justify\"><span style=\"color: #0000ff;\">1.) Die Arbeit\u00adsein\u00ads\u00e4tze im KGV Leipzig-Sell\u00ader\u00adhausen begin\u00adnen immer um 08.00 Uhr und endet um 12.00 Uhr, jed\u00ader Garten\u00adfre\u00adund hat den Arbeit\u00adsein\u00adsatz p\u00fcnk\u00adtlich anzutreten und sich bei den Arbeit\u00adsein\u00adsat\u00adzleit\u00adern an- und abzumelden durch Unter\u00adschrift im Ein\u00adsatzbuch. Der Arbeit\u00adsein\u00adsatz startet links auf das Vere\u00adin\u00adshaus schauend, am gro\u00dfen gr\u00fc\u00adnen Tor. Nach den Arbeit\u00adsein\u00ads\u00e4tzen hat sich jed\u00ader Garten\u00adfre\u00adund durch Unter\u00adschrift wieder aus dem Arbeit\u00adsein\u00adsatzbuch auszu\u00adtra\u00adgen.<br><\/span><\/p>\n<p align=\"justify\"><span style=\"color: #0000ff;\">2) Die Teil\u00adnahme am Arbeit\u00adsein\u00adsatz ist bis sp\u00e4testens zum Dien\u00adstag der jew\u00adeili\u00adgen Ein\u00adsatz\u00adwoche durch Ein\u00adwurf eines Zet\u00adtels mit Name und Garten\u00adnum\u00admer sowie Anzahl der mitar\u00adbei\u00adt\u00aden\u00adden P\u00e4chter anzumelden. Fehlt eine kor\u00adrek\u00adte Anmel\u00addung, kann eine Teil\u00adnahme am Arbeit\u00adsein\u00adsatz nicht garantiert wer\u00adden. Der Teil\u00adnah\u00admezettel ist in den Briefkas\u00adten f\u00fcr den Arbeit\u00adsein\u00adsatz am gr\u00fc\u00adnen Tor (links neben dem Vere\u00adins\u00adge\u00adb\u00e4ude) einzuw\u00ader\u00adfen, <strong>nicht in den Vere\u00adins\u00adbriefkas\u00adten (!!!)<\/strong><\/span><\/p>\n<p align=\"justify\"><span style=\"color: #0000ff;\">3) W\u00e4hrend der Arbeit\u00adsein\u00ads\u00e4tze herrscht streng\u00adstes <strong>Alko\u00adholver\u00adbot (!!!)<\/strong> Dies hat auch ver\u00adsicherung\u00adstech\u00adnis\u00adche Gr\u00fcnde. Ein Ver\u00adsto\u00df f\u00fchrt zum Abbruch des Arbeit\u00adsein\u00adsatzes. Dar\u00fcber hin\u00adaus ist es auch nicht erlaubt den Arbeit\u00adsein\u00adsatz zwecks ein\u00ader kurzen Fr\u00fch\u00adst\u00fcckspause zu ver\u00adlassen.<\/span><\/p>\n<p align=\"justify\"><span style=\"color: #0000ff;\">4.) Es k\u00f6n\u00adnen am Arbeit\u00adsein\u00adsatz auf\u00adgrund ver\u00adsicherung\u00adstech\u00adnis\u00adch\u00ader Gr\u00fcnde nur Erst- und Zweit\u00admit\u00adglieder teil\u00adnehmen. Es wer\u00adden keine Voll\u00admacht\u00aden von Drit\u00adten akzep\u00adtiert.<\/span><\/p>\n<p align=\"justify\"><span style=\"color: #0000ff;\">5.) Den Anweisun\u00adgen der Arbeit\u00adsein\u00adsat\u00adzleit\u00ader ist aus\u00adnahm\u00ads\u00adlos Folge zu leis\u00adten. Die Arbeit\u00adsein\u00adsat\u00adzleit\u00ader entschei\u00adden je nach Wet\u00adter\u00adlage \u00fcber die Durch\u00adf\u00fchrung des Arbeit\u00adsein\u00adsatzes.<\/span><\/p>\n<hr>\n<p align=\"justify\">25.04.2026 \u2014 Gang 17 und Gang 18<\/p>\n<p align=\"justify\">09.05.2026 \u2014 Gang 14<\/p>\n<p align=\"justify\">23.05.2026 \u2014 Oberkolonie (Garten 550 bis 602)<\/p>\n<p align=\"justify\"><span style=\"color: #ff0000;\"><strong>13.06.2026 \u2014 Auswe\u00adichter\u00admin nur f\u00fcr o.g. G\u00e4nge 17,18, 14 und OK (G\u00e4rten 550 bis 602)<\/strong><\/span><\/p>\n<p align=\"justify\">&nbsp;<\/p>\n<p align=\"justify\">27.06.2026 \u2014 Gang 7 und Gang 8<\/p>\n<p align=\"justify\">11.07.2026 \u2014 Gang 4, Gang 5 und Gang 6<\/p>\n<p align=\"justify\">25.07.2026 \u2014 Oberkolonie (restliche G\u00e4rten und Graben)<\/p>\n<p align=\"justify\"><span style=\"color: #ff0000;\"><strong>08.08.2026 \u2014 Auswe\u00adichter\u00admin nur f\u00fcr o.g. G\u00e4nge 4, 5, 6, 7, 8, OK restliche G\u00e4rten und Graben<\/strong><\/span><\/p>\n<p align=\"justify\">&nbsp;<\/p>\n<p align=\"justify\">22.08.2026 \u2014 Gang 10 und Gang 11<\/p>\n<p align=\"justify\">05.09.2026 \u2014 Gang 15 und Gang 16<\/p>\n<p align=\"justify\">19.09.2026 \u2014 Gang 2 und 12<\/p>\n<p align=\"justify\">10.10.2026 \u2014 Gang 3 und Gang 13<\/p>\n<p align=\"justify\"><span style=\"color: #ff0000;\"><strong>17.10.2026 \u2014 Auswe\u00adichter\u00admin nur f\u00fcr o.g. G\u00e4nge 2, 3, 10, 11, 12, 13, 15, 16<\/strong><\/span><\/p>\n<p align=\"justify\">&nbsp;<\/p>\n<p align=\"justify\"><a href=\"https:\/\/kgv-sellerhausen.de\/?page_id=1551\">Hin\u00adweis: All\u00adge\u00admeine Ter\u00admine \/ Ver\u00adanstal\u00adtun\u00adgen im Jahr 2026<\/a><\/p>","protected":false},"excerpt":{"rendered":"<p>Hin\u00adweise zu den Arbeit\u00adsein\u00ads\u00e4tzen \/ Ver\u00adhal\u00adtensregeln: 1.) Die Arbeit\u00adsein\u00ads\u00e4tze im KGV Leipzig-Sel\u00adl\u00ad\u00ader\u00adhausen begin\u00adnen immer um 08.00 Uhr und endet um 12.00 Uhr, jed\u00ader Garten\u00adfre\u00adund hat den Arbeit\u00adsein\u00adsatz p\u00fcnk\u00adtlich anzutreten und sich bei den Arbeit\u00adsein\u00adsat\u00adzleit\u00adern an- und abzumelden durch Unter\u00adschrift im Ein\u00adsatzbuch. Der Arbeit\u00adsein\u00adsatz startet links auf das Vere\u00adin\u00adshaus schauend, am gro\u00dfen gr\u00fc\u00adnen Tor. Nach den Arbeit\u00adsein\u00ads\u00e4tzen hat sich jed\u00ader Garten\u00adfre\u00adund<\/p>\n","protected":false},"author":1,"featured_media":0,"parent":0,"menu_order":0,"comment_status":"closed","ping_status":"closed","template":"","meta":{"wp_typography_post_enhancements_disabled":false,"ngg_post_thumbnail":0,"footnotes":""},"class_list":["post-170","page","type-page","status-publish","hentry"],"yoast_head":"<!-- This site is optimized with the Yoast SEO plugin v27.4 - https:\/\/yoast.com\/product\/yoast-seo-wordpress\/ -->\n<title>Arbeitseins\u00e4tze KGV Leipzig-Sellerhausen f\u00fcr das Jahr 2026<\/title>\n<meta name=\"description\" content=\"Auf nachstehender Seite findet ihr die wichtigen Termine f\u00fcr die Arbeitseins\u00e4tze im KGV Leipzig-Sellerhausen\" \/>\n<meta name=\"robots\" content=\"index, follow, max-snippet:-1, max-image-preview:large, max-video-preview:-1\" \/>\n<link rel=\"canonical\" href=\"https:\/\/kgv-sellerhausen.de\/?page_id=170\" \/>\n<meta property=\"og:locale\" content=\"de_DE\" \/>\n<meta property=\"og:type\" content=\"article\" \/>\n<meta property=\"og:title\" content=\"Arbeitseins\u00e4tze KGV Leipzig-Sellerhausen f\u00fcr das Jahr 2026\" \/>\n<meta property=\"og:description\" content=\"Auf nachstehender Seite findet ihr die wichtigen Termine f\u00fcr die Arbeitseins\u00e4tze im KGV Leipzig-Sellerhausen\" \/>\n<meta property=\"og:url\" content=\"https:\/\/kgv-sellerhausen.de\/?page_id=170\" \/>\n<meta property=\"og:site_name\" content=\"Kleingartenverein Leipzig-Sellerhausen e.V. - Verbundenheit seit 1896\" \/>\n<meta property=\"article:publisher\" content=\"https:\/\/facebook.com\/yoast\" \/>\n<meta property=\"article:modified_time\" content=\"2025-12-27T13:35:37+00:00\" \/>\n<meta property=\"og:image\" content=\"https:\/\/kgv-sellerhausen.de\/wp-content\/uploads\/2024\/06\/Strato-Gartengeraete-400-270.png\" \/>\n\t<meta property=\"og:image:width\" content=\"400\" \/>\n\t<meta property=\"og:image:height\" content=\"270\" \/>\n\t<meta property=\"og:image:type\" content=\"image\/png\" \/>\n<meta name=\"twitter:card\" content=\"summary_large_image\" \/>\n<meta name=\"twitter:label1\" content=\"Gesch\u00e4tzte Lesezeit\" \/>\n\t<meta name=\"twitter:data1\" content=\"2\u00a0Minuten\" \/>\n<script type=\"application\/ld+json\" class=\"yoast-schema-graph\">{\"@context\":\"https:\\\/\\\/schema.org\",\"@graph\":[{\"@type\":\"WebPage\",\"@id\":\"https:\\\/\\\/kgv-sellerhausen.de\\\/?page_id=170\",\"url\":\"https:\\\/\\\/kgv-sellerhausen.de\\\/?page_id=170\",\"name\":\"Arbeitseins\u00e4tze KGV Leipzig-Sellerhausen f\u00fcr das Jahr 2026\",\"isPartOf\":{\"@id\":\"https:\\\/\\\/kgv-sellerhausen.de\\\/#website\"},\"primaryImageOfPage\":{\"@id\":\"https:\\\/\\\/kgv-sellerhausen.de\\\/?page_id=170#primaryimage\"},\"image\":{\"@id\":\"https:\\\/\\\/kgv-sellerhausen.de\\\/?page_id=170#primaryimage\"},\"thumbnailUrl\":\"https:\\\/\\\/kgv-sellerhausen.de\\\/wp-content\\\/uploads\\\/2024\\\/06\\\/Strato-Gartengeraete-400-270.png\",\"datePublished\":\"2024-05-10T21:32:58+00:00\",\"dateModified\":\"2025-12-27T13:35:37+00:00\",\"description\":\"Auf nachstehender Seite findet ihr die wichtigen Termine f\u00fcr die Arbeitseins\u00e4tze im KGV Leipzig-Sellerhausen\",\"breadcrumb\":{\"@id\":\"https:\\\/\\\/kgv-sellerhausen.de\\\/?page_id=170#breadcrumb\"},\"inLanguage\":\"de\",\"potentialAction\":[{\"@type\":\"ReadAction\",\"target\":[\"https:\\\/\\\/kgv-sellerhausen.de\\\/?page_id=170\"]}]},{\"@type\":\"ImageObject\",\"inLanguage\":\"de\",\"@id\":\"https:\\\/\\\/kgv-sellerhausen.de\\\/?page_id=170#primaryimage\",\"url\":\"https:\\\/\\\/kgv-sellerhausen.de\\\/wp-content\\\/uploads\\\/2024\\\/06\\\/Strato-Gartengeraete-400-270.png\",\"contentUrl\":\"https:\\\/\\\/kgv-sellerhausen.de\\\/wp-content\\\/uploads\\\/2024\\\/06\\\/Strato-Gartengeraete-400-270.png\",\"width\":400,\"height\":270,\"caption\":\"Arbeitseinsatz KGV Leipzig-Sellerhausen e.V.\"},{\"@type\":\"BreadcrumbList\",\"@id\":\"https:\\\/\\\/kgv-sellerhausen.de\\\/?page_id=170#breadcrumb\",\"itemListElement\":[{\"@type\":\"ListItem\",\"position\":1,\"name\":\"Startseite\",\"item\":\"https:\\\/\\\/kgv-sellerhausen.de\\\/\"},{\"@type\":\"ListItem\",\"position\":2,\"name\":\"Arbeitseins\u00e4tze KGV Leipzig-Sellerhausen f\u00fcr das Jahr 2026\"}]},{\"@type\":\"WebSite\",\"@id\":\"https:\\\/\\\/kgv-sellerhausen.de\\\/#website\",\"url\":\"https:\\\/\\\/kgv-sellerhausen.de\\\/\",\"name\":\"Kleingartenverein Leipzig-Sellerhausen e.V. - Verbundenheit seit 1896\",\"description\":\"Wilkommen auf der Homepage des Kleingartenvereins Leipzig-Sellerhausen e.V.\",\"publisher\":{\"@id\":\"https:\\\/\\\/kgv-sellerhausen.de\\\/#organization\"},\"potentialAction\":[{\"@type\":\"SearchAction\",\"target\":{\"@type\":\"EntryPoint\",\"urlTemplate\":\"https:\\\/\\\/kgv-sellerhausen.de\\\/?s={search_term_string}\"},\"query-input\":{\"@type\":\"PropertyValueSpecification\",\"valueRequired\":true,\"valueName\":\"search_term_string\"}}],\"inLanguage\":\"de\"},{\"@type\":\"Organization\",\"@id\":\"https:\\\/\\\/kgv-sellerhausen.de\\\/#organization\",\"name\":\"Kleingartenverein Leipzig-Sellerhausen e.V.\",\"url\":\"https:\\\/\\\/kgv-sellerhausen.de\\\/\",\"logo\":{\"@type\":\"ImageObject\",\"inLanguage\":\"de\",\"@id\":\"https:\\\/\\\/kgv-sellerhausen.de\\\/#\\\/schema\\\/logo\\\/image\\\/\",\"url\":\"https:\\\/\\\/kgv-sellerhausen.de\\\/wp-content\\\/uploads\\\/2024\\\/05\\\/Leipzig-Sellerhausen-orrn7waee5jolxaot3h4nm08huu6cgwh2w5vb4fxio-7.jpg\",\"contentUrl\":\"https:\\\/\\\/kgv-sellerhausen.de\\\/wp-content\\\/uploads\\\/2024\\\/05\\\/Leipzig-Sellerhausen-orrn7waee5jolxaot3h4nm08huu6cgwh2w5vb4fxio-7.jpg\",\"width\":1024,\"height\":600,\"caption\":\"Kleingartenverein Leipzig-Sellerhausen e.V.\"},\"image\":{\"@id\":\"https:\\\/\\\/kgv-sellerhausen.de\\\/#\\\/schema\\\/logo\\\/image\\\/\"},\"sameAs\":[\"https:\\\/\\\/facebook.com\\\/yoast\"]}]}<\/script>\n<!-- \/ Yoast SEO plugin. -->","yoast_head_json":{"title":"Arbeitseins\u00e4tze KGV Leipzig-Sellerhausen f\u00fcr das Jahr 2026","description":"Auf nachstehender Seite findet ihr die wichtigen Termine f\u00fcr die Arbeitseins\u00e4tze im KGV Leipzig-Sellerhausen","robots":{"index":"index","follow":"follow","max-snippet":"max-snippet:-1","max-image-preview":"max-image-preview:large","max-video-preview":"max-video-preview:-1"},"canonical":"https:\/\/kgv-sellerhausen.de\/?page_id=170","og_locale":"de_DE","og_type":"article","og_title":"Arbeitseins\u00e4tze KGV Leipzig-Sellerhausen f\u00fcr das Jahr 2026","og_description":"Auf nachstehender Seite findet ihr die wichtigen Termine f\u00fcr die Arbeitseins\u00e4tze im KGV Leipzig-Sellerhausen","og_url":"https:\/\/kgv-sellerhausen.de\/?page_id=170","og_site_name":"Kleingartenverein Leipzig-Sellerhausen e.V. - Verbundenheit seit 1896","article_publisher":"https:\/\/facebook.com\/yoast","article_modified_time":"2025-12-27T13:35:37+00:00","og_image":[{"width":400,"height":270,"url":"https:\/\/kgv-sellerhausen.de\/wp-content\/uploads\/2024\/06\/Strato-Gartengeraete-400-270.png","type":"image\/png"}],"twitter_card":"summary_large_image","twitter_misc":{"Gesch\u00e4tzte Lesezeit":"2\u00a0Minuten"},"schema":{"@context":"https:\/\/schema.org","@graph":[{"@type":"WebPage","@id":"https:\/\/kgv-sellerhausen.de\/?page_id=170","url":"https:\/\/kgv-sellerhausen.de\/?page_id=170","name":"Arbeitseins\u00e4tze KGV Leipzig-Sellerhausen f\u00fcr das Jahr 2026","isPartOf":{"@id":"https:\/\/kgv-sellerhausen.de\/#website"},"primaryImageOfPage":{"@id":"https:\/\/kgv-sellerhausen.de\/?page_id=170#primaryimage"},"image":{"@id":"https:\/\/kgv-sellerhausen.de\/?page_id=170#primaryimage"},"thumbnailUrl":"https:\/\/kgv-sellerhausen.de\/wp-content\/uploads\/2024\/06\/Strato-Gartengeraete-400-270.png","datePublished":"2024-05-10T21:32:58+00:00","dateModified":"2025-12-27T13:35:37+00:00","description":"Auf nachstehender Seite findet ihr die wichtigen Termine f\u00fcr die Arbeitseins\u00e4tze im KGV Leipzig-Sellerhausen","breadcrumb":{"@id":"https:\/\/kgv-sellerhausen.de\/?page_id=170#breadcrumb"},"inLanguage":"de","potentialAction":[{"@type":"ReadAction","target":["https:\/\/kgv-sellerhausen.de\/?page_id=170"]}]},{"@type":"ImageObject","inLanguage":"de","@id":"https:\/\/kgv-sellerhausen.de\/?page_id=170#primaryimage","url":"https:\/\/kgv-sellerhausen.de\/wp-content\/uploads\/2024\/06\/Strato-Gartengeraete-400-270.png","contentUrl":"https:\/\/kgv-sellerhausen.de\/wp-content\/uploads\/2024\/06\/Strato-Gartengeraete-400-270.png","width":400,"height":270,"caption":"Arbeitseinsatz KGV Leipzig-Sellerhausen e.V."},{"@type":"BreadcrumbList","@id":"https:\/\/kgv-sellerhausen.de\/?page_id=170#breadcrumb","itemListElement":[{"@type":"ListItem","position":1,"name":"Startseite","item":"https:\/\/kgv-sellerhausen.de\/"},{"@type":"ListItem","position":2,"name":"Arbeitseins\u00e4tze KGV Leipzig-Sellerhausen f\u00fcr das Jahr 2026"}]},{"@type":"WebSite","@id":"https:\/\/kgv-sellerhausen.de\/#website","url":"https:\/\/kgv-sellerhausen.de\/","name":"Kleingartenverein Leipzig-Sellerhausen e.V. - Verbundenheit seit 1896","description":"Wilkommen auf der Homepage des Kleingartenvereins Leipzig-Sellerhausen e.V.","publisher":{"@id":"https:\/\/kgv-sellerhausen.de\/#organization"},"potentialAction":[{"@type":"SearchAction","target":{"@type":"EntryPoint","urlTemplate":"https:\/\/kgv-sellerhausen.de\/?s={search_term_string}"},"query-input":{"@type":"PropertyValueSpecification","valueRequired":true,"valueName":"search_term_string"}}],"inLanguage":"de"},{"@type":"Organization","@id":"https:\/\/kgv-sellerhausen.de\/#organization","name":"Kleingartenverein Leipzig-Sellerhausen e.V.","url":"https:\/\/kgv-sellerhausen.de\/","logo":{"@type":"ImageObject","inLanguage":"de","@id":"https:\/\/kgv-sellerhausen.de\/#\/schema\/logo\/image\/","url":"https:\/\/kgv-sellerhausen.de\/wp-content\/uploads\/2024\/05\/Leipzig-Sellerhausen-orrn7waee5jolxaot3h4nm08huu6cgwh2w5vb4fxio-7.jpg","contentUrl":"https:\/\/kgv-sellerhausen.de\/wp-content\/uploads\/2024\/05\/Leipzig-Sellerhausen-orrn7waee5jolxaot3h4nm08huu6cgwh2w5vb4fxio-7.jpg","width":1024,"height":600,"caption":"Kleingartenverein Leipzig-Sellerhausen e.V."},"image":{"@id":"https:\/\/kgv-sellerhausen.de\/#\/schema\/logo\/image\/"},"sameAs":["https:\/\/facebook.com\/yoast"]}]}},"_links":{"self":[{"href":"https:\/\/kgv-sellerhausen.de\/index.php?rest_route=\/wp\/v2\/pages\/170","targetHints":{"allow":["GET"]}}],"collection":[{"href":"https:\/\/kgv-sellerhausen.de\/index.php?rest_route=\/wp\/v2\/pages"}],"about":[{"href":"https:\/\/kgv-sellerhausen.de\/index.php?rest_route=\/wp\/v2\/types\/page"}],"author":[{"embeddable":true,"href":"https:\/\/kgv-sellerhausen.de\/index.php?rest_route=\/wp\/v2\/users\/1"}],"replies":[{"embeddable":true,"href":"https:\/\/kgv-sellerhausen.de\/index.php?rest_route=%2Fwp%2Fv2%2Fcomments&post=170"}],"version-history":[{"count":51,"href":"https:\/\/kgv-sellerhausen.de\/index.php?rest_route=\/wp\/v2\/pages\/170\/revisions"}],"predecessor-version":[{"id":1851,"href":"https:\/\/kgv-sellerhausen.de\/index.php?rest_route=\/wp\/v2\/pages\/170\/revisions\/1851"}],"wp:attachment":[{"href":"https:\/\/kgv-sellerhausen.de\/index.php?rest_route=%2Fwp%2Fv2%2Fmedia&parent=170"}],"curies":[{"name":"wp","href":"https:\/\/api.w.org\/{rel}","templated":true}]}}