{"id":176,"date":"2024-05-10T21:38:19","date_gmt":"2024-05-10T21:38:19","guid":{"rendered":"http:\/\/kgv-sellerhausen.de\/?page_id=176"},"modified":"2024-09-12T18:24:28","modified_gmt":"2024-09-12T18:24:28","slug":"sommerfeste","status":"publish","type":"page","link":"https:\/\/kgv-sellerhausen.de\/?page_id=176","title":{"rendered":"Leipzig-Sellerhausen Sommerfest 2024"},"content":{"rendered":"<p align=\"justify\">Liebe Gartenfreunde*innen, Besuchende und Freunde*innen unseres Vere\u00adins,<\/p>\n<p align=\"justify\">am 06.07.2024 und 07.07.2024 haben wir unser j\u00e4hrlich\u00ades Kinder- und Som\u00admer\u00adfest im KGV Leipzig-Sell\u00ader\u00adhausen e.V. ver\u00adanstal\u00adtet. Wir bedanken uns bei allen Helfern und der Vere\u00adins\u00adgast\u00adst\u00e4tte \u201cSel\u00adli\u201d f\u00fcr die rei\u00adbungslose Durch\u00adf\u00fchung. Nach\u00adste\u00adhend einige Ein\u00addr\u00fccke und Bilder zum Som\u00admer\u00adfest 2024.&nbsp;<\/p>\n<p align=\"justify\">Wir w\u00fcr\u00adden uns freuen, Euch alle wieder zahlre\u00adich zu unserem n\u00e4ch\u00adsten Fest im Jahr 2025 begr\u00fc\u00dfen zu d\u00fcr\u00adfen. <\/p>\n<p align=\"justify\">Euer Vor\u00adstand des KGV Leipzig-Sell\u00ader\u00adhausen e.V.<\/p>\n\n\nngg_shortcode_0_placeholder\n\n\n<div class=\"wp-block-image\">\n<figure class=\"aligncenter size-large is-resized\"><img fetchpriority=\"high\" decoding=\"async\" width=\"722\" height=\"1024\" src=\"https:\/\/kgv-sellerhausen.de\/wp-content\/uploads\/2024\/06\/Sommerfest_Sellerhausen_LAY-722x1024.jpg\" alt class=\"wp-image-1510\" style=\"width:736px;height:auto\" srcset=\"https:\/\/kgv-sellerhausen.de\/wp-content\/uploads\/2024\/06\/Sommerfest_Sellerhausen_LAY-722x1024.jpg 722w, https:\/\/kgv-sellerhausen.de\/wp-content\/uploads\/2024\/06\/Sommerfest_Sellerhausen_LAY-211x300.jpg 211w, https:\/\/kgv-sellerhausen.de\/wp-content\/uploads\/2024\/06\/Sommerfest_Sellerhausen_LAY-768x1089.jpg 768w, https:\/\/kgv-sellerhausen.de\/wp-content\/uploads\/2024\/06\/Sommerfest_Sellerhausen_LAY-1083x1536.jpg 1083w, https:\/\/kgv-sellerhausen.de\/wp-content\/uploads\/2024\/06\/Sommerfest_Sellerhausen_LAY-1444x2048.jpg 1444w, https:\/\/kgv-sellerhausen.de\/wp-content\/uploads\/2024\/06\/Sommerfest_Sellerhausen_LAY.jpg 1749w\" sizes=\"(max-width: 722px) 100vw, 722px\"><\/figure><\/div>\n\n<div class=\"wp-block-image\">\n<figure class=\"aligncenter size-large is-resized\"><img decoding=\"async\" width=\"680\" height=\"1024\" src=\"https:\/\/kgv-sellerhausen.de\/wp-content\/uploads\/2024\/06\/bd672384-2179-3802-9653-f7ca3ec529f5-680x1024.jpg\" alt=\"Sommerfest Kleingartenverein Leipzig-Sellerhausen e.V.\" class=\"wp-image-1479\" style=\"width:736px;height:auto\" srcset=\"https:\/\/kgv-sellerhausen.de\/wp-content\/uploads\/2024\/06\/bd672384-2179-3802-9653-f7ca3ec529f5-680x1024.jpg 680w, https:\/\/kgv-sellerhausen.de\/wp-content\/uploads\/2024\/06\/bd672384-2179-3802-9653-f7ca3ec529f5-199x300.jpg 199w, https:\/\/kgv-sellerhausen.de\/wp-content\/uploads\/2024\/06\/bd672384-2179-3802-9653-f7ca3ec529f5-768x1156.jpg 768w, https:\/\/kgv-sellerhausen.de\/wp-content\/uploads\/2024\/06\/bd672384-2179-3802-9653-f7ca3ec529f5.jpg 772w\" sizes=\"(max-width: 680px) 100vw, 680px\"><figcaption class=\"wp-element-caption\">Som\u00admer\u00adfest Klein\u00adgarten\u00advere\u00adin Leipzig-Sell\u00ader\u00adhausen e.V.<\/figcaption><\/figure><\/div>","protected":false},"excerpt":{"rendered":"<p>Liebe Gartenfreunde*innen, Besuchende und Freunde*innen unseres Vere\u00adins, am 06.07.2024 und 07.07.2024 haben wir unser j\u00e4hrlich\u00ades Kinder- und Som\u00admer\u00adfest im KGV Leipzig-Sel\u00adl\u00ad\u00ader\u00adhausen e.V. ver\u00adanstal\u00adtet. Wir bedanken uns bei allen Helfern und der Vere\u00adins\u00adgast\u00adst\u00e4tte \u201cSel\u00adli\u201d f\u00fcr die rei\u00adbungslose Durch\u00adf\u00fchung. Nach\u00adste\u00adhend einige Ein\u00addr\u00fccke und Bilder zum Som\u00admer\u00adfest 2024.&nbsp; Wir w\u00fcr\u00adden uns freuen, Euch alle wieder zahlre\u00adich zu unserem n\u00e4ch\u00adsten Fest im Jahr 2025<\/p>\n","protected":false},"author":1,"featured_media":0,"parent":0,"menu_order":0,"comment_status":"closed","ping_status":"closed","template":"","meta":{"wp_typography_post_enhancements_disabled":false,"ngg_post_thumbnail":0,"footnotes":""},"class_list":["post-176","page","type-page","status-publish","hentry"],"yoast_head":"<!-- This site is optimized with the Yoast SEO plugin v27.4 - https:\/\/yoast.com\/product\/yoast-seo-wordpress\/ -->\n<title>Leipzig-Sellerhausen Sommerfest 2024 - Kleingartenverein Leipzig-Sellerhausen e.V. - Verbundenheit seit 1896<\/title>\n<meta name=\"description\" content=\"Leipzig-Sellerhausen Sommerfest 2024 - Herzlich Willkommen lieber Besucher und viel Spa\u00df auf unserer Seite :)\" \/>\n<meta name=\"robots\" content=\"index, follow, max-snippet:-1, max-image-preview:large, max-video-preview:-1\" \/>\n<link rel=\"canonical\" href=\"https:\/\/kgv-sellerhausen.de\/?page_id=176\" \/>\n<meta property=\"og:locale\" content=\"de_DE\" \/>\n<meta property=\"og:type\" content=\"article\" \/>\n<meta property=\"og:title\" content=\"Leipzig-Sellerhausen Sommerfest 2024 - Kleingartenverein Leipzig-Sellerhausen e.V. - Verbundenheit seit 1896\" \/>\n<meta property=\"og:description\" content=\"Leipzig-Sellerhausen Sommerfest 2024 - Herzlich Willkommen lieber Besucher und viel Spa\u00df auf unserer Seite :)\" \/>\n<meta property=\"og:url\" content=\"https:\/\/kgv-sellerhausen.de\/?page_id=176\" \/>\n<meta property=\"og:site_name\" content=\"Kleingartenverein Leipzig-Sellerhausen e.V. - Verbundenheit seit 1896\" \/>\n<meta property=\"article:publisher\" content=\"https:\/\/facebook.com\/yoast\" \/>\n<meta property=\"article:modified_time\" content=\"2024-09-12T18:24:28+00:00\" \/>\n<meta property=\"og:image\" content=\"https:\/\/kgv-sellerhausen.de\/wp-content\/uploads\/2024\/06\/Sommerfest_Sellerhausen_LAY-722x1024.jpg\" \/>\n<meta name=\"twitter:card\" content=\"summary_large_image\" \/>\n<meta name=\"twitter:label1\" content=\"Gesch\u00e4tzte Lesezeit\" \/>\n\t<meta name=\"twitter:data1\" content=\"1\u00a0Minute\" \/>\n<script type=\"application\/ld+json\" class=\"yoast-schema-graph\">{\"@context\":\"https:\\\/\\\/schema.org\",\"@graph\":[{\"@type\":\"WebPage\",\"@id\":\"https:\\\/\\\/kgv-sellerhausen.de\\\/?page_id=176\",\"url\":\"https:\\\/\\\/kgv-sellerhausen.de\\\/?page_id=176\",\"name\":\"Leipzig-Sellerhausen Sommerfest 2024 - Kleingartenverein Leipzig-Sellerhausen e.V. - Verbundenheit seit 1896\",\"isPartOf\":{\"@id\":\"https:\\\/\\\/kgv-sellerhausen.de\\\/#website\"},\"primaryImageOfPage\":{\"@id\":\"https:\\\/\\\/kgv-sellerhausen.de\\\/?page_id=176#primaryimage\"},\"image\":{\"@id\":\"https:\\\/\\\/kgv-sellerhausen.de\\\/?page_id=176#primaryimage\"},\"thumbnailUrl\":\"https:\\\/\\\/kgv-sellerhausen.de\\\/wp-content\\\/uploads\\\/2024\\\/06\\\/Sommerfest_Sellerhausen_LAY-722x1024.jpg\",\"datePublished\":\"2024-05-10T21:38:19+00:00\",\"dateModified\":\"2024-09-12T18:24:28+00:00\",\"description\":\"Leipzig-Sellerhausen Sommerfest 2024 - Herzlich Willkommen lieber Besucher und viel Spa\u00df auf unserer Seite :)\",\"breadcrumb\":{\"@id\":\"https:\\\/\\\/kgv-sellerhausen.de\\\/?page_id=176#breadcrumb\"},\"inLanguage\":\"de\",\"potentialAction\":[{\"@type\":\"ReadAction\",\"target\":[\"https:\\\/\\\/kgv-sellerhausen.de\\\/?page_id=176\"]}]},{\"@type\":\"ImageObject\",\"inLanguage\":\"de\",\"@id\":\"https:\\\/\\\/kgv-sellerhausen.de\\\/?page_id=176#primaryimage\",\"url\":\"https:\\\/\\\/kgv-sellerhausen.de\\\/wp-content\\\/uploads\\\/2024\\\/06\\\/Sommerfest_Sellerhausen_LAY.jpg\",\"contentUrl\":\"https:\\\/\\\/kgv-sellerhausen.de\\\/wp-content\\\/uploads\\\/2024\\\/06\\\/Sommerfest_Sellerhausen_LAY.jpg\",\"width\":1749,\"height\":2481},{\"@type\":\"BreadcrumbList\",\"@id\":\"https:\\\/\\\/kgv-sellerhausen.de\\\/?page_id=176#breadcrumb\",\"itemListElement\":[{\"@type\":\"ListItem\",\"position\":1,\"name\":\"Startseite\",\"item\":\"https:\\\/\\\/kgv-sellerhausen.de\\\/\"},{\"@type\":\"ListItem\",\"position\":2,\"name\":\"Leipzig-Sellerhausen Sommerfest 2024\"}]},{\"@type\":\"WebSite\",\"@id\":\"https:\\\/\\\/kgv-sellerhausen.de\\\/#website\",\"url\":\"https:\\\/\\\/kgv-sellerhausen.de\\\/\",\"name\":\"Kleingartenverein Leipzig-Sellerhausen e.V. - Verbundenheit seit 1896\",\"description\":\"Wilkommen auf der Homepage des Kleingartenvereins Leipzig-Sellerhausen e.V.\",\"publisher\":{\"@id\":\"https:\\\/\\\/kgv-sellerhausen.de\\\/#organization\"},\"potentialAction\":[{\"@type\":\"SearchAction\",\"target\":{\"@type\":\"EntryPoint\",\"urlTemplate\":\"https:\\\/\\\/kgv-sellerhausen.de\\\/?s={search_term_string}\"},\"query-input\":{\"@type\":\"PropertyValueSpecification\",\"valueRequired\":true,\"valueName\":\"search_term_string\"}}],\"inLanguage\":\"de\"},{\"@type\":\"Organization\",\"@id\":\"https:\\\/\\\/kgv-sellerhausen.de\\\/#organization\",\"name\":\"Kleingartenverein Leipzig-Sellerhausen e.V.\",\"url\":\"https:\\\/\\\/kgv-sellerhausen.de\\\/\",\"logo\":{\"@type\":\"ImageObject\",\"inLanguage\":\"de\",\"@id\":\"https:\\\/\\\/kgv-sellerhausen.de\\\/#\\\/schema\\\/logo\\\/image\\\/\",\"url\":\"https:\\\/\\\/kgv-sellerhausen.de\\\/wp-content\\\/uploads\\\/2024\\\/05\\\/Leipzig-Sellerhausen-orrn7waee5jolxaot3h4nm08huu6cgwh2w5vb4fxio-7.jpg\",\"contentUrl\":\"https:\\\/\\\/kgv-sellerhausen.de\\\/wp-content\\\/uploads\\\/2024\\\/05\\\/Leipzig-Sellerhausen-orrn7waee5jolxaot3h4nm08huu6cgwh2w5vb4fxio-7.jpg\",\"width\":1024,\"height\":600,\"caption\":\"Kleingartenverein Leipzig-Sellerhausen e.V.\"},\"image\":{\"@id\":\"https:\\\/\\\/kgv-sellerhausen.de\\\/#\\\/schema\\\/logo\\\/image\\\/\"},\"sameAs\":[\"https:\\\/\\\/facebook.com\\\/yoast\"]}]}<\/script>\n<!-- \/ Yoast SEO plugin. -->","yoast_head_json":{"title":"Leipzig-Sellerhausen Sommerfest 2024 - Kleingartenverein Leipzig-Sellerhausen e.V. - Verbundenheit seit 1896","description":"Leipzig-Sellerhausen Sommerfest 2024 - Herzlich Willkommen lieber Besucher und viel Spa\u00df auf unserer Seite :)","robots":{"index":"index","follow":"follow","max-snippet":"max-snippet:-1","max-image-preview":"max-image-preview:large","max-video-preview":"max-video-preview:-1"},"canonical":"https:\/\/kgv-sellerhausen.de\/?page_id=176","og_locale":"de_DE","og_type":"article","og_title":"Leipzig-Sellerhausen Sommerfest 2024 - Kleingartenverein Leipzig-Sellerhausen e.V. - Verbundenheit seit 1896","og_description":"Leipzig-Sellerhausen Sommerfest 2024 - Herzlich Willkommen lieber Besucher und viel Spa\u00df auf unserer Seite :)","og_url":"https:\/\/kgv-sellerhausen.de\/?page_id=176","og_site_name":"Kleingartenverein Leipzig-Sellerhausen e.V. - Verbundenheit seit 1896","article_publisher":"https:\/\/facebook.com\/yoast","article_modified_time":"2024-09-12T18:24:28+00:00","og_image":[{"url":"https:\/\/kgv-sellerhausen.de\/wp-content\/uploads\/2024\/06\/Sommerfest_Sellerhausen_LAY-722x1024.jpg","type":"","width":"","height":""}],"twitter_card":"summary_large_image","twitter_misc":{"Gesch\u00e4tzte Lesezeit":"1\u00a0Minute"},"schema":{"@context":"https:\/\/schema.org","@graph":[{"@type":"WebPage","@id":"https:\/\/kgv-sellerhausen.de\/?page_id=176","url":"https:\/\/kgv-sellerhausen.de\/?page_id=176","name":"Leipzig-Sellerhausen Sommerfest 2024 - Kleingartenverein Leipzig-Sellerhausen e.V. - Verbundenheit seit 1896","isPartOf":{"@id":"https:\/\/kgv-sellerhausen.de\/#website"},"primaryImageOfPage":{"@id":"https:\/\/kgv-sellerhausen.de\/?page_id=176#primaryimage"},"image":{"@id":"https:\/\/kgv-sellerhausen.de\/?page_id=176#primaryimage"},"thumbnailUrl":"https:\/\/kgv-sellerhausen.de\/wp-content\/uploads\/2024\/06\/Sommerfest_Sellerhausen_LAY-722x1024.jpg","datePublished":"2024-05-10T21:38:19+00:00","dateModified":"2024-09-12T18:24:28+00:00","description":"Leipzig-Sellerhausen Sommerfest 2024 - Herzlich Willkommen lieber Besucher und viel Spa\u00df auf unserer Seite :)","breadcrumb":{"@id":"https:\/\/kgv-sellerhausen.de\/?page_id=176#breadcrumb"},"inLanguage":"de","potentialAction":[{"@type":"ReadAction","target":["https:\/\/kgv-sellerhausen.de\/?page_id=176"]}]},{"@type":"ImageObject","inLanguage":"de","@id":"https:\/\/kgv-sellerhausen.de\/?page_id=176#primaryimage","url":"https:\/\/kgv-sellerhausen.de\/wp-content\/uploads\/2024\/06\/Sommerfest_Sellerhausen_LAY.jpg","contentUrl":"https:\/\/kgv-sellerhausen.de\/wp-content\/uploads\/2024\/06\/Sommerfest_Sellerhausen_LAY.jpg","width":1749,"height":2481},{"@type":"BreadcrumbList","@id":"https:\/\/kgv-sellerhausen.de\/?page_id=176#breadcrumb","itemListElement":[{"@type":"ListItem","position":1,"name":"Startseite","item":"https:\/\/kgv-sellerhausen.de\/"},{"@type":"ListItem","position":2,"name":"Leipzig-Sellerhausen Sommerfest 2024"}]},{"@type":"WebSite","@id":"https:\/\/kgv-sellerhausen.de\/#website","url":"https:\/\/kgv-sellerhausen.de\/","name":"Kleingartenverein Leipzig-Sellerhausen e.V. - Verbundenheit seit 1896","description":"Wilkommen auf der Homepage des Kleingartenvereins Leipzig-Sellerhausen e.V.","publisher":{"@id":"https:\/\/kgv-sellerhausen.de\/#organization"},"potentialAction":[{"@type":"SearchAction","target":{"@type":"EntryPoint","urlTemplate":"https:\/\/kgv-sellerhausen.de\/?s={search_term_string}"},"query-input":{"@type":"PropertyValueSpecification","valueRequired":true,"valueName":"search_term_string"}}],"inLanguage":"de"},{"@type":"Organization","@id":"https:\/\/kgv-sellerhausen.de\/#organization","name":"Kleingartenverein Leipzig-Sellerhausen e.V.","url":"https:\/\/kgv-sellerhausen.de\/","logo":{"@type":"ImageObject","inLanguage":"de","@id":"https:\/\/kgv-sellerhausen.de\/#\/schema\/logo\/image\/","url":"https:\/\/kgv-sellerhausen.de\/wp-content\/uploads\/2024\/05\/Leipzig-Sellerhausen-orrn7waee5jolxaot3h4nm08huu6cgwh2w5vb4fxio-7.jpg","contentUrl":"https:\/\/kgv-sellerhausen.de\/wp-content\/uploads\/2024\/05\/Leipzig-Sellerhausen-orrn7waee5jolxaot3h4nm08huu6cgwh2w5vb4fxio-7.jpg","width":1024,"height":600,"caption":"Kleingartenverein Leipzig-Sellerhausen e.V."},"image":{"@id":"https:\/\/kgv-sellerhausen.de\/#\/schema\/logo\/image\/"},"sameAs":["https:\/\/facebook.com\/yoast"]}]}},"_links":{"self":[{"href":"https:\/\/kgv-sellerhausen.de\/index.php?rest_route=\/wp\/v2\/pages\/176","targetHints":{"allow":["GET"]}}],"collection":[{"href":"https:\/\/kgv-sellerhausen.de\/index.php?rest_route=\/wp\/v2\/pages"}],"about":[{"href":"https:\/\/kgv-sellerhausen.de\/index.php?rest_route=\/wp\/v2\/types\/page"}],"author":[{"embeddable":true,"href":"https:\/\/kgv-sellerhausen.de\/index.php?rest_route=\/wp\/v2\/users\/1"}],"replies":[{"embeddable":true,"href":"https:\/\/kgv-sellerhausen.de\/index.php?rest_route=%2Fwp%2Fv2%2Fcomments&post=176"}],"version-history":[{"count":22,"href":"https:\/\/kgv-sellerhausen.de\/index.php?rest_route=\/wp\/v2\/pages\/176\/revisions"}],"predecessor-version":[{"id":1770,"href":"https:\/\/kgv-sellerhausen.de\/index.php?rest_route=\/wp\/v2\/pages\/176\/revisions\/1770"}],"wp:attachment":[{"href":"https:\/\/kgv-sellerhausen.de\/index.php?rest_route=%2Fwp%2Fv2%2Fmedia&parent=176"}],"curies":[{"name":"wp","href":"https:\/\/api.w.org\/{rel}","templated":true}]}}