{"id":183,"date":"2024-05-10T21:49:34","date_gmt":"2024-05-10T21:49:34","guid":{"rendered":"http:\/\/kgv-sellerhausen.de\/?page_id=183"},"modified":"2024-06-06T18:54:55","modified_gmt":"2024-06-06T18:54:55","slug":"errichtung-kraeutergarten","status":"publish","type":"page","link":"https:\/\/kgv-sellerhausen.de\/?page_id=183","title":{"rendered":"Errichtung Kr\u00e4utergarten KGV Leipzig-Sellerhausen"},"content":{"rendered":"<p align=\"justify\">Im Jahre 2014 war es uns auf\u00adgrund gestell\u00adter F\u00f6r\u00adder\u00admit\u00adte\u00adlantr\u00e4ge endlich m\u00f6glich, unseren Kr\u00e4uter\u2013 und Begeg\u00adnungs\u00adgarten zu gestal\u00adten und zu erricht\u00aden.<\/p>\n<p align=\"justify\">Viel Zeit und Arbeit steckt in unser\u00ader eigens daf\u00fcr entwilderten Parzelle. Liebe zum Detail, die Ausar\u00adbeitung und anf\u00e4ngliche Urbar\u00adma\u00adchung der Parzelle haben beson\u00adders viel Zeit in Anspruch genom\u00admen. Nicht immer waren unsere P\u00e4chter der Mei\u00adn\u00adung, dass das, was wir hier machen \u00fcber\u00adhaupt zu einem Ziel f\u00fchren w\u00fcrde. Heute jedoch, kann sich jed\u00ader der m\u00f6chte, die Zeit nehmen, sich \u00fcber ver\u00adschiedene Kr\u00e4uter in der eigens daf\u00fcr errichteten Kr\u00e4uter\u00adspi\u00adrale (Beto\u00adnung: es wurde mit nat\u00fcr\u00adlichen Mate\u00adri\u00adalien gebaut und ohne die Ver\u00adwen\u00addung von St\u00fctzen oder Beton) zu informieren. Wir haben ver\u00adsucht ver\u00adschiedene Natur\u00adma\u00adte\u00adri\u00adalien wie Holz, Stein etc. aufeinan\u00adder abges\u00adtimmt zu ver\u00adar\u00adbeit\u00aden. S\u00e4mtliche eingepflanzten Kr\u00e4uter stam\u00admen aus den G\u00e4rten unser\u00ader Kle\u00ading\u00e4rt\u00adner und mussten nicht extra gekauft wer\u00adden.&nbsp;<\/p>\n<p align=\"justify\">Deko\u00adri\u00adert mit jed\u00ader Menge Fig\u00aduren f\u00fcr unsere kleinen Besuch\u00ader gibt es in unserem Kr\u00e4uter\u2013 und Anschau\u00adungs\u00adgarten immer wieder etwas neues zu ent\u00addeck\u00aden. Ziel ist es, unseren Kindern zu zeigen und zu erk\u00adl\u00e4ren, dass die Mil\u00adka-Kuh aus der TV-Wer\u00adbung so nicht auf der Wiese ste\u00adhen kann und dass es noch mehr Kr\u00e4uter im heimis\u00adchen Klein\u00adgarten gibt, au\u00dfer Peter\u00adsilie und Schnit\u00adt\u00adlauch. Es m\u00fcssen keine exo\u00adtis\u00adchen Kr\u00e4uter aus den fern\u00adsten L\u00e4n\u00addern genom\u00admen wer\u00adden, auch l\u00e4ngst vergessene Kr\u00e4uter wie Bei\u00adfu\u00df, Lieb\u00adst\u00f6ck\u00adel, Eber\u00adraute und Co. sind im deutschen Klein\u00adgarten dur\u00adchaus noch heimisch. Es&nbsp; w\u00e4re schade, wenn diese voll\u00adst\u00e4ndig in Vergessen\u00adheit ger\u00adat\u00aden.<\/p>\n\n\n<h2 class=\"wp-block-heading\">Wiederherstellung im Jahr 2024<\/h2>\n\n\n<p align=\"justify\">Aktuell im Jahr 2024 ist unser Kr\u00e4uter\u00adgarten nach eini\u00adgen Jahren der etwas lieblosen Pflege restau\u00adrierungs- und pflegebed\u00fcrftig. Die sein\u00aderzeit \u00fcber den Stadtver\u00adband der Kle\u00ading\u00e4rt\u00adner Leipzig e.V. gepflanzten Obst\u00adb\u00e4ume, die mit\u00adtler\u00adweile eine erstaunliche H\u00f6he erre\u00adicht haben, bed\u00fcr\u00adfen eines neuen Schnittes.&nbsp; Der aktuell gew\u00e4hlte Vor\u00adstand ist derzeit bem\u00fcht wieder einen anse\u00adhbaren Zus\u00adtand herzustellen, dies wird jedoch noch ein wenig Zeit in Anspruch nehmen und bedarf der Unter\u00adst\u00fctzung unser\u00ader P\u00e4chter, so dass wir um entsprechende Geduld bit\u00adten.<\/p>\n\n\n<figure class=\"wp-block-gallery has-nested-images columns-default is-cropped wp-block-gallery-1 is-layout-flex wp-block-gallery-is-layout-flex\">\n<figure class=\"wp-block-image size-large\"><img fetchpriority=\"high\" decoding=\"async\" width=\"1024\" height=\"768\" data-id=\"347\" src=\"https:\/\/kgv-sellerhausen.de\/wp-content\/uploads\/2024\/05\/20130831_121428-1024x768.jpg\" alt class=\"wp-image-347\" srcset=\"https:\/\/kgv-sellerhausen.de\/wp-content\/uploads\/2024\/05\/20130831_121428-1024x768.jpg 1024w, https:\/\/kgv-sellerhausen.de\/wp-content\/uploads\/2024\/05\/20130831_121428-300x225.jpg 300w, https:\/\/kgv-sellerhausen.de\/wp-content\/uploads\/2024\/05\/20130831_121428-768x576.jpg 768w, https:\/\/kgv-sellerhausen.de\/wp-content\/uploads\/2024\/05\/20130831_121428-1536x1152.jpg 1536w, https:\/\/kgv-sellerhausen.de\/wp-content\/uploads\/2024\/05\/20130831_121428-2048x1536.jpg 2048w\" sizes=\"(max-width: 1024px) 100vw, 1024px\"><\/figure>\n<\/figure>\n\n\n\n<figure class=\"wp-block-image size-large is-resized\"><img decoding=\"async\" width=\"1024\" height=\"768\" src=\"https:\/\/kgv-sellerhausen.de\/wp-content\/uploads\/2024\/05\/20130831_121403-1024x768.jpg\" alt class=\"wp-image-349\" style=\"width:890px;height:auto\" srcset=\"https:\/\/kgv-sellerhausen.de\/wp-content\/uploads\/2024\/05\/20130831_121403-1024x768.jpg 1024w, https:\/\/kgv-sellerhausen.de\/wp-content\/uploads\/2024\/05\/20130831_121403-300x225.jpg 300w, https:\/\/kgv-sellerhausen.de\/wp-content\/uploads\/2024\/05\/20130831_121403-768x576.jpg 768w, https:\/\/kgv-sellerhausen.de\/wp-content\/uploads\/2024\/05\/20130831_121403-1536x1152.jpg 1536w, https:\/\/kgv-sellerhausen.de\/wp-content\/uploads\/2024\/05\/20130831_121403-2048x1536.jpg 2048w\" sizes=\"(max-width: 1024px) 100vw, 1024px\"><\/figure>\n\n\n\n<figure class=\"wp-block-image size-large is-resized\"><img decoding=\"async\" width=\"1024\" height=\"768\" src=\"https:\/\/kgv-sellerhausen.de\/wp-content\/uploads\/2024\/05\/20130831_121432-1024x768.jpg\" alt class=\"wp-image-350\" style=\"width:887px;height:auto\" srcset=\"https:\/\/kgv-sellerhausen.de\/wp-content\/uploads\/2024\/05\/20130831_121432-1024x768.jpg 1024w, https:\/\/kgv-sellerhausen.de\/wp-content\/uploads\/2024\/05\/20130831_121432-300x225.jpg 300w, https:\/\/kgv-sellerhausen.de\/wp-content\/uploads\/2024\/05\/20130831_121432-768x576.jpg 768w, https:\/\/kgv-sellerhausen.de\/wp-content\/uploads\/2024\/05\/20130831_121432-1536x1152.jpg 1536w, https:\/\/kgv-sellerhausen.de\/wp-content\/uploads\/2024\/05\/20130831_121432-2048x1536.jpg 2048w\" sizes=\"(max-width: 1024px) 100vw, 1024px\"><\/figure>\n\n\n\n<figure class=\"wp-block-image size-large is-resized\"><img loading=\"lazy\" decoding=\"async\" width=\"768\" height=\"1024\" src=\"https:\/\/kgv-sellerhausen.de\/wp-content\/uploads\/2024\/05\/20130907_125542-768x1024.jpg\" alt class=\"wp-image-351\" style=\"width:891px;height:auto\" srcset=\"https:\/\/kgv-sellerhausen.de\/wp-content\/uploads\/2024\/05\/20130907_125542-768x1024.jpg 768w, https:\/\/kgv-sellerhausen.de\/wp-content\/uploads\/2024\/05\/20130907_125542-225x300.jpg 225w, https:\/\/kgv-sellerhausen.de\/wp-content\/uploads\/2024\/05\/20130907_125542-1152x1536.jpg 1152w, https:\/\/kgv-sellerhausen.de\/wp-content\/uploads\/2024\/05\/20130907_125542-1536x2048.jpg 1536w, https:\/\/kgv-sellerhausen.de\/wp-content\/uploads\/2024\/05\/20130907_125542.jpg 1920w\" sizes=\"(max-width: 768px) 100vw, 768px\"><\/figure>\n\n\n\n<figure class=\"wp-block-image size-large\"><img loading=\"lazy\" decoding=\"async\" width=\"1024\" height=\"768\" src=\"https:\/\/kgv-sellerhausen.de\/wp-content\/uploads\/2024\/05\/20140403_161710-1024x768.jpg\" alt class=\"wp-image-352\" srcset=\"https:\/\/kgv-sellerhausen.de\/wp-content\/uploads\/2024\/05\/20140403_161710-1024x768.jpg 1024w, https:\/\/kgv-sellerhausen.de\/wp-content\/uploads\/2024\/05\/20140403_161710-300x225.jpg 300w, https:\/\/kgv-sellerhausen.de\/wp-content\/uploads\/2024\/05\/20140403_161710-768x576.jpg 768w, https:\/\/kgv-sellerhausen.de\/wp-content\/uploads\/2024\/05\/20140403_161710-1536x1152.jpg 1536w, https:\/\/kgv-sellerhausen.de\/wp-content\/uploads\/2024\/05\/20140403_161710-2048x1536.jpg 2048w\" sizes=\"(max-width: 1024px) 100vw, 1024px\"><\/figure>\n\n\n\n<figure class=\"wp-block-image size-large\"><img loading=\"lazy\" decoding=\"async\" width=\"1024\" height=\"768\" src=\"https:\/\/kgv-sellerhausen.de\/wp-content\/uploads\/2024\/05\/20140404_173104-1024x768.jpg\" alt class=\"wp-image-348\" srcset=\"https:\/\/kgv-sellerhausen.de\/wp-content\/uploads\/2024\/05\/20140404_173104-1024x768.jpg 1024w, https:\/\/kgv-sellerhausen.de\/wp-content\/uploads\/2024\/05\/20140404_173104-300x225.jpg 300w, https:\/\/kgv-sellerhausen.de\/wp-content\/uploads\/2024\/05\/20140404_173104-768x576.jpg 768w, https:\/\/kgv-sellerhausen.de\/wp-content\/uploads\/2024\/05\/20140404_173104-1536x1152.jpg 1536w, https:\/\/kgv-sellerhausen.de\/wp-content\/uploads\/2024\/05\/20140404_173104-2048x1536.jpg 2048w\" sizes=\"(max-width: 1024px) 100vw, 1024px\"><\/figure>\n\n\n\n<figure class=\"wp-block-gallery has-nested-images columns-default is-cropped wp-block-gallery-2 is-layout-flex wp-block-gallery-is-layout-flex\">\n<figure class=\"wp-block-image size-large\"><img loading=\"lazy\" decoding=\"async\" width=\"1024\" height=\"768\" data-id=\"360\" src=\"https:\/\/kgv-sellerhausen.de\/wp-content\/uploads\/2024\/05\/DSCF0586-1024x768.jpg\" alt class=\"wp-image-360\" srcset=\"https:\/\/kgv-sellerhausen.de\/wp-content\/uploads\/2024\/05\/DSCF0586-1024x768.jpg 1024w, https:\/\/kgv-sellerhausen.de\/wp-content\/uploads\/2024\/05\/DSCF0586-300x225.jpg 300w, https:\/\/kgv-sellerhausen.de\/wp-content\/uploads\/2024\/05\/DSCF0586-768x576.jpg 768w, https:\/\/kgv-sellerhausen.de\/wp-content\/uploads\/2024\/05\/DSCF0586-1536x1152.jpg 1536w, https:\/\/kgv-sellerhausen.de\/wp-content\/uploads\/2024\/05\/DSCF0586-2048x1536.jpg 2048w\" sizes=\"(max-width: 1024px) 100vw, 1024px\"><\/figure>\n<\/figure>\n\n\n\n<figure class=\"wp-block-gallery has-nested-images columns-default is-cropped wp-block-gallery-3 is-layout-flex wp-block-gallery-is-layout-flex\">\n<figure class=\"wp-block-image size-large\"><img loading=\"lazy\" decoding=\"async\" width=\"1024\" height=\"768\" data-id=\"356\" src=\"https:\/\/kgv-sellerhausen.de\/wp-content\/uploads\/2024\/05\/20140417_140336-1024x768.jpg\" alt class=\"wp-image-356\" srcset=\"https:\/\/kgv-sellerhausen.de\/wp-content\/uploads\/2024\/05\/20140417_140336-1024x768.jpg 1024w, https:\/\/kgv-sellerhausen.de\/wp-content\/uploads\/2024\/05\/20140417_140336-300x225.jpg 300w, https:\/\/kgv-sellerhausen.de\/wp-content\/uploads\/2024\/05\/20140417_140336-768x576.jpg 768w, https:\/\/kgv-sellerhausen.de\/wp-content\/uploads\/2024\/05\/20140417_140336-1536x1152.jpg 1536w, https:\/\/kgv-sellerhausen.de\/wp-content\/uploads\/2024\/05\/20140417_140336-2048x1536.jpg 2048w\" sizes=\"(max-width: 1024px) 100vw, 1024px\"><\/figure>\n\n\n\n<figure class=\"wp-block-image size-large\"><img loading=\"lazy\" decoding=\"async\" width=\"768\" height=\"1024\" data-id=\"358\" src=\"https:\/\/kgv-sellerhausen.de\/wp-content\/uploads\/2024\/05\/20140709_182745-768x1024.jpg\" alt class=\"wp-image-358\" srcset=\"https:\/\/kgv-sellerhausen.de\/wp-content\/uploads\/2024\/05\/20140709_182745-768x1024.jpg 768w, https:\/\/kgv-sellerhausen.de\/wp-content\/uploads\/2024\/05\/20140709_182745-225x300.jpg 225w, https:\/\/kgv-sellerhausen.de\/wp-content\/uploads\/2024\/05\/20140709_182745-1152x1536.jpg 1152w, https:\/\/kgv-sellerhausen.de\/wp-content\/uploads\/2024\/05\/20140709_182745-1536x2048.jpg 1536w, https:\/\/kgv-sellerhausen.de\/wp-content\/uploads\/2024\/05\/20140709_182745-rotated.jpg 1920w\" sizes=\"(max-width: 768px) 100vw, 768px\"><\/figure>\n<\/figure>\n\n\n\n<figure class=\"wp-block-gallery has-nested-images columns-default is-cropped wp-block-gallery-4 is-layout-flex wp-block-gallery-is-layout-flex\">\n<figure class=\"wp-block-image size-large\"><img loading=\"lazy\" decoding=\"async\" width=\"1024\" height=\"768\" data-id=\"359\" src=\"https:\/\/kgv-sellerhausen.de\/wp-content\/uploads\/2024\/05\/DSCF0580-1024x768.jpg\" alt class=\"wp-image-359\" srcset=\"https:\/\/kgv-sellerhausen.de\/wp-content\/uploads\/2024\/05\/DSCF0580-1024x768.jpg 1024w, https:\/\/kgv-sellerhausen.de\/wp-content\/uploads\/2024\/05\/DSCF0580-300x225.jpg 300w, https:\/\/kgv-sellerhausen.de\/wp-content\/uploads\/2024\/05\/DSCF0580-768x576.jpg 768w, https:\/\/kgv-sellerhausen.de\/wp-content\/uploads\/2024\/05\/DSCF0580-1536x1152.jpg 1536w, https:\/\/kgv-sellerhausen.de\/wp-content\/uploads\/2024\/05\/DSCF0580-2048x1536.jpg 2048w\" sizes=\"(max-width: 1024px) 100vw, 1024px\"><\/figure>\n\n\n\n<figure class=\"wp-block-image size-large\"><img loading=\"lazy\" decoding=\"async\" width=\"1024\" height=\"768\" data-id=\"355\" src=\"https:\/\/kgv-sellerhausen.de\/wp-content\/uploads\/2024\/05\/20140410_164515-1-1024x768.jpg\" alt class=\"wp-image-355\" srcset=\"https:\/\/kgv-sellerhausen.de\/wp-content\/uploads\/2024\/05\/20140410_164515-1-1024x768.jpg 1024w, https:\/\/kgv-sellerhausen.de\/wp-content\/uploads\/2024\/05\/20140410_164515-1-300x225.jpg 300w, https:\/\/kgv-sellerhausen.de\/wp-content\/uploads\/2024\/05\/20140410_164515-1-768x576.jpg 768w, https:\/\/kgv-sellerhausen.de\/wp-content\/uploads\/2024\/05\/20140410_164515-1-1536x1152.jpg 1536w, https:\/\/kgv-sellerhausen.de\/wp-content\/uploads\/2024\/05\/20140410_164515-1-2048x1536.jpg 2048w\" sizes=\"(max-width: 1024px) 100vw, 1024px\"><\/figure>\n\n\n\n<figure class=\"wp-block-image size-large\"><img loading=\"lazy\" decoding=\"async\" width=\"1024\" height=\"768\" data-id=\"354\" src=\"https:\/\/kgv-sellerhausen.de\/wp-content\/uploads\/2024\/05\/20140410_191844-1024x768.jpg\" alt class=\"wp-image-354\" srcset=\"https:\/\/kgv-sellerhausen.de\/wp-content\/uploads\/2024\/05\/20140410_191844-1024x768.jpg 1024w, https:\/\/kgv-sellerhausen.de\/wp-content\/uploads\/2024\/05\/20140410_191844-300x225.jpg 300w, https:\/\/kgv-sellerhausen.de\/wp-content\/uploads\/2024\/05\/20140410_191844-768x576.jpg 768w, https:\/\/kgv-sellerhausen.de\/wp-content\/uploads\/2024\/05\/20140410_191844-1536x1152.jpg 1536w, https:\/\/kgv-sellerhausen.de\/wp-content\/uploads\/2024\/05\/20140410_191844-2048x1536.jpg 2048w\" sizes=\"(max-width: 1024px) 100vw, 1024px\"><\/figure>\n<\/figure>\n\n\n\n<figure class=\"wp-block-image size-large\"><img loading=\"lazy\" decoding=\"async\" width=\"1024\" height=\"768\" src=\"https:\/\/kgv-sellerhausen.de\/wp-content\/uploads\/2024\/05\/DSCF0581-1024x768.jpg\" alt class=\"wp-image-364\" srcset=\"https:\/\/kgv-sellerhausen.de\/wp-content\/uploads\/2024\/05\/DSCF0581-1024x768.jpg 1024w, https:\/\/kgv-sellerhausen.de\/wp-content\/uploads\/2024\/05\/DSCF0581-300x225.jpg 300w, https:\/\/kgv-sellerhausen.de\/wp-content\/uploads\/2024\/05\/DSCF0581-768x576.jpg 768w, https:\/\/kgv-sellerhausen.de\/wp-content\/uploads\/2024\/05\/DSCF0581-1536x1152.jpg 1536w, https:\/\/kgv-sellerhausen.de\/wp-content\/uploads\/2024\/05\/DSCF0581-2048x1536.jpg 2048w\" sizes=\"(max-width: 1024px) 100vw, 1024px\"><\/figure>\n\n\n\n<p>Kr\u00e4uter\u00adgarten im KGV Leipzig-Sell\u00ader\u00adhausen e.V.<\/p>\n","protected":false},"excerpt":{"rendered":"<p>Im Jahre 2014 war es uns auf\u00adgrund gestell\u00adter F\u00f6r\u00adder\u00admit\u00adte\u00adlantr\u00e4ge endlich m\u00f6glich, unseren Kr\u00e4uter\u2013 und Begeg\u00adnungs\u00adgarten zu gestal\u00adten und zu erricht\u00aden. Viel Zeit und Arbeit steckt in unser\u00ader eigens daf\u00fcr entwilderten Parzelle. Liebe zum Detail, die Ausar\u00adbeitung und anf\u00e4ngliche Urbar\u00adma\u00adchung der Parzelle haben beson\u00adders viel Zeit in Anspruch genom\u00admen. Nicht immer waren unsere P\u00e4chter der Mei\u00adn\u00adung, dass das, was wir hier<\/p>\n","protected":false},"author":1,"featured_media":0,"parent":0,"menu_order":0,"comment_status":"closed","ping_status":"closed","template":"","meta":{"wp_typography_post_enhancements_disabled":false,"ngg_post_thumbnail":0,"footnotes":""},"class_list":["post-183","page","type-page","status-publish","hentry"],"yoast_head":"<!-- This site is optimized with the Yoast SEO plugin v27.4 - https:\/\/yoast.com\/product\/yoast-seo-wordpress\/ -->\n<title>Errichtung Kr\u00e4utergarten KGV Leipzig-Sellerhausen - Kleingartenverein Leipzig-Sellerhausen e.V. - Verbundenheit seit 1896<\/title>\n<meta name=\"description\" content=\"Mit der Errichtung unseres pers\u00f6nlichen Kr\u00e4utergartens hat sich der Kleingartenverein Leipzig-Sellerhausen e.V. einen traum erf\u00fcllt.\" \/>\n<meta name=\"robots\" content=\"index, follow, max-snippet:-1, max-image-preview:large, max-video-preview:-1\" \/>\n<link rel=\"canonical\" href=\"https:\/\/kgv-sellerhausen.de\/?page_id=183\" \/>\n<meta property=\"og:locale\" content=\"de_DE\" \/>\n<meta property=\"og:type\" content=\"article\" \/>\n<meta property=\"og:title\" content=\"Errichtung Kr\u00e4utergarten KGV Leipzig-Sellerhausen - Kleingartenverein Leipzig-Sellerhausen e.V. - Verbundenheit seit 1896\" \/>\n<meta property=\"og:description\" content=\"Mit der Errichtung unseres pers\u00f6nlichen Kr\u00e4utergartens hat sich der Kleingartenverein Leipzig-Sellerhausen e.V. einen traum erf\u00fcllt.\" \/>\n<meta property=\"og:url\" content=\"https:\/\/kgv-sellerhausen.de\/?page_id=183\" \/>\n<meta property=\"og:site_name\" content=\"Kleingartenverein Leipzig-Sellerhausen e.V. - Verbundenheit seit 1896\" \/>\n<meta property=\"article:publisher\" content=\"https:\/\/facebook.com\/yoast\" \/>\n<meta property=\"article:modified_time\" content=\"2024-06-06T18:54:55+00:00\" \/>\n<meta property=\"og:image\" content=\"http:\/\/kgv-sellerhausen.de\/wp-content\/uploads\/2024\/05\/20130831_121428-1024x768.jpg\" \/>\n<meta name=\"twitter:card\" content=\"summary_large_image\" \/>\n<meta name=\"twitter:label1\" content=\"Gesch\u00e4tzte Lesezeit\" \/>\n\t<meta name=\"twitter:data1\" content=\"5\u00a0Minuten\" \/>\n<script type=\"application\/ld+json\" class=\"yoast-schema-graph\">{\"@context\":\"https:\\\/\\\/schema.org\",\"@graph\":[{\"@type\":\"WebPage\",\"@id\":\"https:\\\/\\\/kgv-sellerhausen.de\\\/?page_id=183\",\"url\":\"https:\\\/\\\/kgv-sellerhausen.de\\\/?page_id=183\",\"name\":\"Errichtung Kr\u00e4utergarten KGV Leipzig-Sellerhausen - Kleingartenverein Leipzig-Sellerhausen e.V. - Verbundenheit seit 1896\",\"isPartOf\":{\"@id\":\"https:\\\/\\\/kgv-sellerhausen.de\\\/#website\"},\"primaryImageOfPage\":{\"@id\":\"https:\\\/\\\/kgv-sellerhausen.de\\\/?page_id=183#primaryimage\"},\"image\":{\"@id\":\"https:\\\/\\\/kgv-sellerhausen.de\\\/?page_id=183#primaryimage\"},\"thumbnailUrl\":\"http:\\\/\\\/kgv-sellerhausen.de\\\/wp-content\\\/uploads\\\/2024\\\/05\\\/20130831_121428-1024x768.jpg\",\"datePublished\":\"2024-05-10T21:49:34+00:00\",\"dateModified\":\"2024-06-06T18:54:55+00:00\",\"description\":\"Mit der Errichtung unseres pers\u00f6nlichen Kr\u00e4utergartens hat sich der Kleingartenverein Leipzig-Sellerhausen e.V. einen traum erf\u00fcllt.\",\"breadcrumb\":{\"@id\":\"https:\\\/\\\/kgv-sellerhausen.de\\\/?page_id=183#breadcrumb\"},\"inLanguage\":\"de\",\"potentialAction\":[{\"@type\":\"ReadAction\",\"target\":[\"https:\\\/\\\/kgv-sellerhausen.de\\\/?page_id=183\"]}]},{\"@type\":\"ImageObject\",\"inLanguage\":\"de\",\"@id\":\"https:\\\/\\\/kgv-sellerhausen.de\\\/?page_id=183#primaryimage\",\"url\":\"http:\\\/\\\/kgv-sellerhausen.de\\\/wp-content\\\/uploads\\\/2024\\\/05\\\/20130831_121428-1024x768.jpg\",\"contentUrl\":\"http:\\\/\\\/kgv-sellerhausen.de\\\/wp-content\\\/uploads\\\/2024\\\/05\\\/20130831_121428-1024x768.jpg\"},{\"@type\":\"BreadcrumbList\",\"@id\":\"https:\\\/\\\/kgv-sellerhausen.de\\\/?page_id=183#breadcrumb\",\"itemListElement\":[{\"@type\":\"ListItem\",\"position\":1,\"name\":\"Startseite\",\"item\":\"https:\\\/\\\/kgv-sellerhausen.de\\\/\"},{\"@type\":\"ListItem\",\"position\":2,\"name\":\"Errichtung Kr\u00e4utergarten KGV Leipzig-Sellerhausen\"}]},{\"@type\":\"WebSite\",\"@id\":\"https:\\\/\\\/kgv-sellerhausen.de\\\/#website\",\"url\":\"https:\\\/\\\/kgv-sellerhausen.de\\\/\",\"name\":\"Kleingartenverein Leipzig-Sellerhausen e.V. - Verbundenheit seit 1896\",\"description\":\"Wilkommen auf der Homepage des Kleingartenvereins Leipzig-Sellerhausen e.V.\",\"publisher\":{\"@id\":\"https:\\\/\\\/kgv-sellerhausen.de\\\/#organization\"},\"potentialAction\":[{\"@type\":\"SearchAction\",\"target\":{\"@type\":\"EntryPoint\",\"urlTemplate\":\"https:\\\/\\\/kgv-sellerhausen.de\\\/?s={search_term_string}\"},\"query-input\":{\"@type\":\"PropertyValueSpecification\",\"valueRequired\":true,\"valueName\":\"search_term_string\"}}],\"inLanguage\":\"de\"},{\"@type\":\"Organization\",\"@id\":\"https:\\\/\\\/kgv-sellerhausen.de\\\/#organization\",\"name\":\"Kleingartenverein Leipzig-Sellerhausen e.V.\",\"url\":\"https:\\\/\\\/kgv-sellerhausen.de\\\/\",\"logo\":{\"@type\":\"ImageObject\",\"inLanguage\":\"de\",\"@id\":\"https:\\\/\\\/kgv-sellerhausen.de\\\/#\\\/schema\\\/logo\\\/image\\\/\",\"url\":\"https:\\\/\\\/kgv-sellerhausen.de\\\/wp-content\\\/uploads\\\/2024\\\/05\\\/Leipzig-Sellerhausen-orrn7waee5jolxaot3h4nm08huu6cgwh2w5vb4fxio-7.jpg\",\"contentUrl\":\"https:\\\/\\\/kgv-sellerhausen.de\\\/wp-content\\\/uploads\\\/2024\\\/05\\\/Leipzig-Sellerhausen-orrn7waee5jolxaot3h4nm08huu6cgwh2w5vb4fxio-7.jpg\",\"width\":1024,\"height\":600,\"caption\":\"Kleingartenverein Leipzig-Sellerhausen e.V.\"},\"image\":{\"@id\":\"https:\\\/\\\/kgv-sellerhausen.de\\\/#\\\/schema\\\/logo\\\/image\\\/\"},\"sameAs\":[\"https:\\\/\\\/facebook.com\\\/yoast\"]}]}<\/script>\n<!-- \/ Yoast SEO plugin. -->","yoast_head_json":{"title":"Errichtung Kr\u00e4utergarten KGV Leipzig-Sellerhausen - Kleingartenverein Leipzig-Sellerhausen e.V. - Verbundenheit seit 1896","description":"Mit der Errichtung unseres pers\u00f6nlichen Kr\u00e4utergartens hat sich der Kleingartenverein Leipzig-Sellerhausen e.V. einen traum erf\u00fcllt.","robots":{"index":"index","follow":"follow","max-snippet":"max-snippet:-1","max-image-preview":"max-image-preview:large","max-video-preview":"max-video-preview:-1"},"canonical":"https:\/\/kgv-sellerhausen.de\/?page_id=183","og_locale":"de_DE","og_type":"article","og_title":"Errichtung Kr\u00e4utergarten KGV Leipzig-Sellerhausen - Kleingartenverein Leipzig-Sellerhausen e.V. - Verbundenheit seit 1896","og_description":"Mit der Errichtung unseres pers\u00f6nlichen Kr\u00e4utergartens hat sich der Kleingartenverein Leipzig-Sellerhausen e.V. einen traum erf\u00fcllt.","og_url":"https:\/\/kgv-sellerhausen.de\/?page_id=183","og_site_name":"Kleingartenverein Leipzig-Sellerhausen e.V. - Verbundenheit seit 1896","article_publisher":"https:\/\/facebook.com\/yoast","article_modified_time":"2024-06-06T18:54:55+00:00","og_image":[{"url":"http:\/\/kgv-sellerhausen.de\/wp-content\/uploads\/2024\/05\/20130831_121428-1024x768.jpg","type":"","width":"","height":""}],"twitter_card":"summary_large_image","twitter_misc":{"Gesch\u00e4tzte Lesezeit":"5\u00a0Minuten"},"schema":{"@context":"https:\/\/schema.org","@graph":[{"@type":"WebPage","@id":"https:\/\/kgv-sellerhausen.de\/?page_id=183","url":"https:\/\/kgv-sellerhausen.de\/?page_id=183","name":"Errichtung Kr\u00e4utergarten KGV Leipzig-Sellerhausen - Kleingartenverein Leipzig-Sellerhausen e.V. - Verbundenheit seit 1896","isPartOf":{"@id":"https:\/\/kgv-sellerhausen.de\/#website"},"primaryImageOfPage":{"@id":"https:\/\/kgv-sellerhausen.de\/?page_id=183#primaryimage"},"image":{"@id":"https:\/\/kgv-sellerhausen.de\/?page_id=183#primaryimage"},"thumbnailUrl":"http:\/\/kgv-sellerhausen.de\/wp-content\/uploads\/2024\/05\/20130831_121428-1024x768.jpg","datePublished":"2024-05-10T21:49:34+00:00","dateModified":"2024-06-06T18:54:55+00:00","description":"Mit der Errichtung unseres pers\u00f6nlichen Kr\u00e4utergartens hat sich der Kleingartenverein Leipzig-Sellerhausen e.V. einen traum erf\u00fcllt.","breadcrumb":{"@id":"https:\/\/kgv-sellerhausen.de\/?page_id=183#breadcrumb"},"inLanguage":"de","potentialAction":[{"@type":"ReadAction","target":["https:\/\/kgv-sellerhausen.de\/?page_id=183"]}]},{"@type":"ImageObject","inLanguage":"de","@id":"https:\/\/kgv-sellerhausen.de\/?page_id=183#primaryimage","url":"http:\/\/kgv-sellerhausen.de\/wp-content\/uploads\/2024\/05\/20130831_121428-1024x768.jpg","contentUrl":"http:\/\/kgv-sellerhausen.de\/wp-content\/uploads\/2024\/05\/20130831_121428-1024x768.jpg"},{"@type":"BreadcrumbList","@id":"https:\/\/kgv-sellerhausen.de\/?page_id=183#breadcrumb","itemListElement":[{"@type":"ListItem","position":1,"name":"Startseite","item":"https:\/\/kgv-sellerhausen.de\/"},{"@type":"ListItem","position":2,"name":"Errichtung Kr\u00e4utergarten KGV Leipzig-Sellerhausen"}]},{"@type":"WebSite","@id":"https:\/\/kgv-sellerhausen.de\/#website","url":"https:\/\/kgv-sellerhausen.de\/","name":"Kleingartenverein Leipzig-Sellerhausen e.V. - Verbundenheit seit 1896","description":"Wilkommen auf der Homepage des Kleingartenvereins Leipzig-Sellerhausen e.V.","publisher":{"@id":"https:\/\/kgv-sellerhausen.de\/#organization"},"potentialAction":[{"@type":"SearchAction","target":{"@type":"EntryPoint","urlTemplate":"https:\/\/kgv-sellerhausen.de\/?s={search_term_string}"},"query-input":{"@type":"PropertyValueSpecification","valueRequired":true,"valueName":"search_term_string"}}],"inLanguage":"de"},{"@type":"Organization","@id":"https:\/\/kgv-sellerhausen.de\/#organization","name":"Kleingartenverein Leipzig-Sellerhausen e.V.","url":"https:\/\/kgv-sellerhausen.de\/","logo":{"@type":"ImageObject","inLanguage":"de","@id":"https:\/\/kgv-sellerhausen.de\/#\/schema\/logo\/image\/","url":"https:\/\/kgv-sellerhausen.de\/wp-content\/uploads\/2024\/05\/Leipzig-Sellerhausen-orrn7waee5jolxaot3h4nm08huu6cgwh2w5vb4fxio-7.jpg","contentUrl":"https:\/\/kgv-sellerhausen.de\/wp-content\/uploads\/2024\/05\/Leipzig-Sellerhausen-orrn7waee5jolxaot3h4nm08huu6cgwh2w5vb4fxio-7.jpg","width":1024,"height":600,"caption":"Kleingartenverein Leipzig-Sellerhausen e.V."},"image":{"@id":"https:\/\/kgv-sellerhausen.de\/#\/schema\/logo\/image\/"},"sameAs":["https:\/\/facebook.com\/yoast"]}]}},"_links":{"self":[{"href":"https:\/\/kgv-sellerhausen.de\/index.php?rest_route=\/wp\/v2\/pages\/183","targetHints":{"allow":["GET"]}}],"collection":[{"href":"https:\/\/kgv-sellerhausen.de\/index.php?rest_route=\/wp\/v2\/pages"}],"about":[{"href":"https:\/\/kgv-sellerhausen.de\/index.php?rest_route=\/wp\/v2\/types\/page"}],"author":[{"embeddable":true,"href":"https:\/\/kgv-sellerhausen.de\/index.php?rest_route=\/wp\/v2\/users\/1"}],"replies":[{"embeddable":true,"href":"https:\/\/kgv-sellerhausen.de\/index.php?rest_route=%2Fwp%2Fv2%2Fcomments&post=183"}],"version-history":[{"count":16,"href":"https:\/\/kgv-sellerhausen.de\/index.php?rest_route=\/wp\/v2\/pages\/183\/revisions"}],"predecessor-version":[{"id":1459,"href":"https:\/\/kgv-sellerhausen.de\/index.php?rest_route=\/wp\/v2\/pages\/183\/revisions\/1459"}],"wp:attachment":[{"href":"https:\/\/kgv-sellerhausen.de\/index.php?rest_route=%2Fwp%2Fv2%2Fmedia&parent=183"}],"curies":[{"name":"wp","href":"https:\/\/api.w.org\/{rel}","templated":true}]}}