{"id":39,"date":"2024-05-10T10:44:43","date_gmt":"2024-05-10T10:44:43","guid":{"rendered":"http:\/\/kgv-sellerhausen.de\/?page_id=39"},"modified":"2025-06-27T09:44:59","modified_gmt":"2025-06-27T09:44:59","slug":"gartentipps","status":"publish","type":"page","link":"https:\/\/kgv-sellerhausen.de\/?page_id=39","title":{"rendered":"freie G\u00e4rten"},"content":{"rendered":"\t\t<div data-elementor-type=\"wp-page\" data-elementor-id=\"39\" class=\"elementor elementor-39\">\n\t\t\t\t<div class=\"elementor-element elementor-element-40020007 e-flex e-con-boxed e-con e-parent\" data-id=\"40020007\" data-element_type=\"container\" data-e-type=\"container\">\n\t\t\t\t\t<div class=\"e-con-inner\">\n\t\t\t\t<div class=\"elementor-element elementor-element-735bea39 elementor-widget elementor-widget-text-editor\" data-id=\"735bea39\" data-element_type=\"widget\" data-e-type=\"widget\" data-widget_type=\"text-editor.default\">\n\t\t\t\t<div class=\"elementor-widget-container\">\n\t\t\t\t\t\t\t\t\t\n<p class=\"has-text-align-center\"><strong><a href=\"https:\/\/kgv-sellerhausen.de\/?page_id=187\">Bitte grund\u00ads\u00e4t\u00adzliche Hin\u00adweise zur Bewer\u00adbung um einen freien Garten beacht\u00aden<\/a><\/strong><\/p>\n\n<p class=\"has-text-align-center\"><strong><a href=\"https:\/\/kgv-sellerhausen.de\/?page_id=189\">Satzung und Klein\u00adgartenord\u00adnung<\/a><\/strong><\/p>\n\n<p align=\"justify\">Derzeit ste\u00adhen G\u00e4rten zur Ver\u00adf\u00fc\u00adgung, die in Vor\u00adbere\u00aditung zur \u00dcber\u00adgabe sind. Gern k\u00f6n\u00adnen Sie sich zwecks ein\u00ader Garten\u00adver\u00adgabe im KGV Leipzig-Sell\u00ader\u00adhausen auf die Warteliste set\u00adzen lassen. Fol\u00adgende Bedin\u00adgun\u00adgen f\u00fcr die \u00dcber\u00adnahme ein\u00ader Parzelle gel\u00adten:<\/p>\n<p align=\"justify\">entste\u00adhende Kosten:<\/p>\n\n<ul class=\"wp-block-list\">\n<li>Bei Pachtver\u00adtragss\u00adchluss ist eine Sicher\u00adheits\u00adge\u00adb\u00fchr i.H.v. EUR 350,00 zu erbrin\u00adgen (keine Raten\u00adzahlung).<\/li>\n\n<li>Es fall\u00aden Auf\u00adnah\u00admege\u00adb\u00fchren Wasserge\u00admein\u00adschaft i.H.v. EUR 25,00 an.<\/li>\n\n<li>Es fall\u00aden Auf\u00adnah\u00admege\u00adb\u00fchren Stromge\u00admein\u00adschaft i.H.v. EUR 40,00 an.<\/li>\n\n<li>Es fall\u00aden anteilig Pacht\u00adge\u00adb\u00fchren neb\u00adst Mit\u00adglieds\u00adge\u00adb\u00fchren (ca. EUR 150,00 pro Garten\u00adjahr) an.<\/li>\n<\/ul>\n<p>Bitte senden Sie uns eine Mail mit der Angabe Ihrer Vorstel\u00adlun\u00adgen und der Tele\u00adfon\u00adnum\u00admer an <a href=\"mailto:kleingartenverein-sellerhausen@gmx.de\">kleingartenverein-sellerhausen@gmx.de<\/a><\/p>\n\t\t\t\t\t\t\t\t<\/div>\n\t\t\t\t<\/div>\n\t\t\t\t\t<\/div>\n\t\t\t\t<\/div>\n\t\t\t\t<\/div>\n\t\t","protected":false},"excerpt":{"rendered":"<p>Bitte grund\u00ads\u00e4t\u00adzliche Hin\u00adweise zur Bewer\u00adbung um einen freien Garten beacht\u00aden Satzung und Klein\u00adgartenord\u00adnung Derzeit ste\u00adhen G\u00e4rten zur Ver\u00adf\u00fc\u00adgung, die in Vor\u00adbere\u00aditung zur \u00dcber\u00adgabe sind. Gern k\u00f6n\u00adnen Sie sich zwecks ein\u00ader Garten\u00adver\u00adgabe im KGV Leipzig-Sel\u00adl\u00ad\u00ader\u00adhausen auf die Warteliste set\u00adzen lassen. Fol\u00adgende Bedin\u00adgun\u00adgen f\u00fcr die \u00dcber\u00adnahme ein\u00ader Parzelle gel\u00adten: entste\u00adhende Kosten:<\/p>\n","protected":false},"author":1,"featured_media":0,"parent":0,"menu_order":5,"comment_status":"closed","ping_status":"closed","template":"","meta":{"wp_typography_post_enhancements_disabled":false,"ngg_post_thumbnail":0,"footnotes":""},"class_list":["post-39","page","type-page","status-publish","hentry"],"yoast_head":"<!-- This site is optimized with the Yoast SEO plugin v27.4 - https:\/\/yoast.com\/product\/yoast-seo-wordpress\/ -->\n<title>freie G\u00e4rten - Kleingartenverein Leipzig-Sellerhausen e.V. - Verbundenheit seit 1896<\/title>\n<meta name=\"description\" content=\"Die derzeit freistehenden G\u00e4rten (zwecks Gartenvergabe) im KGV Leipzig-Sellerhausen e.V. - bitte Bewerbung abgeben f\u00fcr alle Interessenten.\" \/>\n<meta name=\"robots\" content=\"index, follow, max-snippet:-1, max-image-preview:large, max-video-preview:-1\" \/>\n<link rel=\"canonical\" href=\"https:\/\/kgv-sellerhausen.de\/?page_id=39\" \/>\n<meta property=\"og:locale\" content=\"de_DE\" \/>\n<meta property=\"og:type\" content=\"article\" \/>\n<meta property=\"og:title\" content=\"freie G\u00e4rten - Kleingartenverein Leipzig-Sellerhausen e.V. - Verbundenheit seit 1896\" \/>\n<meta property=\"og:description\" content=\"Die derzeit freistehenden G\u00e4rten (zwecks Gartenvergabe) im KGV Leipzig-Sellerhausen e.V. - bitte Bewerbung abgeben f\u00fcr alle Interessenten.\" \/>\n<meta property=\"og:url\" content=\"https:\/\/kgv-sellerhausen.de\/?page_id=39\" \/>\n<meta property=\"og:site_name\" content=\"Kleingartenverein Leipzig-Sellerhausen e.V. - Verbundenheit seit 1896\" \/>\n<meta property=\"article:publisher\" content=\"https:\/\/facebook.com\/yoast\" \/>\n<meta property=\"article:modified_time\" content=\"2025-06-27T09:44:59+00:00\" \/>\n<meta name=\"twitter:card\" content=\"summary_large_image\" \/>\n<meta name=\"twitter:label1\" content=\"Gesch\u00e4tzte Lesezeit\" \/>\n\t<meta name=\"twitter:data1\" content=\"1\u00a0Minute\" \/>\n<script type=\"application\/ld+json\" class=\"yoast-schema-graph\">{\"@context\":\"https:\\\/\\\/schema.org\",\"@graph\":[{\"@type\":\"WebPage\",\"@id\":\"https:\\\/\\\/kgv-sellerhausen.de\\\/?page_id=39\",\"url\":\"https:\\\/\\\/kgv-sellerhausen.de\\\/?page_id=39\",\"name\":\"freie G\u00e4rten - Kleingartenverein Leipzig-Sellerhausen e.V. - Verbundenheit seit 1896\",\"isPartOf\":{\"@id\":\"https:\\\/\\\/kgv-sellerhausen.de\\\/#website\"},\"datePublished\":\"2024-05-10T10:44:43+00:00\",\"dateModified\":\"2025-06-27T09:44:59+00:00\",\"description\":\"Die derzeit freistehenden G\u00e4rten (zwecks Gartenvergabe) im KGV Leipzig-Sellerhausen e.V. - bitte Bewerbung abgeben f\u00fcr alle Interessenten.\",\"breadcrumb\":{\"@id\":\"https:\\\/\\\/kgv-sellerhausen.de\\\/?page_id=39#breadcrumb\"},\"inLanguage\":\"de\",\"potentialAction\":[{\"@type\":\"ReadAction\",\"target\":[\"https:\\\/\\\/kgv-sellerhausen.de\\\/?page_id=39\"]}]},{\"@type\":\"BreadcrumbList\",\"@id\":\"https:\\\/\\\/kgv-sellerhausen.de\\\/?page_id=39#breadcrumb\",\"itemListElement\":[{\"@type\":\"ListItem\",\"position\":1,\"name\":\"Startseite\",\"item\":\"https:\\\/\\\/kgv-sellerhausen.de\\\/\"},{\"@type\":\"ListItem\",\"position\":2,\"name\":\"freie G\u00e4rten\"}]},{\"@type\":\"WebSite\",\"@id\":\"https:\\\/\\\/kgv-sellerhausen.de\\\/#website\",\"url\":\"https:\\\/\\\/kgv-sellerhausen.de\\\/\",\"name\":\"Kleingartenverein Leipzig-Sellerhausen e.V. - Verbundenheit seit 1896\",\"description\":\"Wilkommen auf der Homepage des Kleingartenvereins Leipzig-Sellerhausen e.V.\",\"publisher\":{\"@id\":\"https:\\\/\\\/kgv-sellerhausen.de\\\/#organization\"},\"potentialAction\":[{\"@type\":\"SearchAction\",\"target\":{\"@type\":\"EntryPoint\",\"urlTemplate\":\"https:\\\/\\\/kgv-sellerhausen.de\\\/?s={search_term_string}\"},\"query-input\":{\"@type\":\"PropertyValueSpecification\",\"valueRequired\":true,\"valueName\":\"search_term_string\"}}],\"inLanguage\":\"de\"},{\"@type\":\"Organization\",\"@id\":\"https:\\\/\\\/kgv-sellerhausen.de\\\/#organization\",\"name\":\"Kleingartenverein Leipzig-Sellerhausen e.V.\",\"url\":\"https:\\\/\\\/kgv-sellerhausen.de\\\/\",\"logo\":{\"@type\":\"ImageObject\",\"inLanguage\":\"de\",\"@id\":\"https:\\\/\\\/kgv-sellerhausen.de\\\/#\\\/schema\\\/logo\\\/image\\\/\",\"url\":\"https:\\\/\\\/kgv-sellerhausen.de\\\/wp-content\\\/uploads\\\/2024\\\/05\\\/Leipzig-Sellerhausen-orrn7waee5jolxaot3h4nm08huu6cgwh2w5vb4fxio-7.jpg\",\"contentUrl\":\"https:\\\/\\\/kgv-sellerhausen.de\\\/wp-content\\\/uploads\\\/2024\\\/05\\\/Leipzig-Sellerhausen-orrn7waee5jolxaot3h4nm08huu6cgwh2w5vb4fxio-7.jpg\",\"width\":1024,\"height\":600,\"caption\":\"Kleingartenverein Leipzig-Sellerhausen e.V.\"},\"image\":{\"@id\":\"https:\\\/\\\/kgv-sellerhausen.de\\\/#\\\/schema\\\/logo\\\/image\\\/\"},\"sameAs\":[\"https:\\\/\\\/facebook.com\\\/yoast\"]}]}<\/script>\n<!-- \/ Yoast SEO plugin. -->","yoast_head_json":{"title":"freie G\u00e4rten - Kleingartenverein Leipzig-Sellerhausen e.V. - Verbundenheit seit 1896","description":"Die derzeit freistehenden G\u00e4rten (zwecks Gartenvergabe) im KGV Leipzig-Sellerhausen e.V. - bitte Bewerbung abgeben f\u00fcr alle Interessenten.","robots":{"index":"index","follow":"follow","max-snippet":"max-snippet:-1","max-image-preview":"max-image-preview:large","max-video-preview":"max-video-preview:-1"},"canonical":"https:\/\/kgv-sellerhausen.de\/?page_id=39","og_locale":"de_DE","og_type":"article","og_title":"freie G\u00e4rten - Kleingartenverein Leipzig-Sellerhausen e.V. - Verbundenheit seit 1896","og_description":"Die derzeit freistehenden G\u00e4rten (zwecks Gartenvergabe) im KGV Leipzig-Sellerhausen e.V. - bitte Bewerbung abgeben f\u00fcr alle Interessenten.","og_url":"https:\/\/kgv-sellerhausen.de\/?page_id=39","og_site_name":"Kleingartenverein Leipzig-Sellerhausen e.V. - Verbundenheit seit 1896","article_publisher":"https:\/\/facebook.com\/yoast","article_modified_time":"2025-06-27T09:44:59+00:00","twitter_card":"summary_large_image","twitter_misc":{"Gesch\u00e4tzte Lesezeit":"1\u00a0Minute"},"schema":{"@context":"https:\/\/schema.org","@graph":[{"@type":"WebPage","@id":"https:\/\/kgv-sellerhausen.de\/?page_id=39","url":"https:\/\/kgv-sellerhausen.de\/?page_id=39","name":"freie G\u00e4rten - Kleingartenverein Leipzig-Sellerhausen e.V. - Verbundenheit seit 1896","isPartOf":{"@id":"https:\/\/kgv-sellerhausen.de\/#website"},"datePublished":"2024-05-10T10:44:43+00:00","dateModified":"2025-06-27T09:44:59+00:00","description":"Die derzeit freistehenden G\u00e4rten (zwecks Gartenvergabe) im KGV Leipzig-Sellerhausen e.V. - bitte Bewerbung abgeben f\u00fcr alle Interessenten.","breadcrumb":{"@id":"https:\/\/kgv-sellerhausen.de\/?page_id=39#breadcrumb"},"inLanguage":"de","potentialAction":[{"@type":"ReadAction","target":["https:\/\/kgv-sellerhausen.de\/?page_id=39"]}]},{"@type":"BreadcrumbList","@id":"https:\/\/kgv-sellerhausen.de\/?page_id=39#breadcrumb","itemListElement":[{"@type":"ListItem","position":1,"name":"Startseite","item":"https:\/\/kgv-sellerhausen.de\/"},{"@type":"ListItem","position":2,"name":"freie G\u00e4rten"}]},{"@type":"WebSite","@id":"https:\/\/kgv-sellerhausen.de\/#website","url":"https:\/\/kgv-sellerhausen.de\/","name":"Kleingartenverein Leipzig-Sellerhausen e.V. - Verbundenheit seit 1896","description":"Wilkommen auf der Homepage des Kleingartenvereins Leipzig-Sellerhausen e.V.","publisher":{"@id":"https:\/\/kgv-sellerhausen.de\/#organization"},"potentialAction":[{"@type":"SearchAction","target":{"@type":"EntryPoint","urlTemplate":"https:\/\/kgv-sellerhausen.de\/?s={search_term_string}"},"query-input":{"@type":"PropertyValueSpecification","valueRequired":true,"valueName":"search_term_string"}}],"inLanguage":"de"},{"@type":"Organization","@id":"https:\/\/kgv-sellerhausen.de\/#organization","name":"Kleingartenverein Leipzig-Sellerhausen e.V.","url":"https:\/\/kgv-sellerhausen.de\/","logo":{"@type":"ImageObject","inLanguage":"de","@id":"https:\/\/kgv-sellerhausen.de\/#\/schema\/logo\/image\/","url":"https:\/\/kgv-sellerhausen.de\/wp-content\/uploads\/2024\/05\/Leipzig-Sellerhausen-orrn7waee5jolxaot3h4nm08huu6cgwh2w5vb4fxio-7.jpg","contentUrl":"https:\/\/kgv-sellerhausen.de\/wp-content\/uploads\/2024\/05\/Leipzig-Sellerhausen-orrn7waee5jolxaot3h4nm08huu6cgwh2w5vb4fxio-7.jpg","width":1024,"height":600,"caption":"Kleingartenverein Leipzig-Sellerhausen e.V."},"image":{"@id":"https:\/\/kgv-sellerhausen.de\/#\/schema\/logo\/image\/"},"sameAs":["https:\/\/facebook.com\/yoast"]}]}},"_links":{"self":[{"href":"https:\/\/kgv-sellerhausen.de\/index.php?rest_route=\/wp\/v2\/pages\/39","targetHints":{"allow":["GET"]}}],"collection":[{"href":"https:\/\/kgv-sellerhausen.de\/index.php?rest_route=\/wp\/v2\/pages"}],"about":[{"href":"https:\/\/kgv-sellerhausen.de\/index.php?rest_route=\/wp\/v2\/types\/page"}],"author":[{"embeddable":true,"href":"https:\/\/kgv-sellerhausen.de\/index.php?rest_route=\/wp\/v2\/users\/1"}],"replies":[{"embeddable":true,"href":"https:\/\/kgv-sellerhausen.de\/index.php?rest_route=%2Fwp%2Fv2%2Fcomments&post=39"}],"version-history":[{"count":28,"href":"https:\/\/kgv-sellerhausen.de\/index.php?rest_route=\/wp\/v2\/pages\/39\/revisions"}],"predecessor-version":[{"id":1789,"href":"https:\/\/kgv-sellerhausen.de\/index.php?rest_route=\/wp\/v2\/pages\/39\/revisions\/1789"}],"wp:attachment":[{"href":"https:\/\/kgv-sellerhausen.de\/index.php?rest_route=%2Fwp%2Fv2%2Fmedia&parent=39"}],"curies":[{"name":"wp","href":"https:\/\/api.w.org\/{rel}","templated":true}]}}