{"id":5,"date":"2024-05-10T08:44:08","date_gmt":"2024-05-10T08:44:08","guid":{"rendered":"http:\/\/kgv-sellerhausen.de\/willkommen-auf-http-kgv-sellerhausen-de\/"},"modified":"2025-12-27T13:47:19","modified_gmt":"2025-12-27T13:47:19","slug":"willkommen-auf-http-kgv-sellerhausen-de","status":"publish","type":"page","link":"https:\/\/kgv-sellerhausen.de\/","title":{"rendered":"Herzlich Willkommen"},"content":{"rendered":"\t\t<div data-elementor-type=\"wp-page\" data-elementor-id=\"5\" class=\"elementor elementor-5\">\n\t\t\t\t<div class=\"elementor-element elementor-element-2f304a1 e-flex e-con-boxed e-con e-parent\" data-id=\"2f304a1\" data-element_type=\"container\" data-e-type=\"container\">\n\t\t\t\t\t<div class=\"e-con-inner\">\n\t\t\t\t<div class=\"elementor-element elementor-element-420f6fc2 elementor-widget elementor-widget-text-editor\" data-id=\"420f6fc2\" data-element_type=\"widget\" data-e-type=\"widget\" data-widget_type=\"text-editor.default\">\n\t\t\t\t<div class=\"elementor-widget-container\">\n\t\t\t\t\t\t\t\t\t\n<p>Liebe Besuchende, Bekan\u00adnte, Gartenfreund*innen,<\/p>\n\n<p align=\"justify\">her\u00adzlich willkom\u00admen in unserem sch\u00f6\u00adnen Klein\u00adgarten\u00advere\u00adin Leipzig-Sell\u00ader\u00adhausen e.V.<\/p>\n<p align=\"justify\">Wie Du vielle\u00adicht bere\u00adits bemerkst hast, befind\u00adet sich diese Seite ger\u00adade im Auf\u00adbau. Wir wer\u00adden nach und nach die Inhalte dieser Seite erweit\u00adern und w\u00fcr\u00adden uns freuen, wenn Du uns als\u00adbald wieder besuchst.<\/p>\n<p align=\"justify\">In unserem Vere\u00adin ist grund\u00ads\u00e4t\u00adzlich jed\u00ader willkom\u00admen. Wir sind ein Vere\u00adin aus P\u00e4chtern unter\u00adschiedlichen Alters und unter\u00adschiedlich\u00ader Gen\u00ader\u00ada\u00adtio\u00adnen, jed\u00adwed\u00ader Geschlechter, unter\u00adschiedlich\u00ader Nation\u00adal\u00adit\u00e4ten und dazu ste\u00adhen wir. In unserem Vere\u00adin ist aus diesem Grund kein Platz f\u00fcr Hass oder f\u00fcr irgendwelche Vorurteile. Bitte ber\u00fcck\u00adsichtigt und akzep\u00adtiert das.&nbsp;<\/p>\n<p align=\"justify\">Unsere Auf\u00adgabe ist es das Klein\u00adgarten\u00adwe\u00adsen zu bewahren. Wir w\u00fcn\u00adschen uns P\u00e4chter, die sich mit Engage\u00adment und Liebe zum Klein\u00adgarten\u00adwe\u00adsen in unserem sch\u00f6\u00adnen Klein\u00adgarten\u00advere\u00adin Leipzig-Sell\u00ader\u00adhausen e.V. ein\u00adbrin\u00adgen. Wir suchen P\u00e4chter, die sich unab\u00adh\u00e4ngig vom Alter, den eige\u00adnen Inter\u00adessen oder aber per\u00ads\u00f6n\u00adlich\u00ader Ansicht\u00aden untere\u00adinan\u00adder helfen und unter\u00adst\u00fctzen, um unsere eingeschworene Gemein\u00adschaft noch ein St\u00fcck lebenswert\u00ader zu gestal\u00adten. Wir sind v\u00f6l\u00adlig unpolitsch und offen f\u00fcr neue Ideen. Bei uns geht es nicht gegeneinan\u00adder, son\u00addern nur miteinan\u00adder.<\/p>\n\n<div class=\"wp-block-group\"><div class=\"wp-block-group__inner-container is-layout-constrained wp-block-group-is-layout-constrained\">\n<p align=\"justify\">Seid lieb gegr\u00fc\u00dft von uns \ud83d\ude42 Dein Vor\u00adstand<\/p>\n<\/div><\/div>\n\t\t\t\t\t\t\t\t<\/div>\n\t\t\t\t<\/div>\n\t\t\t\t\t<\/div>\n\t\t\t\t<\/div>\n\t\t\t\t<\/div>\n\t\t","protected":false},"excerpt":{"rendered":"<p>Liebe Besuchende, Bekan\u00adnte, Gartenfreund*innen, her\u00adzlich willkom\u00admen in unserem sch\u00f6\u00adnen Klein\u00adgarten\u00advere\u00adin Leipzig-Sel\u00adl\u00ad\u00ader\u00adhausen e.V. Wie Du vielle\u00adicht bere\u00adits bemerkst hast, befind\u00adet sich diese Seite ger\u00adade im Auf\u00adbau. Wir wer\u00adden nach und nach die Inhalte dieser Seite erweit\u00adern und w\u00fcr\u00adden uns freuen, wenn Du uns als\u00adbald wieder besuchst. In unserem Vere\u00adin ist grund\u00ads\u00e4t\u00adzlich jed\u00ader willkom\u00admen. Wir sind ein Vere\u00adin aus P\u00e4chtern unter\u00adschiedlichen Alters<\/p>\n","protected":false},"author":1,"featured_media":0,"parent":0,"menu_order":1,"comment_status":"closed","ping_status":"closed","template":"","meta":{"wp_typography_post_enhancements_disabled":false,"ngg_post_thumbnail":0,"footnotes":""},"class_list":["post-5","page","type-page","status-publish","hentry"],"yoast_head":"<!-- This site is optimized with the Yoast SEO plugin v27.5 - https:\/\/yoast.com\/product\/yoast-seo-wordpress\/ -->\n<title>Herzlich Willkommen - Kleingartenverein Leipzig-Sellerhausen e.V. - Verbundenheit seit 1896<\/title>\n<meta name=\"description\" content=\"Herzlich Willkommen auf unserer Homepage im wundersch\u00f6nen Kleingartenverein Leipzig-Sellerhausen e.V. - Verbundenheit seit 1896\" \/>\n<meta name=\"robots\" content=\"index, follow, max-snippet:-1, max-image-preview:large, max-video-preview:-1\" \/>\n<link rel=\"canonical\" href=\"https:\/\/kgv-sellerhausen.de\/\" \/>\n<meta property=\"og:locale\" content=\"de_DE\" \/>\n<meta property=\"og:type\" content=\"article\" \/>\n<meta property=\"og:title\" content=\"Herzlich Willkommen - Kleingartenverein Leipzig-Sellerhausen e.V. - Verbundenheit seit 1896\" \/>\n<meta property=\"og:description\" content=\"Herzlich Willkommen auf unserer Homepage im wundersch\u00f6nen Kleingartenverein Leipzig-Sellerhausen e.V. - Verbundenheit seit 1896\" \/>\n<meta property=\"og:url\" content=\"https:\/\/kgv-sellerhausen.de\/\" \/>\n<meta property=\"og:site_name\" content=\"Kleingartenverein Leipzig-Sellerhausen e.V. - Verbundenheit seit 1896\" \/>\n<meta property=\"article:publisher\" content=\"https:\/\/facebook.com\/yoast\" \/>\n<meta property=\"article:modified_time\" content=\"2025-12-27T13:47:19+00:00\" \/>\n<meta name=\"twitter:card\" content=\"summary_large_image\" \/>\n<meta name=\"twitter:label1\" content=\"Gesch\u00e4tzte Lesezeit\" \/>\n\t<meta name=\"twitter:data1\" content=\"1\u00a0Minute\" \/>\n<script type=\"application\/ld+json\" class=\"yoast-schema-graph\">{\"@context\":\"https:\\\/\\\/schema.org\",\"@graph\":[{\"@type\":\"WebPage\",\"@id\":\"https:\\\/\\\/kgv-sellerhausen.de\\\/\",\"url\":\"https:\\\/\\\/kgv-sellerhausen.de\\\/\",\"name\":\"Herzlich Willkommen - Kleingartenverein Leipzig-Sellerhausen e.V. - Verbundenheit seit 1896\",\"isPartOf\":{\"@id\":\"https:\\\/\\\/kgv-sellerhausen.de\\\/#website\"},\"datePublished\":\"2024-05-10T08:44:08+00:00\",\"dateModified\":\"2025-12-27T13:47:19+00:00\",\"description\":\"Herzlich Willkommen auf unserer Homepage im wundersch\u00f6nen Kleingartenverein Leipzig-Sellerhausen e.V. - Verbundenheit seit 1896\",\"breadcrumb\":{\"@id\":\"https:\\\/\\\/kgv-sellerhausen.de\\\/#breadcrumb\"},\"inLanguage\":\"de\",\"potentialAction\":[{\"@type\":\"ReadAction\",\"target\":[\"https:\\\/\\\/kgv-sellerhausen.de\\\/\"]}]},{\"@type\":\"BreadcrumbList\",\"@id\":\"https:\\\/\\\/kgv-sellerhausen.de\\\/#breadcrumb\",\"itemListElement\":[{\"@type\":\"ListItem\",\"position\":1,\"name\":\"Startseite\",\"item\":\"https:\\\/\\\/kgv-sellerhausen.de\\\/\"},{\"@type\":\"ListItem\",\"position\":2,\"name\":\"Herzlich Willkommen\"}]},{\"@type\":\"WebSite\",\"@id\":\"https:\\\/\\\/kgv-sellerhausen.de\\\/#website\",\"url\":\"https:\\\/\\\/kgv-sellerhausen.de\\\/\",\"name\":\"Kleingartenverein Leipzig-Sellerhausen e.V. - Verbundenheit seit 1896\",\"description\":\"Wilkommen auf der Homepage des Kleingartenvereins Leipzig-Sellerhausen e.V.\",\"publisher\":{\"@id\":\"https:\\\/\\\/kgv-sellerhausen.de\\\/#organization\"},\"potentialAction\":[{\"@type\":\"SearchAction\",\"target\":{\"@type\":\"EntryPoint\",\"urlTemplate\":\"https:\\\/\\\/kgv-sellerhausen.de\\\/?s={search_term_string}\"},\"query-input\":{\"@type\":\"PropertyValueSpecification\",\"valueRequired\":true,\"valueName\":\"search_term_string\"}}],\"inLanguage\":\"de\"},{\"@type\":\"Organization\",\"@id\":\"https:\\\/\\\/kgv-sellerhausen.de\\\/#organization\",\"name\":\"Kleingartenverein Leipzig-Sellerhausen e.V.\",\"url\":\"https:\\\/\\\/kgv-sellerhausen.de\\\/\",\"logo\":{\"@type\":\"ImageObject\",\"inLanguage\":\"de\",\"@id\":\"https:\\\/\\\/kgv-sellerhausen.de\\\/#\\\/schema\\\/logo\\\/image\\\/\",\"url\":\"https:\\\/\\\/kgv-sellerhausen.de\\\/wp-content\\\/uploads\\\/2024\\\/05\\\/Leipzig-Sellerhausen-orrn7waee5jolxaot3h4nm08huu6cgwh2w5vb4fxio-7.jpg\",\"contentUrl\":\"https:\\\/\\\/kgv-sellerhausen.de\\\/wp-content\\\/uploads\\\/2024\\\/05\\\/Leipzig-Sellerhausen-orrn7waee5jolxaot3h4nm08huu6cgwh2w5vb4fxio-7.jpg\",\"width\":1024,\"height\":600,\"caption\":\"Kleingartenverein Leipzig-Sellerhausen e.V.\"},\"image\":{\"@id\":\"https:\\\/\\\/kgv-sellerhausen.de\\\/#\\\/schema\\\/logo\\\/image\\\/\"},\"sameAs\":[\"https:\\\/\\\/facebook.com\\\/yoast\"]}]}<\/script>\n<!-- \/ Yoast SEO plugin. -->","yoast_head_json":{"title":"Herzlich Willkommen - Kleingartenverein Leipzig-Sellerhausen e.V. - Verbundenheit seit 1896","description":"Herzlich Willkommen auf unserer Homepage im wundersch\u00f6nen Kleingartenverein Leipzig-Sellerhausen e.V. - Verbundenheit seit 1896","robots":{"index":"index","follow":"follow","max-snippet":"max-snippet:-1","max-image-preview":"max-image-preview:large","max-video-preview":"max-video-preview:-1"},"canonical":"https:\/\/kgv-sellerhausen.de\/","og_locale":"de_DE","og_type":"article","og_title":"Herzlich Willkommen - Kleingartenverein Leipzig-Sellerhausen e.V. - Verbundenheit seit 1896","og_description":"Herzlich Willkommen auf unserer Homepage im wundersch\u00f6nen Kleingartenverein Leipzig-Sellerhausen e.V. - Verbundenheit seit 1896","og_url":"https:\/\/kgv-sellerhausen.de\/","og_site_name":"Kleingartenverein Leipzig-Sellerhausen e.V. - Verbundenheit seit 1896","article_publisher":"https:\/\/facebook.com\/yoast","article_modified_time":"2025-12-27T13:47:19+00:00","twitter_card":"summary_large_image","twitter_misc":{"Gesch\u00e4tzte Lesezeit":"1\u00a0Minute"},"schema":{"@context":"https:\/\/schema.org","@graph":[{"@type":"WebPage","@id":"https:\/\/kgv-sellerhausen.de\/","url":"https:\/\/kgv-sellerhausen.de\/","name":"Herzlich Willkommen - Kleingartenverein Leipzig-Sellerhausen e.V. - Verbundenheit seit 1896","isPartOf":{"@id":"https:\/\/kgv-sellerhausen.de\/#website"},"datePublished":"2024-05-10T08:44:08+00:00","dateModified":"2025-12-27T13:47:19+00:00","description":"Herzlich Willkommen auf unserer Homepage im wundersch\u00f6nen Kleingartenverein Leipzig-Sellerhausen e.V. - Verbundenheit seit 1896","breadcrumb":{"@id":"https:\/\/kgv-sellerhausen.de\/#breadcrumb"},"inLanguage":"de","potentialAction":[{"@type":"ReadAction","target":["https:\/\/kgv-sellerhausen.de\/"]}]},{"@type":"BreadcrumbList","@id":"https:\/\/kgv-sellerhausen.de\/#breadcrumb","itemListElement":[{"@type":"ListItem","position":1,"name":"Startseite","item":"https:\/\/kgv-sellerhausen.de\/"},{"@type":"ListItem","position":2,"name":"Herzlich Willkommen"}]},{"@type":"WebSite","@id":"https:\/\/kgv-sellerhausen.de\/#website","url":"https:\/\/kgv-sellerhausen.de\/","name":"Kleingartenverein Leipzig-Sellerhausen e.V. - Verbundenheit seit 1896","description":"Wilkommen auf der Homepage des Kleingartenvereins Leipzig-Sellerhausen e.V.","publisher":{"@id":"https:\/\/kgv-sellerhausen.de\/#organization"},"potentialAction":[{"@type":"SearchAction","target":{"@type":"EntryPoint","urlTemplate":"https:\/\/kgv-sellerhausen.de\/?s={search_term_string}"},"query-input":{"@type":"PropertyValueSpecification","valueRequired":true,"valueName":"search_term_string"}}],"inLanguage":"de"},{"@type":"Organization","@id":"https:\/\/kgv-sellerhausen.de\/#organization","name":"Kleingartenverein Leipzig-Sellerhausen e.V.","url":"https:\/\/kgv-sellerhausen.de\/","logo":{"@type":"ImageObject","inLanguage":"de","@id":"https:\/\/kgv-sellerhausen.de\/#\/schema\/logo\/image\/","url":"https:\/\/kgv-sellerhausen.de\/wp-content\/uploads\/2024\/05\/Leipzig-Sellerhausen-orrn7waee5jolxaot3h4nm08huu6cgwh2w5vb4fxio-7.jpg","contentUrl":"https:\/\/kgv-sellerhausen.de\/wp-content\/uploads\/2024\/05\/Leipzig-Sellerhausen-orrn7waee5jolxaot3h4nm08huu6cgwh2w5vb4fxio-7.jpg","width":1024,"height":600,"caption":"Kleingartenverein Leipzig-Sellerhausen e.V."},"image":{"@id":"https:\/\/kgv-sellerhausen.de\/#\/schema\/logo\/image\/"},"sameAs":["https:\/\/facebook.com\/yoast"]}]}},"_links":{"self":[{"href":"https:\/\/kgv-sellerhausen.de\/index.php?rest_route=\/wp\/v2\/pages\/5","targetHints":{"allow":["GET"]}}],"collection":[{"href":"https:\/\/kgv-sellerhausen.de\/index.php?rest_route=\/wp\/v2\/pages"}],"about":[{"href":"https:\/\/kgv-sellerhausen.de\/index.php?rest_route=\/wp\/v2\/types\/page"}],"author":[{"embeddable":true,"href":"https:\/\/kgv-sellerhausen.de\/index.php?rest_route=\/wp\/v2\/users\/1"}],"replies":[{"embeddable":true,"href":"https:\/\/kgv-sellerhausen.de\/index.php?rest_route=%2Fwp%2Fv2%2Fcomments&post=5"}],"version-history":[{"count":27,"href":"https:\/\/kgv-sellerhausen.de\/index.php?rest_route=\/wp\/v2\/pages\/5\/revisions"}],"predecessor-version":[{"id":1861,"href":"https:\/\/kgv-sellerhausen.de\/index.php?rest_route=\/wp\/v2\/pages\/5\/revisions\/1861"}],"wp:attachment":[{"href":"https:\/\/kgv-sellerhausen.de\/index.php?rest_route=%2Fwp%2Fv2%2Fmedia&parent=5"}],"curies":[{"name":"wp","href":"https:\/\/api.w.org\/{rel}","templated":true}]}}